{"id":10096,"date":"2025-12-12T13:47:38","date_gmt":"2025-12-12T16:47:38","guid":{"rendered":"https:\/\/amplitudmodulada.com.ar\/?page_id=10096"},"modified":"2025-12-12T15:43:37","modified_gmt":"2025-12-12T18:43:37","slug":"noticia14063","status":"publish","type":"page","link":"https:\/\/amplitudmodulada.com.ar\/index.php\/noticia14063\/","title":{"rendered":"Se recorta el horario del programa &#8220;L\u00f3pez 910&#8221;"},"content":{"rendered":"\n<figure class=\"wp-block-image size-full\"><img loading=\"lazy\" decoding=\"async\" width=\"174\" height=\"70\" src=\"http:\/\/amplitudmodulada.com.ar\/wp-content\/uploads\/2024\/07\/910-e1721926290452.png\" alt=\"\" class=\"wp-image-2752\"\/><\/figure>\n\n\n\n<p>Seg\u00fan destaca este martes 2 de diciembre el diario La Naci\u00f3n, el programa &#8220;L\u00f3pez 910&#8221;, que conduce Gustavo L\u00f3pez en LR5 Radio La Red, sufrir\u00e1 un recorte de horario a partir de febrero de 2026 y saldr\u00e1 al aire de lunes a viernes de 12.00 a 14.00 horas.<\/p>\n\n\n\n<p>De acuerdo a lo publicado por el matutino, el recorte se concretar\u00eda a pedido del propio periodista, que actualmente est\u00e1 a cargo de la franja horario comprendida entre las 10.00 y las 14.00.<\/p>\n\n\n\n<p>Hasta tanto se lleve a cabo el cambio de horario, Radio La Red est\u00e1 en la b\u00fasqueda de un conductor de perfil deportivo para el horario de 9.00 a 12.00.<\/p>\n\n\n\n<p>El a\u00f1o pr\u00f3ximo ser\u00e1 muy importante no solo para Radio La Red, sino para aquellas radios que hacen transmisiones de f\u00fatbol ya que del 11 de junio al 19 de julio se disputar\u00e1 el Mundial.<\/p>\n\n\n\n<p>Fuente: <a href=\"http:\/\/www.lanacion.com.ar\" data-type=\"link\" data-id=\"www.lanacion.com.ar\" target=\"_blank\" rel=\"noreferrer noopener\">www.lanacion.com.ar<\/a> | Ciudad Aut\u00f3noma de Buenos Aires | 02.12.25<\/p>\n","protected":false},"excerpt":{"rendered":"<p>Seg\u00fan destaca este martes 2 de diciembre el diario La Naci\u00f3n, el programa &#8220;L\u00f3pez 910&#8221;, que conduce Gustavo L\u00f3pez en LR5 Radio La Red, sufrir\u00e1 un recorte de horario a partir de febrero de 2026 y saldr\u00e1 al aire de lunes a viernes de 12.00 a 14.00 horas. De acuerdo a lo publicado por el &hellip; <a href=\"https:\/\/amplitudmodulada.com.ar\/index.php\/noticia14063\/\" class=\"more-link\">Continu\u00e1 leyendo <span class=\"screen-reader-text\">Se recorta el horario del programa &#8220;L\u00f3pez 910&#8221;<\/span><\/a><\/p>\n","protected":false},"author":1,"featured_media":0,"parent":0,"menu_order":0,"comment_status":"closed","ping_status":"closed","template":"","meta":{"footnotes":""},"class_list":["post-10096","page","type-page","status-publish","hentry"],"_links":{"self":[{"href":"https:\/\/amplitudmodulada.com.ar\/index.php\/wp-json\/wp\/v2\/pages\/10096","targetHints":{"allow":["GET"]}}],"collection":[{"href":"https:\/\/amplitudmodulada.com.ar\/index.php\/wp-json\/wp\/v2\/pages"}],"about":[{"href":"https:\/\/amplitudmodulada.com.ar\/index.php\/wp-json\/wp\/v2\/types\/page"}],"author":[{"embeddable":true,"href":"https:\/\/amplitudmodulada.com.ar\/index.php\/wp-json\/wp\/v2\/users\/1"}],"replies":[{"embeddable":true,"href":"https:\/\/amplitudmodulada.com.ar\/index.php\/wp-json\/wp\/v2\/comments?post=10096"}],"version-history":[{"count":3,"href":"https:\/\/amplitudmodulada.com.ar\/index.php\/wp-json\/wp\/v2\/pages\/10096\/revisions"}],"predecessor-version":[{"id":10101,"href":"https:\/\/amplitudmodulada.com.ar\/index.php\/wp-json\/wp\/v2\/pages\/10096\/revisions\/10101"}],"wp:attachment":[{"href":"https:\/\/amplitudmodulada.com.ar\/index.php\/wp-json\/wp\/v2\/media?parent=10096"}],"curies":[{"name":"wp","href":"https:\/\/api.w.org\/{rel}","templated":true}]}}