{"id":10151,"date":"2025-12-14T19:28:16","date_gmt":"2025-12-14T22:28:16","guid":{"rendered":"https:\/\/amplitudmodulada.com.ar\/?page_id=10151"},"modified":"2025-12-14T19:33:39","modified_gmt":"2025-12-14T22:33:39","slug":"noticia14071","status":"publish","type":"page","link":"https:\/\/amplitudmodulada.com.ar\/index.php\/noticia14071\/","title":{"rendered":"Radio Mitre lidera las mediciones de audiencia con el 29,47% de share"},"content":{"rendered":"\n<figure class=\"wp-block-image size-large is-resized\"><img loading=\"lazy\" decoding=\"async\" width=\"1024\" height=\"532\" src=\"http:\/\/amplitudmodulada.com.ar\/wp-content\/uploads\/2024\/01\/790-1024x532.png\" alt=\"\" class=\"wp-image-268\" style=\"width:150px;height:auto\"\/><\/figure>\n\n\n\n<p>De acuerdo a las \u00faltimas mediciones de audiencia realizadas por Kantar Ibope Media, correspondientes al trimestre comprendido entre septiembre y noviembre de este a\u00f1o, LR6 Radio Mitre es la emisora de Amplitud Modulada m\u00e1s escuchada con el 29,47% de share.<\/p>\n\n\n\n<p>Seg\u00fan el mismo estudio, el segundo lugar lo ocupa LRL202 Radio 10, con el 17,12% de share.<\/p>\n\n\n\n<p>M\u00e1s atr\u00e1s se ubican LR5 Radio La Red, con el 14,26%, LS5 Radio Rivadavia, con el 12,01%, LR1 El Destape Radio, con el 9,36%, LS4 Radio Continental, con el 4,77%, LRL203 AM 750, con el 4,48%, LRA1 Radio Nacional Buenos Aires, con el 4,18%, y LR4 Radio Splendid, con el 1,47% de share.<\/p>\n\n\n\n<p>Entre las emisoras de Frecuencia Modulada, el primer lugar lo ocupa La 100 y m\u00e1s atr\u00e1s se ubican FM Aspen, Radio Disney, Rock &amp; Pop, Pop, Mega y Urbana Play.<\/p>\n\n\n\n<p>09.12.25<\/p>\n","protected":false},"excerpt":{"rendered":"<p>De acuerdo a las \u00faltimas mediciones de audiencia realizadas por Kantar Ibope Media, correspondientes al trimestre comprendido entre septiembre y noviembre de este a\u00f1o, LR6 Radio Mitre es la emisora de Amplitud Modulada m\u00e1s escuchada con el 29,47% de share. Seg\u00fan el mismo estudio, el segundo lugar lo ocupa LRL202 Radio 10, con el 17,12% &hellip; <a href=\"https:\/\/amplitudmodulada.com.ar\/index.php\/noticia14071\/\" class=\"more-link\">Continu\u00e1 leyendo <span class=\"screen-reader-text\">Radio Mitre lidera las mediciones de audiencia con el 29,47% de share<\/span><\/a><\/p>\n","protected":false},"author":1,"featured_media":0,"parent":0,"menu_order":0,"comment_status":"closed","ping_status":"closed","template":"","meta":{"footnotes":""},"class_list":["post-10151","page","type-page","status-publish","hentry"],"_links":{"self":[{"href":"https:\/\/amplitudmodulada.com.ar\/index.php\/wp-json\/wp\/v2\/pages\/10151","targetHints":{"allow":["GET"]}}],"collection":[{"href":"https:\/\/amplitudmodulada.com.ar\/index.php\/wp-json\/wp\/v2\/pages"}],"about":[{"href":"https:\/\/amplitudmodulada.com.ar\/index.php\/wp-json\/wp\/v2\/types\/page"}],"author":[{"embeddable":true,"href":"https:\/\/amplitudmodulada.com.ar\/index.php\/wp-json\/wp\/v2\/users\/1"}],"replies":[{"embeddable":true,"href":"https:\/\/amplitudmodulada.com.ar\/index.php\/wp-json\/wp\/v2\/comments?post=10151"}],"version-history":[{"count":2,"href":"https:\/\/amplitudmodulada.com.ar\/index.php\/wp-json\/wp\/v2\/pages\/10151\/revisions"}],"predecessor-version":[{"id":10154,"href":"https:\/\/amplitudmodulada.com.ar\/index.php\/wp-json\/wp\/v2\/pages\/10151\/revisions\/10154"}],"wp:attachment":[{"href":"https:\/\/amplitudmodulada.com.ar\/index.php\/wp-json\/wp\/v2\/media?parent=10151"}],"curies":[{"name":"wp","href":"https:\/\/api.w.org\/{rel}","templated":true}]}}