{"id":10202,"date":"2025-12-19T20:35:04","date_gmt":"2025-12-19T23:35:04","guid":{"rendered":"https:\/\/amplitudmodulada.com.ar\/?page_id=10202"},"modified":"2025-12-19T20:49:29","modified_gmt":"2025-12-19T23:49:29","slug":"noticia14074","status":"publish","type":"page","link":"https:\/\/amplitudmodulada.com.ar\/index.php\/noticia14074\/","title":{"rendered":"Rechazan el posible traslado de la planta transmisora de la emisora de LRA9 Radio Nacional Esquel"},"content":{"rendered":"\n<figure class=\"wp-block-image size-full\"><img loading=\"lazy\" decoding=\"async\" width=\"110\" height=\"110\" src=\"http:\/\/amplitudmodulada.com.ar\/wp-content\/uploads\/2024\/10\/LRA-e1728000015658.jpg\" alt=\"\" class=\"wp-image-4179\"\/><\/figure>\n\n\n\n<p>Trabajadores de LRA9 Radio Nacional Esquel manifestaron su &#8220;profunda preocupaci\u00f3n y rechazo&#8221; a los planes de traslado de la planta transmisora de esa emisora.<\/p>\n\n\n\n<p>As\u00ed se manifestaron tras darse a conocer la posible firma del acta de intenci\u00f3n entre el municipio de Esquel y la Agencia de Administraci\u00f3n de Bienes del Estado, vinculada a la venta del terrreno donde actualmente funciona la planta transmisora de Radio Nacional Esquel.<\/p>\n\n\n\n<p>En ese sentido, los trabajadores de la emisora consideraron indispensable que cualquier decisi\u00f3n que involucre los terrenos, la infraestructura y las condiciones operativas de Radio Nacional, contemple la continuidad ininterrumpida de las transmisiones radiales como lo establece el Ente Nacional de Comunicaciones (ENACOM).<\/p>\n\n\n\n<p>En el mencionado terreno, explicaron, est\u00e1n instaladas la planta transmisora, la antena de transmisi\u00f3n de Amplitud Modulada, elementos esenciales para la operaci\u00f3n del servicio de radiodofusi\u00f3n de la emisora conjuntamente con el personal t\u00e9cnico que atiende y asegura profesionalmente las necesidades de la misma.<\/p>\n\n\n\n<p>En ese marco, los trabajadores solicitan que se garantice en el contrato de compra venta, en caso de concretarse, la continuidad del aire durante y despu\u00e9s de una eventual reubicaci\u00f3n de la antena transmisora y que se respeten las condiciones t\u00e9cnicas actuales y la accesibilidad necesaria para el normal funcionamiento de la emisora.<\/p>\n\n\n\n<p>&#8220;Nuestra prioridad es que Radio Nacional Esquel contin\u00fae cumpliendo con su funci\u00f3n de ofrecer un servicio federal, accesible y de calidad para toda la comunidad, garantizando el derecho a la comunicaci\u00f3n e informaci\u00f3n de nuestra audiencia&#8221;, aseguraron.<\/p>\n\n\n\n<p>Fuente: <a href=\"http:\/\/www.diariojornada.com.ar\" data-type=\"link\" data-id=\"www.diariojornada.com.ar\" target=\"_blank\" rel=\"noreferrer noopener\">www.diariojornada.com.ar<\/a> | Esquel &#8211; Chubut | 11.12.25<\/p>\n\n\n\n<p><\/p>\n","protected":false},"excerpt":{"rendered":"<p>Trabajadores de LRA9 Radio Nacional Esquel manifestaron su &#8220;profunda preocupaci\u00f3n y rechazo&#8221; a los planes de traslado de la planta transmisora de esa emisora. As\u00ed se manifestaron tras darse a conocer la posible firma del acta de intenci\u00f3n entre el municipio de Esquel y la Agencia de Administraci\u00f3n de Bienes del Estado, vinculada a la &hellip; <a href=\"https:\/\/amplitudmodulada.com.ar\/index.php\/noticia14074\/\" class=\"more-link\">Continu\u00e1 leyendo <span class=\"screen-reader-text\">Rechazan el posible traslado de la planta transmisora de la emisora de LRA9 Radio Nacional Esquel<\/span><\/a><\/p>\n","protected":false},"author":1,"featured_media":0,"parent":0,"menu_order":0,"comment_status":"closed","ping_status":"closed","template":"","meta":{"footnotes":""},"class_list":["post-10202","page","type-page","status-publish","hentry"],"_links":{"self":[{"href":"https:\/\/amplitudmodulada.com.ar\/index.php\/wp-json\/wp\/v2\/pages\/10202","targetHints":{"allow":["GET"]}}],"collection":[{"href":"https:\/\/amplitudmodulada.com.ar\/index.php\/wp-json\/wp\/v2\/pages"}],"about":[{"href":"https:\/\/amplitudmodulada.com.ar\/index.php\/wp-json\/wp\/v2\/types\/page"}],"author":[{"embeddable":true,"href":"https:\/\/amplitudmodulada.com.ar\/index.php\/wp-json\/wp\/v2\/users\/1"}],"replies":[{"embeddable":true,"href":"https:\/\/amplitudmodulada.com.ar\/index.php\/wp-json\/wp\/v2\/comments?post=10202"}],"version-history":[{"count":4,"href":"https:\/\/amplitudmodulada.com.ar\/index.php\/wp-json\/wp\/v2\/pages\/10202\/revisions"}],"predecessor-version":[{"id":10210,"href":"https:\/\/amplitudmodulada.com.ar\/index.php\/wp-json\/wp\/v2\/pages\/10202\/revisions\/10210"}],"wp:attachment":[{"href":"https:\/\/amplitudmodulada.com.ar\/index.php\/wp-json\/wp\/v2\/media?parent=10202"}],"curies":[{"name":"wp","href":"https:\/\/api.w.org\/{rel}","templated":true}]}}