{"id":10212,"date":"2025-12-19T20:53:14","date_gmt":"2025-12-19T23:53:14","guid":{"rendered":"https:\/\/amplitudmodulada.com.ar\/?page_id=10212"},"modified":"2025-12-19T21:03:07","modified_gmt":"2025-12-20T00:03:07","slug":"noticia14075","status":"publish","type":"page","link":"https:\/\/amplitudmodulada.com.ar\/index.php\/noticia14075\/","title":{"rendered":"LT9 Radio Brigadier L\u00f3pez inicia la etapa final de la Campa\u00f1a del Juguete"},"content":{"rendered":"\n<figure class=\"wp-block-image size-full\"><img loading=\"lazy\" decoding=\"async\" width=\"149\" height=\"70\" src=\"http:\/\/amplitudmodulada.com.ar\/wp-content\/uploads\/2024\/01\/LT9-e1705336927133.png\" alt=\"\" class=\"wp-image-286\"\/><\/figure>\n\n\n\n<p>En el marco de una nueva edici\u00f3n de la Campa\u00f1a del Juguete, Marisa Gallina, directora de LT9 Radio Brigadier L\u00f3pez, confirm\u00f3 que m\u00e1s de veinte organizaciones se inscribieron para recibir donaciones y que el mi\u00e9rcoles 17 de diciembre comenzar\u00e1 la distribuci\u00f3n en distintos barrios.<\/p>\n\n\n\n<p>&#8220;Sabemos que son momentos complicados, pero todos los chicos merecen recibir un juguete para esta Navidad&#8221;, afirm\u00f3 la directiva.<\/p>\n\n\n\n<p>En ese sentido, explic\u00f3 que la campa\u00f1a logr\u00f3 una gran respuesta del p\u00fablico y destac\u00f3 el compromiso de quienes se acercaron a donar.<\/p>\n\n\n\n<p>Marisa Gallina subray\u00f3 que el reparto es uno de los momentos m\u00e1s especiales, ya que &#8220;es un acto maravilloso ver la sonrisa en los ni\u00f1os y ni\u00f1as esperando el regalo de Pap\u00e1 Noel&#8221;.<\/p>\n\n\n\n<p>Los juguetes nuevos o en buen estado se reciben de lunes a viernes de 9.00 a 17.00 horas en la sede de la emisora, 4 de Enero 2153.<\/p>\n\n\n\n<p>Fuente: <a href=\"http:\/\/www.lt9.com.ar\" data-type=\"link\" data-id=\"www.lt9.com.ar\" target=\"_blank\" rel=\"noreferrer noopener\">www.lt9.com.ar<\/a> | Santa Fe &#8211; Santa Fe | 11.12.25<\/p>\n\n\n\n<p><\/p>\n","protected":false},"excerpt":{"rendered":"<p>En el marco de una nueva edici\u00f3n de la Campa\u00f1a del Juguete, Marisa Gallina, directora de LT9 Radio Brigadier L\u00f3pez, confirm\u00f3 que m\u00e1s de veinte organizaciones se inscribieron para recibir donaciones y que el mi\u00e9rcoles 17 de diciembre comenzar\u00e1 la distribuci\u00f3n en distintos barrios. &#8220;Sabemos que son momentos complicados, pero todos los chicos merecen recibir &hellip; <a href=\"https:\/\/amplitudmodulada.com.ar\/index.php\/noticia14075\/\" class=\"more-link\">Continu\u00e1 leyendo <span class=\"screen-reader-text\">LT9 Radio Brigadier L\u00f3pez inicia la etapa final de la Campa\u00f1a del Juguete<\/span><\/a><\/p>\n","protected":false},"author":1,"featured_media":0,"parent":0,"menu_order":0,"comment_status":"closed","ping_status":"closed","template":"","meta":{"footnotes":""},"class_list":["post-10212","page","type-page","status-publish","hentry"],"_links":{"self":[{"href":"https:\/\/amplitudmodulada.com.ar\/index.php\/wp-json\/wp\/v2\/pages\/10212","targetHints":{"allow":["GET"]}}],"collection":[{"href":"https:\/\/amplitudmodulada.com.ar\/index.php\/wp-json\/wp\/v2\/pages"}],"about":[{"href":"https:\/\/amplitudmodulada.com.ar\/index.php\/wp-json\/wp\/v2\/types\/page"}],"author":[{"embeddable":true,"href":"https:\/\/amplitudmodulada.com.ar\/index.php\/wp-json\/wp\/v2\/users\/1"}],"replies":[{"embeddable":true,"href":"https:\/\/amplitudmodulada.com.ar\/index.php\/wp-json\/wp\/v2\/comments?post=10212"}],"version-history":[{"count":3,"href":"https:\/\/amplitudmodulada.com.ar\/index.php\/wp-json\/wp\/v2\/pages\/10212\/revisions"}],"predecessor-version":[{"id":10216,"href":"https:\/\/amplitudmodulada.com.ar\/index.php\/wp-json\/wp\/v2\/pages\/10212\/revisions\/10216"}],"wp:attachment":[{"href":"https:\/\/amplitudmodulada.com.ar\/index.php\/wp-json\/wp\/v2\/media?parent=10212"}],"curies":[{"name":"wp","href":"https:\/\/api.w.org\/{rel}","templated":true}]}}