{"id":10219,"date":"2025-12-19T22:05:35","date_gmt":"2025-12-20T01:05:35","guid":{"rendered":"https:\/\/amplitudmodulada.com.ar\/?page_id=10219"},"modified":"2025-12-19T22:12:23","modified_gmt":"2025-12-20T01:12:23","slug":"noticia14076","status":"publish","type":"page","link":"https:\/\/amplitudmodulada.com.ar\/index.php\/noticia14076\/","title":{"rendered":"Jorge Rial se despidi\u00f3 este jueves de Radio 10"},"content":{"rendered":"\n<figure class=\"wp-block-image size-full\"><img loading=\"lazy\" decoding=\"async\" width=\"126\" height=\"80\" src=\"http:\/\/amplitudmodulada.com.ar\/wp-content\/uploads\/2024\/01\/710-e1704587121920.png\" alt=\"\" class=\"wp-image-122\"\/><\/figure>\n\n\n\n<p>Luego de cuatro a\u00f1os en la emisora, el periodista y conductor de radio y televisi\u00f3n Jorge Rial se despidi\u00f3 este jueves 11 de diciembre de LRL202 Radio 10.<\/p>\n\n\n\n<p>&#8220;Me estoy despidiendo de la radio muy agradecido, porque fue mi vuelta despu\u00e9s de un mal momento personal y ac\u00e1 confiaron en m\u00ed&#8221;, expres\u00f3 el conductor del programa &#8220;Argenzuela&#8221;.<\/p>\n\n\n\n<p>En ese sentido, record\u00f3 que &#8220;para la gente yo era un bicho radio en esta radio&#8221;, aunque &#8220;finalmente, me terminaron adoptando y nos terminamos encari\u00f1ando&#8221;.<\/p>\n\n\n\n<p>&#8220;Me voy por una cuesti\u00f3n personal: todos, en alg\u00fan momento, tenemos que tomar la decisi\u00f3n de priorizarnos y yo tom\u00e9 esa decisi\u00f3n&#8221;, explic\u00f3.<\/p>\n\n\n\n<p>Por \u00faltimo, Jorge Rial dialog\u00f3 con Pablo Duggan, quien regresar\u00e1 a la franja horaria de 10.00 a 12.00 para tomar su lugar.<\/p>\n\n\n\n<p>Fuente: <a href=\"http:\/\/www.perfil.com\" data-type=\"link\" data-id=\"www.perfil.com\" target=\"_blank\" rel=\"noreferrer noopener\">www.perfil.com<\/a> | Ciudad Aut\u00f3noma de Buenos Aires | 11.12.25<\/p>\n","protected":false},"excerpt":{"rendered":"<p>Luego de cuatro a\u00f1os en la emisora, el periodista y conductor de radio y televisi\u00f3n Jorge Rial se despidi\u00f3 este jueves 11 de diciembre de LRL202 Radio 10. &#8220;Me estoy despidiendo de la radio muy agradecido, porque fue mi vuelta despu\u00e9s de un mal momento personal y ac\u00e1 confiaron en m\u00ed&#8221;, expres\u00f3 el conductor del &hellip; <a href=\"https:\/\/amplitudmodulada.com.ar\/index.php\/noticia14076\/\" class=\"more-link\">Continu\u00e1 leyendo <span class=\"screen-reader-text\">Jorge Rial se despidi\u00f3 este jueves de Radio 10<\/span><\/a><\/p>\n","protected":false},"author":1,"featured_media":0,"parent":0,"menu_order":0,"comment_status":"closed","ping_status":"closed","template":"","meta":{"footnotes":""},"class_list":["post-10219","page","type-page","status-publish","hentry"],"_links":{"self":[{"href":"https:\/\/amplitudmodulada.com.ar\/index.php\/wp-json\/wp\/v2\/pages\/10219","targetHints":{"allow":["GET"]}}],"collection":[{"href":"https:\/\/amplitudmodulada.com.ar\/index.php\/wp-json\/wp\/v2\/pages"}],"about":[{"href":"https:\/\/amplitudmodulada.com.ar\/index.php\/wp-json\/wp\/v2\/types\/page"}],"author":[{"embeddable":true,"href":"https:\/\/amplitudmodulada.com.ar\/index.php\/wp-json\/wp\/v2\/users\/1"}],"replies":[{"embeddable":true,"href":"https:\/\/amplitudmodulada.com.ar\/index.php\/wp-json\/wp\/v2\/comments?post=10219"}],"version-history":[{"count":2,"href":"https:\/\/amplitudmodulada.com.ar\/index.php\/wp-json\/wp\/v2\/pages\/10219\/revisions"}],"predecessor-version":[{"id":10222,"href":"https:\/\/amplitudmodulada.com.ar\/index.php\/wp-json\/wp\/v2\/pages\/10219\/revisions\/10222"}],"wp:attachment":[{"href":"https:\/\/amplitudmodulada.com.ar\/index.php\/wp-json\/wp\/v2\/media?parent=10219"}],"curies":[{"name":"wp","href":"https:\/\/api.w.org\/{rel}","templated":true}]}}