{"id":10225,"date":"2025-12-20T13:20:19","date_gmt":"2025-12-20T16:20:19","guid":{"rendered":"https:\/\/amplitudmodulada.com.ar\/?page_id=10225"},"modified":"2025-12-20T13:33:18","modified_gmt":"2025-12-20T16:33:18","slug":"noticia14077","status":"publish","type":"page","link":"https:\/\/amplitudmodulada.com.ar\/index.php\/noticia14077\/","title":{"rendered":"Prorrogan hasta marzo los contratos de diecinueve trabajadores de Radio Provincia de Buenos Aires"},"content":{"rendered":"\n<figure class=\"wp-block-image size-full\"><img loading=\"lazy\" decoding=\"async\" width=\"120\" height=\"120\" src=\"http:\/\/amplitudmodulada.com.ar\/wp-content\/uploads\/2024\/01\/1270-e1706133975157.png\" alt=\"\" class=\"wp-image-597\"\/><\/figure>\n\n\n\n<p>Laura L\u00f3pez Silva, secretaria General del Sindicato de Prensa Bonaerense, anunci\u00f3 que ser\u00e1n prorrogados hasta marzo los contratos de los diecinueve trabajadores de LS11 Radio Provincia de Buenos Aires que no iban a ser renovados.<\/p>\n\n\n\n<p>&#8220;Fue una sorpresa, porque en la provincia de Buenos Aires no se ven\u00edan dando noticias de esta \u00edndole, con anuncio de que no se renovaban contratos&#8221;, explic\u00f3 la dirigente sindical.<\/p>\n\n\n\n<p>En el caso de Radio Provincia de Buenos Aires, son diecinueve los trabajadores cuyos v\u00ednculos laborales vencen el 31 de diciembre.<\/p>\n\n\n\n<p>Seg\u00fan precis\u00f3, la mayor\u00eda de ellos ten\u00eda contratos art\u00edsticos, aunque realizan tareas habituales de planta.<\/p>\n\n\n\n<p>&#8220;Al menos hasta marzo estos compa\u00f1eros contin\u00faan con contrato. En marzo nos volver\u00edamos a sentar a negociar. Nuestro pedido sigue siendo el pase a planta&#8221;, indic\u00f3 la representante sindical.<\/p>\n\n\n\n<p>En ese sentido, remarc\u00f3 que el objetivo principal era &#8220;darles una tranquilidad m\u00ednima para que pasen las fiestas sin la angustia de perder su fuente de ingreso&#8221;.<\/p>\n\n\n\n<p>Fuente: <a href=\"http:\/\/www.realpolitik.com.ar\" data-type=\"link\" data-id=\"www.realpolitik.com.ar\" target=\"_blank\" rel=\"noreferrer noopener\">www.realpolitik.com.ar<\/a> | La Plata &#8211; Buenos Aires | 12.12.25<\/p>\n","protected":false},"excerpt":{"rendered":"<p>Laura L\u00f3pez Silva, secretaria General del Sindicato de Prensa Bonaerense, anunci\u00f3 que ser\u00e1n prorrogados hasta marzo los contratos de los diecinueve trabajadores de LS11 Radio Provincia de Buenos Aires que no iban a ser renovados. &#8220;Fue una sorpresa, porque en la provincia de Buenos Aires no se ven\u00edan dando noticias de esta \u00edndole, con anuncio &hellip; <a href=\"https:\/\/amplitudmodulada.com.ar\/index.php\/noticia14077\/\" class=\"more-link\">Continu\u00e1 leyendo <span class=\"screen-reader-text\">Prorrogan hasta marzo los contratos de diecinueve trabajadores de Radio Provincia de Buenos Aires<\/span><\/a><\/p>\n","protected":false},"author":1,"featured_media":0,"parent":0,"menu_order":0,"comment_status":"closed","ping_status":"closed","template":"","meta":{"footnotes":""},"class_list":["post-10225","page","type-page","status-publish","hentry"],"_links":{"self":[{"href":"https:\/\/amplitudmodulada.com.ar\/index.php\/wp-json\/wp\/v2\/pages\/10225","targetHints":{"allow":["GET"]}}],"collection":[{"href":"https:\/\/amplitudmodulada.com.ar\/index.php\/wp-json\/wp\/v2\/pages"}],"about":[{"href":"https:\/\/amplitudmodulada.com.ar\/index.php\/wp-json\/wp\/v2\/types\/page"}],"author":[{"embeddable":true,"href":"https:\/\/amplitudmodulada.com.ar\/index.php\/wp-json\/wp\/v2\/users\/1"}],"replies":[{"embeddable":true,"href":"https:\/\/amplitudmodulada.com.ar\/index.php\/wp-json\/wp\/v2\/comments?post=10225"}],"version-history":[{"count":5,"href":"https:\/\/amplitudmodulada.com.ar\/index.php\/wp-json\/wp\/v2\/pages\/10225\/revisions"}],"predecessor-version":[{"id":10234,"href":"https:\/\/amplitudmodulada.com.ar\/index.php\/wp-json\/wp\/v2\/pages\/10225\/revisions\/10234"}],"wp:attachment":[{"href":"https:\/\/amplitudmodulada.com.ar\/index.php\/wp-json\/wp\/v2\/media?parent=10225"}],"curies":[{"name":"wp","href":"https:\/\/api.w.org\/{rel}","templated":true}]}}