{"id":10236,"date":"2025-12-20T13:49:54","date_gmt":"2025-12-20T16:49:54","guid":{"rendered":"https:\/\/amplitudmodulada.com.ar\/?page_id=10236"},"modified":"2025-12-20T13:51:30","modified_gmt":"2025-12-20T16:51:30","slug":"noticia14078","status":"publish","type":"page","link":"https:\/\/amplitudmodulada.com.ar\/index.php\/noticia14078\/","title":{"rendered":"LU32 Radio Olavarr\u00eda cumple cincuenta y cinco a\u00f1os en el aire"},"content":{"rendered":"\n<figure class=\"wp-block-image size-full\"><img loading=\"lazy\" decoding=\"async\" width=\"110\" height=\"110\" src=\"http:\/\/amplitudmodulada.com.ar\/wp-content\/uploads\/2025\/01\/LU32-e1737925788704.jpg\" alt=\"\" class=\"wp-image-5776\"\/><\/figure>\n\n\n\n<p>Se cumplen este viernes 12 de diciembre cincuenta y cinco a\u00f1os de la primera emisi\u00f3n de LU32 Radio Olavarr\u00eda. La emisora naci\u00f3 como filial de la cadena estatal Radio Splendid.<\/p>\n\n\n\n<p>Desde sus inicios, en 1970, Radio Olavarr\u00eda hizo de la informaci\u00f3n, la m\u00fasica y el di\u00e1logo con la comunidad su raz\u00f3n de ser y se convirti\u00b4\u00f3 r\u00e1pidamente en un punto de referencia para los oyentes de la ciudad y la regi\u00f3n.<\/p>\n\n\n\n<p>En 1982, la emisora pas\u00f3 a manos privadas bajo la licencia de Albram Sociedad An\u00f3nima, vinculada al Grupo Fortabat.<\/p>\n\n\n\n<p>La transici\u00f3n consolid\u00f3 su identidad local y marc\u00f3 el inicio de una etapa en la que la radio profundiz\u00f3 su v\u00ednculo con los hechos y protagonistas de Olavarr\u00eda.<\/p>\n\n\n\n<p>A lo largo de m\u00e1s de cinco d\u00e9cadas, la emisora fue protagonista de momentos clave de la vida comunitaria, desde la cobertura de inundaciones y emergencias, hasta la transmisi\u00f3n de actos c\u00edvicos, debates, eventos culturales y deportivos.<\/p>\n\n\n\n<p>En la d\u00e9cada pasada, la emisora pas\u00f3 al control de la familia Panarace, en tanto que d\u00edas antes de su cumplea\u00f1os cincuenta y cuatro, en 2024, Radio Olavarr\u00eda fue adquirida por Hugo Fayan\u00e1s y Marisa J\u00e1uregui.<\/p>\n\n\n\n<p>Fuente: <a href=\"http:\/\/www.lu32.com.ar\" data-type=\"link\" data-id=\"www.lu32.com.ar\" target=\"_blank\" rel=\"noreferrer noopener\">www.lu32.com.ar<\/a> | Olavarr\u00eda &#8211; Buenos Aires | 12.12.25<\/p>\n\n\n\n<p><\/p>\n","protected":false},"excerpt":{"rendered":"<p>Se cumplen este viernes 12 de diciembre cincuenta y cinco a\u00f1os de la primera emisi\u00f3n de LU32 Radio Olavarr\u00eda. La emisora naci\u00f3 como filial de la cadena estatal Radio Splendid. Desde sus inicios, en 1970, Radio Olavarr\u00eda hizo de la informaci\u00f3n, la m\u00fasica y el di\u00e1logo con la comunidad su raz\u00f3n de ser y se &hellip; <a href=\"https:\/\/amplitudmodulada.com.ar\/index.php\/noticia14078\/\" class=\"more-link\">Continu\u00e1 leyendo <span class=\"screen-reader-text\">LU32 Radio Olavarr\u00eda cumple cincuenta y cinco a\u00f1os en el aire<\/span><\/a><\/p>\n","protected":false},"author":1,"featured_media":0,"parent":0,"menu_order":0,"comment_status":"closed","ping_status":"closed","template":"","meta":{"footnotes":""},"class_list":["post-10236","page","type-page","status-publish","hentry"],"_links":{"self":[{"href":"https:\/\/amplitudmodulada.com.ar\/index.php\/wp-json\/wp\/v2\/pages\/10236","targetHints":{"allow":["GET"]}}],"collection":[{"href":"https:\/\/amplitudmodulada.com.ar\/index.php\/wp-json\/wp\/v2\/pages"}],"about":[{"href":"https:\/\/amplitudmodulada.com.ar\/index.php\/wp-json\/wp\/v2\/types\/page"}],"author":[{"embeddable":true,"href":"https:\/\/amplitudmodulada.com.ar\/index.php\/wp-json\/wp\/v2\/users\/1"}],"replies":[{"embeddable":true,"href":"https:\/\/amplitudmodulada.com.ar\/index.php\/wp-json\/wp\/v2\/comments?post=10236"}],"version-history":[{"count":3,"href":"https:\/\/amplitudmodulada.com.ar\/index.php\/wp-json\/wp\/v2\/pages\/10236\/revisions"}],"predecessor-version":[{"id":10239,"href":"https:\/\/amplitudmodulada.com.ar\/index.php\/wp-json\/wp\/v2\/pages\/10236\/revisions\/10239"}],"wp:attachment":[{"href":"https:\/\/amplitudmodulada.com.ar\/index.php\/wp-json\/wp\/v2\/media?parent=10236"}],"curies":[{"name":"wp","href":"https:\/\/api.w.org\/{rel}","templated":true}]}}