{"id":10249,"date":"2025-12-20T16:35:45","date_gmt":"2025-12-20T19:35:45","guid":{"rendered":"https:\/\/amplitudmodulada.com.ar\/?page_id=10249"},"modified":"2025-12-20T16:40:25","modified_gmt":"2025-12-20T19:40:25","slug":"noticia14080","status":"publish","type":"page","link":"https:\/\/amplitudmodulada.com.ar\/index.php\/noticia14080\/","title":{"rendered":"El programa &#8220;Pasa Montagna no seguir\u00e1 en Radio Rivadavia&#8221;"},"content":{"rendered":"\n<figure class=\"wp-block-image size-full\"><img loading=\"lazy\" decoding=\"async\" width=\"174\" height=\"60\" src=\"http:\/\/amplitudmodulada.com.ar\/wp-content\/uploads\/2024\/01\/630-e1704586384620.png\" alt=\"\" class=\"wp-image-115\"\/><\/figure>\n\n\n\n<p>El periodista Pablo Montagna anunci\u00f3 este domingo su salida de LS5 Radio Rivadavia, emisora en la que conduce todos los domingos el programa &#8220;Pasa Montagna&#8221;.<\/p>\n\n\n\n<p>&#8220;El domingo 28 llega a su fin Pasa Montagna. En Radio Rivadavia fueron cinco a\u00f1os espectaculares, de los que estoy muy agradecido a todos los que son y fueron parte del programa y de Alpha Media&#8221;, escribi\u00f3 Pablo Montagna en redes sociales.<\/p>\n\n\n\n<p>Seg\u00fan explic\u00f3, en los \u00faltimos meses sospechaba que no iba a renovar el contrato para continuar en la emisora.<\/p>\n\n\n\n<p>A su vez, aclar\u00f3 que el fin del v\u00ednculo se dio en buenos t\u00e9rminos y le agradeci\u00f3 a Radio Rivadavia por el espacio para poder desarrollar su ciclo de espect\u00e1culos.<\/p>\n\n\n\n<p>Durante este a\u00f1o, Pablo Montagna estuvo acompa\u00f1ado por Ana Garc\u00eda, Sabrina C\u00e9spedes y Julieta Vismara, que fue reemplazada por Valentina Berterreche tras su llegada a la se\u00f1al de noticias TN.<\/p>\n\n\n\n<p>Una vez finalizado el programa en Radio Rivadavia, el comunicador se tomar\u00e1 vacaciones y, hasta el momento, no est\u00e1 decidido el futuro del ciclo.<\/p>\n\n\n\n<p>Fuente: <a href=\"http:\/\/www.perfil.com\" data-type=\"link\" data-id=\"www.perfil.com\" target=\"_blank\" rel=\"noreferrer noopener\">www.perfil.com<\/a> | Ciudad Aut\u00f3noma de Buenos Aires | 15.12.25<\/p>\n\n\n\n<p><\/p>\n","protected":false},"excerpt":{"rendered":"<p>El periodista Pablo Montagna anunci\u00f3 este domingo su salida de LS5 Radio Rivadavia, emisora en la que conduce todos los domingos el programa &#8220;Pasa Montagna&#8221;. &#8220;El domingo 28 llega a su fin Pasa Montagna. En Radio Rivadavia fueron cinco a\u00f1os espectaculares, de los que estoy muy agradecido a todos los que son y fueron parte &hellip; <a href=\"https:\/\/amplitudmodulada.com.ar\/index.php\/noticia14080\/\" class=\"more-link\">Continu\u00e1 leyendo <span class=\"screen-reader-text\">El programa &#8220;Pasa Montagna no seguir\u00e1 en Radio Rivadavia&#8221;<\/span><\/a><\/p>\n","protected":false},"author":1,"featured_media":0,"parent":0,"menu_order":0,"comment_status":"closed","ping_status":"closed","template":"","meta":{"footnotes":""},"class_list":["post-10249","page","type-page","status-publish","hentry"],"_links":{"self":[{"href":"https:\/\/amplitudmodulada.com.ar\/index.php\/wp-json\/wp\/v2\/pages\/10249","targetHints":{"allow":["GET"]}}],"collection":[{"href":"https:\/\/amplitudmodulada.com.ar\/index.php\/wp-json\/wp\/v2\/pages"}],"about":[{"href":"https:\/\/amplitudmodulada.com.ar\/index.php\/wp-json\/wp\/v2\/types\/page"}],"author":[{"embeddable":true,"href":"https:\/\/amplitudmodulada.com.ar\/index.php\/wp-json\/wp\/v2\/users\/1"}],"replies":[{"embeddable":true,"href":"https:\/\/amplitudmodulada.com.ar\/index.php\/wp-json\/wp\/v2\/comments?post=10249"}],"version-history":[{"count":2,"href":"https:\/\/amplitudmodulada.com.ar\/index.php\/wp-json\/wp\/v2\/pages\/10249\/revisions"}],"predecessor-version":[{"id":10253,"href":"https:\/\/amplitudmodulada.com.ar\/index.php\/wp-json\/wp\/v2\/pages\/10249\/revisions\/10253"}],"wp:attachment":[{"href":"https:\/\/amplitudmodulada.com.ar\/index.php\/wp-json\/wp\/v2\/media?parent=10249"}],"curies":[{"name":"wp","href":"https:\/\/api.w.org\/{rel}","templated":true}]}}