{"id":10268,"date":"2025-12-21T08:53:37","date_gmt":"2025-12-21T11:53:37","guid":{"rendered":"https:\/\/amplitudmodulada.com.ar\/?page_id=10268"},"modified":"2025-12-21T09:01:43","modified_gmt":"2025-12-21T12:01:43","slug":"noticia14083","status":"publish","type":"page","link":"https:\/\/amplitudmodulada.com.ar\/index.php\/noticia14083\/","title":{"rendered":"Declaran de Inter\u00e9s Municipal la Campa\u00f1a del Juguete"},"content":{"rendered":"\n<figure class=\"wp-block-image size-full\"><img loading=\"lazy\" decoding=\"async\" width=\"110\" height=\"110\" src=\"http:\/\/amplitudmodulada.com.ar\/wp-content\/uploads\/2024\/10\/LRA-e1728000015658.jpg\" alt=\"\" class=\"wp-image-4179\"\/><\/figure>\n\n\n\n<p>Durante la sesi\u00f3n de este martes, el Concejo Deliberante de Concepci\u00f3n del Uruguay declar\u00f3 de Inter\u00e9s Municipal la 42\u00b0 Campa\u00f1a del Juguete, organizada por LT11 Radio Nacional General Francisco Ram\u00edrez.<\/p>\n\n\n\n<p>La iniciativa fue abordada por la Comisi\u00f3n de Educaci\u00f3n y Cultura y aprobada por unanimidad a trav\u00e9s de una resoluci\u00f3n.<\/p>\n\n\n\n<p>La 42\u00aa Campa\u00f1a del Juguete se llevar\u00e1 a cabo el pr\u00f3ximo martes 23 de diciembre, entre las 8.00 y las 19.00 horas, y constituye una de las acciones solidarias m\u00e1s emblem\u00e1ticas de la ciudad en v\u00edsperas de Navidad.<\/p>\n\n\n\n<p>En el recinto, la vicepresidenta del Concejo Deliberante, Rosana Sosa Zito, fue quien dio lectura y acompa\u00f1\u00f3 la aprobaci\u00f3n del despacho, destacando el alcance social de la propuesta y su continuidad a lo largo del tiempo.<\/p>\n\n\n\n<p>En el texto aprobado, se destaca que la jornada solidaria no solo tiene como objetivo la recolecci\u00f3n de juguetes, sino tambi\u00e9n fomentar la solidaridad y el sentido de comunidad entre los habitantes de la ciudad.<\/p>\n\n\n\n<p>Fuente: <a href=\"http:\/\/www.laprensafederal.com.ar\" data-type=\"link\" data-id=\"www.laprensafederal.com.ar\" target=\"_blank\" rel=\"noreferrer noopener\">www.laprensafederal.com.ar<\/a> | Concepci\u00f3n del Uruguay &#8211; Entre R\u00edos | 17.12.25<\/p>\n","protected":false},"excerpt":{"rendered":"<p>Durante la sesi\u00f3n de este martes, el Concejo Deliberante de Concepci\u00f3n del Uruguay declar\u00f3 de Inter\u00e9s Municipal la 42\u00b0 Campa\u00f1a del Juguete, organizada por LT11 Radio Nacional General Francisco Ram\u00edrez. La iniciativa fue abordada por la Comisi\u00f3n de Educaci\u00f3n y Cultura y aprobada por unanimidad a trav\u00e9s de una resoluci\u00f3n. La 42\u00aa Campa\u00f1a del Juguete &hellip; <a href=\"https:\/\/amplitudmodulada.com.ar\/index.php\/noticia14083\/\" class=\"more-link\">Continu\u00e1 leyendo <span class=\"screen-reader-text\">Declaran de Inter\u00e9s Municipal la Campa\u00f1a del Juguete<\/span><\/a><\/p>\n","protected":false},"author":1,"featured_media":0,"parent":0,"menu_order":0,"comment_status":"closed","ping_status":"closed","template":"","meta":{"footnotes":""},"class_list":["post-10268","page","type-page","status-publish","hentry"],"_links":{"self":[{"href":"https:\/\/amplitudmodulada.com.ar\/index.php\/wp-json\/wp\/v2\/pages\/10268","targetHints":{"allow":["GET"]}}],"collection":[{"href":"https:\/\/amplitudmodulada.com.ar\/index.php\/wp-json\/wp\/v2\/pages"}],"about":[{"href":"https:\/\/amplitudmodulada.com.ar\/index.php\/wp-json\/wp\/v2\/types\/page"}],"author":[{"embeddable":true,"href":"https:\/\/amplitudmodulada.com.ar\/index.php\/wp-json\/wp\/v2\/users\/1"}],"replies":[{"embeddable":true,"href":"https:\/\/amplitudmodulada.com.ar\/index.php\/wp-json\/wp\/v2\/comments?post=10268"}],"version-history":[{"count":2,"href":"https:\/\/amplitudmodulada.com.ar\/index.php\/wp-json\/wp\/v2\/pages\/10268\/revisions"}],"predecessor-version":[{"id":10271,"href":"https:\/\/amplitudmodulada.com.ar\/index.php\/wp-json\/wp\/v2\/pages\/10268\/revisions\/10271"}],"wp:attachment":[{"href":"https:\/\/amplitudmodulada.com.ar\/index.php\/wp-json\/wp\/v2\/media?parent=10268"}],"curies":[{"name":"wp","href":"https:\/\/api.w.org\/{rel}","templated":true}]}}