{"id":10279,"date":"2025-12-21T13:22:11","date_gmt":"2025-12-21T16:22:11","guid":{"rendered":"https:\/\/amplitudmodulada.com.ar\/?page_id=10279"},"modified":"2025-12-21T13:31:47","modified_gmt":"2025-12-21T16:31:47","slug":"noticia14085","status":"publish","type":"page","link":"https:\/\/amplitudmodulada.com.ar\/index.php\/noticia14085\/","title":{"rendered":"Buscan preservar los contenidos locales en las emisoras de Radio Nacional de la provincia de Salta"},"content":{"rendered":"\n<figure class=\"wp-block-image size-full\"><img loading=\"lazy\" decoding=\"async\" width=\"238\" height=\"60\" src=\"http:\/\/amplitudmodulada.com.ar\/wp-content\/uploads\/2025\/12\/senadosalta-1-e1766161138818.png\" alt=\"\" class=\"wp-image-10200\"\/><\/figure>\n\n\n\n<p>La C\u00e1mara de Senadores de la Provincia de Salta aprob\u00f3 este jueves 18 de diciembre un proyecto de declaraci\u00f3n que busca preservar los contenidos locales en las grillas de programaci\u00f3n de LRA4 Radio Nacional Salta y LRA25 Radio Nacional Tartagal.<\/p>\n\n\n\n<p>La iniciativa insta a los legisladores nacionales por la provincia de Salta a gestionar ante las autoridades de Radio y Televisi\u00f3n Argentina (RTA) que las emisoras ubicadas en la ciudades de Salta y Tartagal contin\u00faen incluyendo programaci\u00f3n producida en territorio provincial.<\/p>\n\n\n\n<p>En ese marco, el senador por el departamento San Mart\u00edn, Manuel Pailler, destac\u00f3 que la producci\u00f3n local es fundamental para mantener viva la cultura y las tradiciones de la regi\u00f3n.<\/p>\n\n\n\n<p>Seg\u00fan se\u00f1al\u00f3, &#8220;la difusi\u00f3n de contenidos propios en la radio permite visibilizar nuestra m\u00fasica, costumbres y patrimonio cultural, fortaleciendo as\u00ed nuestra identidad&#8221;.<\/p>\n\n\n\n<p>El legislador advirti\u00f3 que existe la posibilidad de que, en el futuro, estas emisoras emitan durante las veinticuatro horas programas elaborados en Buenos Aires, lo que, a su juicio, afectar\u00eda al federalismo y al desarrollo de la producci\u00f3n cultural provincial.<\/p>\n\n\n\n<p>&#8220;Es fundamental que se preserve la participaci\u00f3n de los profesionales locales en la generaci\u00f3n de contenidos, garantizando que nuestra cultura y nuestra producci\u00f3n contin\u00faen siendo visibles en la radio&#8221;, se\u00f1al\u00f3.<\/p>\n\n\n\n<p>Fuente: <a href=\"http:\/\/www.vocescriticas.com\" data-type=\"link\" data-id=\"www.vocescriticas.com\" target=\"_blank\" rel=\"noreferrer noopener\">www.vocescriticas.com<\/a> | Salta &#8211; Salta | 18.12.25<\/p>\n\n\n\n<p><\/p>\n","protected":false},"excerpt":{"rendered":"<p>La C\u00e1mara de Senadores de la Provincia de Salta aprob\u00f3 este jueves 18 de diciembre un proyecto de declaraci\u00f3n que busca preservar los contenidos locales en las grillas de programaci\u00f3n de LRA4 Radio Nacional Salta y LRA25 Radio Nacional Tartagal. La iniciativa insta a los legisladores nacionales por la provincia de Salta a gestionar ante &hellip; <a href=\"https:\/\/amplitudmodulada.com.ar\/index.php\/noticia14085\/\" class=\"more-link\">Continu\u00e1 leyendo <span class=\"screen-reader-text\">Buscan preservar los contenidos locales en las emisoras de Radio Nacional de la provincia de Salta<\/span><\/a><\/p>\n","protected":false},"author":1,"featured_media":0,"parent":0,"menu_order":0,"comment_status":"closed","ping_status":"closed","template":"","meta":{"footnotes":""},"class_list":["post-10279","page","type-page","status-publish","hentry"],"_links":{"self":[{"href":"https:\/\/amplitudmodulada.com.ar\/index.php\/wp-json\/wp\/v2\/pages\/10279","targetHints":{"allow":["GET"]}}],"collection":[{"href":"https:\/\/amplitudmodulada.com.ar\/index.php\/wp-json\/wp\/v2\/pages"}],"about":[{"href":"https:\/\/amplitudmodulada.com.ar\/index.php\/wp-json\/wp\/v2\/types\/page"}],"author":[{"embeddable":true,"href":"https:\/\/amplitudmodulada.com.ar\/index.php\/wp-json\/wp\/v2\/users\/1"}],"replies":[{"embeddable":true,"href":"https:\/\/amplitudmodulada.com.ar\/index.php\/wp-json\/wp\/v2\/comments?post=10279"}],"version-history":[{"count":3,"href":"https:\/\/amplitudmodulada.com.ar\/index.php\/wp-json\/wp\/v2\/pages\/10279\/revisions"}],"predecessor-version":[{"id":10283,"href":"https:\/\/amplitudmodulada.com.ar\/index.php\/wp-json\/wp\/v2\/pages\/10279\/revisions\/10283"}],"wp:attachment":[{"href":"https:\/\/amplitudmodulada.com.ar\/index.php\/wp-json\/wp\/v2\/media?parent=10279"}],"curies":[{"name":"wp","href":"https:\/\/api.w.org\/{rel}","templated":true}]}}