{"id":10286,"date":"2025-12-21T13:40:40","date_gmt":"2025-12-21T16:40:40","guid":{"rendered":"https:\/\/amplitudmodulada.com.ar\/?page_id=10286"},"modified":"2025-12-21T14:00:26","modified_gmt":"2025-12-21T17:00:26","slug":"noticia14086","status":"publish","type":"page","link":"https:\/\/amplitudmodulada.com.ar\/index.php\/noticia14086\/","title":{"rendered":"CNN Radio saldr\u00e1 al aire por \u00faltima vez este viernes"},"content":{"rendered":"\n<figure class=\"wp-block-image size-full\"><img loading=\"lazy\" decoding=\"async\" width=\"147\" height=\"60\" src=\"http:\/\/amplitudmodulada.com.ar\/wp-content\/uploads\/2024\/01\/950-e1705935273676.png\" alt=\"\" class=\"wp-image-532\"\/><\/figure>\n\n\n\n<p>Despu\u00e9s de m\u00e1s de seis a\u00f1os en el aire, LR3 CNN Radio emitir\u00e1 por \u00faltima vez este viernes 19 de diciembre. A partir de ma\u00f1ana s\u00e1bado y hasta febrero solo se emitir\u00e1 m\u00fasica en 950 Khz.<\/p>\n\n\n\n<p>La salida del aire de CNN Radio est\u00e1 relacionada con la decisi\u00f3n de Warner Bros Discovery de abandonar el pa\u00eds y dejar a sus socios locales, Argentinos Media Sociedad An\u00f3nima, a cargo de la emisora.<\/p>\n\n\n\n<p>La grilla de programaci\u00f3n de CNN Radio estaba integrada por Jos\u00e9 Antonio Gil Vidal, Mariana Arias, Ignacio Gir\u00f3n, Julieta Tarr\u00e9s, Mar\u00eda Elvira Areces, Cecilia Laratro y Laura Di Marco, entre otros.<\/p>\n\n\n\n<p>A partir de febrero, la emisora pasar\u00e1 a denominarse StreAM 950, tendr\u00e1 nueva programaci\u00f3n y apostar\u00e1 a potenciar el streaming y las redes sociales.<\/p>\n\n\n\n<p>Fuente: <a href=\"http:\/\/www.clarin.com\" data-type=\"link\" data-id=\"www.clarin.com\" target=\"_blank\" rel=\"noreferrer noopener\">www.clarin.com<\/a> | Ciudad Aut\u00f3noma de Buenos Aires | 19.12.25<\/p>\n\n\n\n<p><\/p>\n","protected":false},"excerpt":{"rendered":"<p>Despu\u00e9s de m\u00e1s de seis a\u00f1os en el aire, LR3 CNN Radio emitir\u00e1 por \u00faltima vez este viernes 19 de diciembre. A partir de ma\u00f1ana s\u00e1bado y hasta febrero solo se emitir\u00e1 m\u00fasica en 950 Khz. La salida del aire de CNN Radio est\u00e1 relacionada con la decisi\u00f3n de Warner Bros Discovery de abandonar el &hellip; <a href=\"https:\/\/amplitudmodulada.com.ar\/index.php\/noticia14086\/\" class=\"more-link\">Continu\u00e1 leyendo <span class=\"screen-reader-text\">CNN Radio saldr\u00e1 al aire por \u00faltima vez este viernes<\/span><\/a><\/p>\n","protected":false},"author":1,"featured_media":0,"parent":0,"menu_order":0,"comment_status":"closed","ping_status":"closed","template":"","meta":{"footnotes":""},"class_list":["post-10286","page","type-page","status-publish","hentry"],"_links":{"self":[{"href":"https:\/\/amplitudmodulada.com.ar\/index.php\/wp-json\/wp\/v2\/pages\/10286","targetHints":{"allow":["GET"]}}],"collection":[{"href":"https:\/\/amplitudmodulada.com.ar\/index.php\/wp-json\/wp\/v2\/pages"}],"about":[{"href":"https:\/\/amplitudmodulada.com.ar\/index.php\/wp-json\/wp\/v2\/types\/page"}],"author":[{"embeddable":true,"href":"https:\/\/amplitudmodulada.com.ar\/index.php\/wp-json\/wp\/v2\/users\/1"}],"replies":[{"embeddable":true,"href":"https:\/\/amplitudmodulada.com.ar\/index.php\/wp-json\/wp\/v2\/comments?post=10286"}],"version-history":[{"count":2,"href":"https:\/\/amplitudmodulada.com.ar\/index.php\/wp-json\/wp\/v2\/pages\/10286\/revisions"}],"predecessor-version":[{"id":10289,"href":"https:\/\/amplitudmodulada.com.ar\/index.php\/wp-json\/wp\/v2\/pages\/10286\/revisions\/10289"}],"wp:attachment":[{"href":"https:\/\/amplitudmodulada.com.ar\/index.php\/wp-json\/wp\/v2\/media?parent=10286"}],"curies":[{"name":"wp","href":"https:\/\/api.w.org\/{rel}","templated":true}]}}