{"id":10292,"date":"2025-12-22T21:54:32","date_gmt":"2025-12-23T00:54:32","guid":{"rendered":"https:\/\/amplitudmodulada.com.ar\/?page_id=10292"},"modified":"2025-12-22T21:56:16","modified_gmt":"2025-12-23T00:56:16","slug":"noticia14087","status":"publish","type":"page","link":"https:\/\/amplitudmodulada.com.ar\/index.php\/noticia14087\/","title":{"rendered":"El streaming de LT7 Radio Provincia de Corrientes alcanz\u00f3 los mil dispositivos conectados en simult\u00e1neo"},"content":{"rendered":"\n<figure class=\"wp-block-image size-full\"><img loading=\"lazy\" decoding=\"async\" width=\"160\" height=\"80\" src=\"http:\/\/amplitudmodulada.com.ar\/wp-content\/uploads\/2024\/04\/LT7-e1713914355626.png\" alt=\"\" class=\"wp-image-1723\"\/><\/figure>\n\n\n\n<p>Durante la ma\u00f1ana de este lunes 22 de septiembre, el streaming de LT7 Radio Provincia de Corrientes alcanz\u00f3 los mil dispositivos conectados en simult\u00e1neo.<\/p>\n\n\n\n<p>Con estos n\u00fameros, asegura Radio Provincia de Corrientes, el &#8220;medio se sigue consolidando como la emisi\u00f3n online m\u00e1s vista de la regi\u00f3n&#8221;.<\/p>\n\n\n\n<p>Hist\u00f3ricamente, el streaming de la emisora de Amplitud Modulada de Corrientes duplica a sus rivales, pero este lunes la diferencia fue a\u00fan m\u00e1s notoria.<\/p>\n\n\n\n<p>Las noticias vinculadas a la tormenta y a las inundaciones en la ciudad motorizaron ese pico de audiencia.<\/p>\n\n\n\n<p>La emisi\u00f3n de Radio Provincia de Corrientes se emite en simult\u00e1neo por Canal 13 Max.<\/p>\n\n\n\n<p>&#8220;Con toda esa informaci\u00f3n queda en claro el liderazgo de la familia medi\u00e1tica de Radio LT7. Se cuenta con la radio m\u00e1s escuchada y el canal m\u00e1s visto de la provncia y ahora la transmisi\u00f3n de streaming m\u00e1s seguida&#8221;, a\u00f1adi\u00f3 la emisora.<\/p>\n\n\n\n<p>Fuente: <a href=\"http:\/\/www.lt7noticias.com\" data-type=\"link\" data-id=\"www.lt7noticias.com\">www.lt7noticias.com<\/a> | Corrientes &#8211; Corrientes | 22..12.25<\/p>\n","protected":false},"excerpt":{"rendered":"<p>Durante la ma\u00f1ana de este lunes 22 de septiembre, el streaming de LT7 Radio Provincia de Corrientes alcanz\u00f3 los mil dispositivos conectados en simult\u00e1neo. Con estos n\u00fameros, asegura Radio Provincia de Corrientes, el &#8220;medio se sigue consolidando como la emisi\u00f3n online m\u00e1s vista de la regi\u00f3n&#8221;. Hist\u00f3ricamente, el streaming de la emisora de Amplitud Modulada &hellip; <a href=\"https:\/\/amplitudmodulada.com.ar\/index.php\/noticia14087\/\" class=\"more-link\">Continu\u00e1 leyendo <span class=\"screen-reader-text\">El streaming de LT7 Radio Provincia de Corrientes alcanz\u00f3 los mil dispositivos conectados en simult\u00e1neo<\/span><\/a><\/p>\n","protected":false},"author":1,"featured_media":0,"parent":0,"menu_order":0,"comment_status":"closed","ping_status":"closed","template":"","meta":{"footnotes":""},"class_list":["post-10292","page","type-page","status-publish","hentry"],"_links":{"self":[{"href":"https:\/\/amplitudmodulada.com.ar\/index.php\/wp-json\/wp\/v2\/pages\/10292","targetHints":{"allow":["GET"]}}],"collection":[{"href":"https:\/\/amplitudmodulada.com.ar\/index.php\/wp-json\/wp\/v2\/pages"}],"about":[{"href":"https:\/\/amplitudmodulada.com.ar\/index.php\/wp-json\/wp\/v2\/types\/page"}],"author":[{"embeddable":true,"href":"https:\/\/amplitudmodulada.com.ar\/index.php\/wp-json\/wp\/v2\/users\/1"}],"replies":[{"embeddable":true,"href":"https:\/\/amplitudmodulada.com.ar\/index.php\/wp-json\/wp\/v2\/comments?post=10292"}],"version-history":[{"count":3,"href":"https:\/\/amplitudmodulada.com.ar\/index.php\/wp-json\/wp\/v2\/pages\/10292\/revisions"}],"predecessor-version":[{"id":10296,"href":"https:\/\/amplitudmodulada.com.ar\/index.php\/wp-json\/wp\/v2\/pages\/10292\/revisions\/10296"}],"wp:attachment":[{"href":"https:\/\/amplitudmodulada.com.ar\/index.php\/wp-json\/wp\/v2\/media?parent=10292"}],"curies":[{"name":"wp","href":"https:\/\/api.w.org\/{rel}","templated":true}]}}