{"id":10301,"date":"2025-12-23T20:18:04","date_gmt":"2025-12-23T23:18:04","guid":{"rendered":"https:\/\/amplitudmodulada.com.ar\/?page_id=10301"},"modified":"2025-12-23T20:25:02","modified_gmt":"2025-12-23T23:25:02","slug":"noticia14088","status":"publish","type":"page","link":"https:\/\/amplitudmodulada.com.ar\/index.php\/noticia14088\/","title":{"rendered":"LU22 Radio Tandil celebrar\u00e1 su 56\u00b0 aniversario con un festival musical"},"content":{"rendered":"\n<figure class=\"wp-block-image size-full\"><img loading=\"lazy\" decoding=\"async\" width=\"129\" height=\"100\" src=\"http:\/\/amplitudmodulada.com.ar\/wp-content\/uploads\/2024\/01\/LU22-e1704503606907.png\" alt=\"\" class=\"wp-image-32\"\/><\/figure>\n\n\n\n<p>LU22 Radio Tandil celebrar\u00e1 su 56\u00b0 aniversario el pr\u00f3ximo s\u00e1bado 3 de enero a las 19.00 horas con un festival musical que tendr\u00e1 lugar en la glorieta de la Plaza Independencia.<\/p>\n\n\n\n<p>La conducci\u00f3n del evento estar\u00e1 a cargo de Alberto Maschio y Sergio Vittori, mientras que la producci\u00f3n general estar\u00e1 a cargo de Guillermo Rodr\u00edguez.<\/p>\n\n\n\n<p>Sobre el escenario se presentar\u00e1n Moni L\u00f3pez, Luciano Roumec y la banda Orejanos, con un repertorio pensado para acompa\u00f1ar una celebraci\u00f3n cargada de m\u00fasica y emociones.<\/p>\n\n\n\n<p>Desde la emisora invitan a toda la comunidad a sumarse a este festejo que marca m\u00e1s de medio siglo de historia, compromiso y cercan\u00eda con la ciudad de Tandil.<\/p>\n\n\n\n<p>Fuente: <a href=\"http:\/\/www.lu22.com.ar\" data-type=\"link\" data-id=\"www.lu22.com.ar\" target=\"_blank\" rel=\"noreferrer noopener\">www.lu22.com.ar<\/a> | Tandil &#8211; Buenos Aires | 22.12.25<\/p>\n\n\n\n<p><\/p>\n","protected":false},"excerpt":{"rendered":"<p>LU22 Radio Tandil celebrar\u00e1 su 56\u00b0 aniversario el pr\u00f3ximo s\u00e1bado 3 de enero a las 19.00 horas con un festival musical que tendr\u00e1 lugar en la glorieta de la Plaza Independencia. La conducci\u00f3n del evento estar\u00e1 a cargo de Alberto Maschio y Sergio Vittori, mientras que la producci\u00f3n general estar\u00e1 a cargo de Guillermo Rodr\u00edguez. &hellip; <a href=\"https:\/\/amplitudmodulada.com.ar\/index.php\/noticia14088\/\" class=\"more-link\">Continu\u00e1 leyendo <span class=\"screen-reader-text\">LU22 Radio Tandil celebrar\u00e1 su 56\u00b0 aniversario con un festival musical<\/span><\/a><\/p>\n","protected":false},"author":1,"featured_media":0,"parent":0,"menu_order":0,"comment_status":"closed","ping_status":"closed","template":"","meta":{"footnotes":""},"class_list":["post-10301","page","type-page","status-publish","hentry"],"_links":{"self":[{"href":"https:\/\/amplitudmodulada.com.ar\/index.php\/wp-json\/wp\/v2\/pages\/10301","targetHints":{"allow":["GET"]}}],"collection":[{"href":"https:\/\/amplitudmodulada.com.ar\/index.php\/wp-json\/wp\/v2\/pages"}],"about":[{"href":"https:\/\/amplitudmodulada.com.ar\/index.php\/wp-json\/wp\/v2\/types\/page"}],"author":[{"embeddable":true,"href":"https:\/\/amplitudmodulada.com.ar\/index.php\/wp-json\/wp\/v2\/users\/1"}],"replies":[{"embeddable":true,"href":"https:\/\/amplitudmodulada.com.ar\/index.php\/wp-json\/wp\/v2\/comments?post=10301"}],"version-history":[{"count":2,"href":"https:\/\/amplitudmodulada.com.ar\/index.php\/wp-json\/wp\/v2\/pages\/10301\/revisions"}],"predecessor-version":[{"id":10305,"href":"https:\/\/amplitudmodulada.com.ar\/index.php\/wp-json\/wp\/v2\/pages\/10301\/revisions\/10305"}],"wp:attachment":[{"href":"https:\/\/amplitudmodulada.com.ar\/index.php\/wp-json\/wp\/v2\/media?parent=10301"}],"curies":[{"name":"wp","href":"https:\/\/api.w.org\/{rel}","templated":true}]}}