{"id":10312,"date":"2025-12-25T13:04:52","date_gmt":"2025-12-25T16:04:52","guid":{"rendered":"https:\/\/amplitudmodulada.com.ar\/?page_id=10312"},"modified":"2025-12-25T13:45:24","modified_gmt":"2025-12-25T16:45:24","slug":"noticia14089","status":"publish","type":"page","link":"https:\/\/amplitudmodulada.com.ar\/index.php\/noticia14089\/","title":{"rendered":"Las radios del Grupo Octubre despidieron el a\u00f1o con un brindis conjunto"},"content":{"rendered":"\n<figure class=\"wp-block-image size-full\"><img loading=\"lazy\" decoding=\"async\" width=\"215\" height=\"60\" src=\"http:\/\/amplitudmodulada.com.ar\/wp-content\/uploads\/2024\/08\/octubre-e1724110522388.png\" alt=\"\" class=\"wp-image-3139\"\/><\/figure>\n\n\n\n<p>Las radios del Grupo Octubre despidieron el 2025 con un brindis realizado frente al edificio desde donde emiten LRL203 AM 750 y la emisora de Frecuencia Modulada Los 40.<\/p>\n\n\n\n<p>Seg\u00fan destaca el diario P\u00e1gina\/12, el a\u00f1o para las radios del Grupo Octubre estuvo marcado por el crecimiento.<\/p>\n\n\n\n<p>En ese sentido, se\u00f1ala el caso de LRL320 FM Aspen, que cerr\u00f3 el a\u00f1o en el segundo lugar entre las radios de Frecuencia Modulada m\u00e1s escuchadas, creciendo en rating durante los \u00faltimos meses del a\u00f1o.<\/p>\n\n\n\n<p>En tanto, Los 40 y Mucha Radio es establecieron entre las principales emisoras de Frecuencia Modulada, que se ubicaron en la novena y dieciseisava posici\u00f3n, tambi\u00e9n con importantes crecimientos en sus audiencias en los \u00faltimos meses del a\u00f1o.<\/p>\n\n\n\n<p>Asimismo, destaca el matutino, las emisoras de Amplitud Modulada del Grupo Octubre, LS4 Radio Continental y LRL203 AM 750 tambi\u00e9n tuvieron un posicionamiento en lo m\u00e1s alto del rating.<\/p>\n\n\n\n<p>Fuente: <a href=\"http:\/\/www.pagina12.com.ar\" data-type=\"link\" data-id=\"www.pagina12.com.ar\" target=\"_blank\" rel=\"noreferrer noopener\">www.pagina12.com.ar<\/a> | Ciudad Aut\u00f3noma de Buenos Aires | 23.12.25<\/p>\n","protected":false},"excerpt":{"rendered":"<p>Las radios del Grupo Octubre despidieron el 2025 con un brindis realizado frente al edificio desde donde emiten LRL203 AM 750 y la emisora de Frecuencia Modulada Los 40. Seg\u00fan destaca el diario P\u00e1gina\/12, el a\u00f1o para las radios del Grupo Octubre estuvo marcado por el crecimiento. En ese sentido, se\u00f1ala el caso de LRL320 &hellip; <a href=\"https:\/\/amplitudmodulada.com.ar\/index.php\/noticia14089\/\" class=\"more-link\">Continu\u00e1 leyendo <span class=\"screen-reader-text\">Las radios del Grupo Octubre despidieron el a\u00f1o con un brindis conjunto<\/span><\/a><\/p>\n","protected":false},"author":1,"featured_media":0,"parent":0,"menu_order":0,"comment_status":"closed","ping_status":"closed","template":"","meta":{"footnotes":""},"class_list":["post-10312","page","type-page","status-publish","hentry"],"_links":{"self":[{"href":"https:\/\/amplitudmodulada.com.ar\/index.php\/wp-json\/wp\/v2\/pages\/10312","targetHints":{"allow":["GET"]}}],"collection":[{"href":"https:\/\/amplitudmodulada.com.ar\/index.php\/wp-json\/wp\/v2\/pages"}],"about":[{"href":"https:\/\/amplitudmodulada.com.ar\/index.php\/wp-json\/wp\/v2\/types\/page"}],"author":[{"embeddable":true,"href":"https:\/\/amplitudmodulada.com.ar\/index.php\/wp-json\/wp\/v2\/users\/1"}],"replies":[{"embeddable":true,"href":"https:\/\/amplitudmodulada.com.ar\/index.php\/wp-json\/wp\/v2\/comments?post=10312"}],"version-history":[{"count":3,"href":"https:\/\/amplitudmodulada.com.ar\/index.php\/wp-json\/wp\/v2\/pages\/10312\/revisions"}],"predecessor-version":[{"id":10316,"href":"https:\/\/amplitudmodulada.com.ar\/index.php\/wp-json\/wp\/v2\/pages\/10312\/revisions\/10316"}],"wp:attachment":[{"href":"https:\/\/amplitudmodulada.com.ar\/index.php\/wp-json\/wp\/v2\/media?parent=10312"}],"curies":[{"name":"wp","href":"https:\/\/api.w.org\/{rel}","templated":true}]}}