{"id":10318,"date":"2025-12-25T14:02:10","date_gmt":"2025-12-25T17:02:10","guid":{"rendered":"https:\/\/amplitudmodulada.com.ar\/?page_id=10318"},"modified":"2025-12-25T14:14:40","modified_gmt":"2025-12-25T17:14:40","slug":"noticia14090","status":"publish","type":"page","link":"https:\/\/amplitudmodulada.com.ar\/index.php\/noticia14090\/","title":{"rendered":"Radio Continental reorganiza su grilla de programaci\u00f3n"},"content":{"rendered":"\n<figure class=\"wp-block-image size-full\"><img loading=\"lazy\" decoding=\"async\" width=\"154\" height=\"100\" src=\"http:\/\/amplitudmodulada.com.ar\/wp-content\/uploads\/2025\/12\/590-e1766682242111.png\" alt=\"\" class=\"wp-image-10320\"\/><\/figure>\n\n\n\n<p>Con una reorganizaci\u00f3n de sus ciclos, incorporaciones y regresos, LS4 Radio Continental defini\u00f3 la programaci\u00f3n que pondr\u00e1 al aire en 2026.<\/p>\n\n\n\n<p>Desde el lunes 5 de enero y hasta comienzos de febrero se concretar\u00e1n estos cambios en la grilla de programaci\u00f3n de la emisora de Amplitud Modulada que opera el Grupo Octubre.<\/p>\n\n\n\n<p>En ese sentido, Radio Continental le dar\u00e1 aire nuevamente al locutor y periodista Daniel L\u00f3pez, que volver\u00e1 a conducir su cl\u00e1sico &#8220;Primera Hora&#8221;, de lunes a viernes de 5.00 a 6.00 horas.<\/p>\n\n\n\n<p>Luego, continuar\u00e1 el ciclo &#8220;Chacra Agro Continental&#8221;, con la conducci\u00f3n de Alejandro C\u00e1nepa y Carina Rodr\u00edguez.<\/p>\n\n\n\n<p>En tanto, Fernando Carnota comenzar\u00e1 su tercera temporada en la emisora, donde estar\u00e1 de 7.00 a 10.00 horas, mientras que Fernando Mancini conducir\u00e1 &#8220;Mancini 590&#8221;, de 10.00 a 14.00 horas.<\/p>\n\n\n\n<p>A la tarde, &#8220;F\u00fatbol Continental. Primera Edici\u00f3n&#8221; tendr\u00e1 nuevo horario, de 14.00 a 16.00 horas, y luego se sumar\u00e1 a la grilla un nuevo ciclo que tendr\u00e1 a la periodista Laura Di Marco como su conductora.<\/p>\n\n\n\n<p>De 18.00 a 20.00 horas se emitir\u00e1 &#8220;Pulso Continental&#8221;, con Eduardo Serenellini, y m\u00e1s tarde, de 20.00 a 22.00 horas, &#8220;F\u00fatbol Continental. Segund Edici\u00f3n&#8221;, con Pablo Ladaga y equipo.<\/p>\n\n\n\n<p>Por \u00faltimo, a partir de las 22.00 horas y hasta la medianoche, estar\u00e1 la astr\u00f3loga Jimena Latorre.<\/p>\n\n\n\n<p>Fuente: <a href=\"http:\/\/www.lanacion.com.ar\" data-type=\"link\" data-id=\"www.lanacion.com.ar\" target=\"_blank\" rel=\"noreferrer noopener\">www.lanacion.com.ar<\/a> | Ciudad Aut\u00f3noma de Buenos Aires | 23.12.25<\/p>\n","protected":false},"excerpt":{"rendered":"<p>Con una reorganizaci\u00f3n de sus ciclos, incorporaciones y regresos, LS4 Radio Continental defini\u00f3 la programaci\u00f3n que pondr\u00e1 al aire en 2026. Desde el lunes 5 de enero y hasta comienzos de febrero se concretar\u00e1n estos cambios en la grilla de programaci\u00f3n de la emisora de Amplitud Modulada que opera el Grupo Octubre. En ese sentido, &hellip; <a href=\"https:\/\/amplitudmodulada.com.ar\/index.php\/noticia14090\/\" class=\"more-link\">Continu\u00e1 leyendo <span class=\"screen-reader-text\">Radio Continental reorganiza su grilla de programaci\u00f3n<\/span><\/a><\/p>\n","protected":false},"author":1,"featured_media":0,"parent":0,"menu_order":0,"comment_status":"closed","ping_status":"closed","template":"","meta":{"footnotes":""},"class_list":["post-10318","page","type-page","status-publish","hentry"],"_links":{"self":[{"href":"https:\/\/amplitudmodulada.com.ar\/index.php\/wp-json\/wp\/v2\/pages\/10318","targetHints":{"allow":["GET"]}}],"collection":[{"href":"https:\/\/amplitudmodulada.com.ar\/index.php\/wp-json\/wp\/v2\/pages"}],"about":[{"href":"https:\/\/amplitudmodulada.com.ar\/index.php\/wp-json\/wp\/v2\/types\/page"}],"author":[{"embeddable":true,"href":"https:\/\/amplitudmodulada.com.ar\/index.php\/wp-json\/wp\/v2\/users\/1"}],"replies":[{"embeddable":true,"href":"https:\/\/amplitudmodulada.com.ar\/index.php\/wp-json\/wp\/v2\/comments?post=10318"}],"version-history":[{"count":2,"href":"https:\/\/amplitudmodulada.com.ar\/index.php\/wp-json\/wp\/v2\/pages\/10318\/revisions"}],"predecessor-version":[{"id":10322,"href":"https:\/\/amplitudmodulada.com.ar\/index.php\/wp-json\/wp\/v2\/pages\/10318\/revisions\/10322"}],"wp:attachment":[{"href":"https:\/\/amplitudmodulada.com.ar\/index.php\/wp-json\/wp\/v2\/media?parent=10318"}],"curies":[{"name":"wp","href":"https:\/\/api.w.org\/{rel}","templated":true}]}}