{"id":10325,"date":"2025-12-25T15:59:17","date_gmt":"2025-12-25T18:59:17","guid":{"rendered":"https:\/\/amplitudmodulada.com.ar\/?page_id=10325"},"modified":"2025-12-25T16:04:48","modified_gmt":"2025-12-25T19:04:48","slug":"noticia14091","status":"publish","type":"page","link":"https:\/\/amplitudmodulada.com.ar\/index.php\/noticia14091\/","title":{"rendered":"Julio Lagos seguir\u00e1 al frente de &#8220;La Radio Sos Vos&#8221; en 2026"},"content":{"rendered":"\n<figure class=\"wp-block-image size-full\"><img loading=\"lazy\" decoding=\"async\" width=\"174\" height=\"60\" src=\"http:\/\/amplitudmodulada.com.ar\/wp-content\/uploads\/2024\/01\/630-e1704586384620.png\" alt=\"\" class=\"wp-image-115\"\/><\/figure>\n\n\n\n<p>El periodista y locutor Julio Lagos renov\u00f3 contrato con LS5 Radio Rivadavia y continuar\u00e1 con el programa &#8220;La Radio Sos Vos&#8221; en 2026.<\/p>\n\n\n\n<p>As\u00ed lo anunci\u00f3 la agencia Noticias Argentinas, luego de que Julio Lagos firmara el contrato de renovaci\u00f3n por tercer a\u00f1o consecutivo con Radio Rivadavia.<\/p>\n\n\n\n<p>El ciclo continuar\u00e1 en 2026 en su horario habitual, los s\u00e1bados de 17.00 a 22.00 horas,  con el mismo equipo de a\u00f1os anteriores.<\/p>\n\n\n\n<p>&#8220;La Radio Sos Vos&#8221; es un programa con llegada federal y global, ya que tiene p\u00fablico que lo escucha desde distintas partes del pa\u00eds y el mundo.<\/p>\n\n\n\n<p>Fuente: <a href=\"http:\/\/www.noticiasargentinas.com\" data-type=\"link\" data-id=\"www.noticiasargentinas.com\" target=\"_blank\" rel=\"noreferrer noopener\">www.noticiasargentinas.com<\/a> | Ciudad Aut\u00f3noma de Buenos Aires | 24.12.25 <\/p>\n","protected":false},"excerpt":{"rendered":"<p>El periodista y locutor Julio Lagos renov\u00f3 contrato con LS5 Radio Rivadavia y continuar\u00e1 con el programa &#8220;La Radio Sos Vos&#8221; en 2026. As\u00ed lo anunci\u00f3 la agencia Noticias Argentinas, luego de que Julio Lagos firmara el contrato de renovaci\u00f3n por tercer a\u00f1o consecutivo con Radio Rivadavia. El ciclo continuar\u00e1 en 2026 en su horario &hellip; <a href=\"https:\/\/amplitudmodulada.com.ar\/index.php\/noticia14091\/\" class=\"more-link\">Continu\u00e1 leyendo <span class=\"screen-reader-text\">Julio Lagos seguir\u00e1 al frente de &#8220;La Radio Sos Vos&#8221; en 2026<\/span><\/a><\/p>\n","protected":false},"author":1,"featured_media":0,"parent":0,"menu_order":0,"comment_status":"closed","ping_status":"closed","template":"","meta":{"footnotes":""},"class_list":["post-10325","page","type-page","status-publish","hentry"],"_links":{"self":[{"href":"https:\/\/amplitudmodulada.com.ar\/index.php\/wp-json\/wp\/v2\/pages\/10325","targetHints":{"allow":["GET"]}}],"collection":[{"href":"https:\/\/amplitudmodulada.com.ar\/index.php\/wp-json\/wp\/v2\/pages"}],"about":[{"href":"https:\/\/amplitudmodulada.com.ar\/index.php\/wp-json\/wp\/v2\/types\/page"}],"author":[{"embeddable":true,"href":"https:\/\/amplitudmodulada.com.ar\/index.php\/wp-json\/wp\/v2\/users\/1"}],"replies":[{"embeddable":true,"href":"https:\/\/amplitudmodulada.com.ar\/index.php\/wp-json\/wp\/v2\/comments?post=10325"}],"version-history":[{"count":2,"href":"https:\/\/amplitudmodulada.com.ar\/index.php\/wp-json\/wp\/v2\/pages\/10325\/revisions"}],"predecessor-version":[{"id":10328,"href":"https:\/\/amplitudmodulada.com.ar\/index.php\/wp-json\/wp\/v2\/pages\/10325\/revisions\/10328"}],"wp:attachment":[{"href":"https:\/\/amplitudmodulada.com.ar\/index.php\/wp-json\/wp\/v2\/media?parent=10325"}],"curies":[{"name":"wp","href":"https:\/\/api.w.org\/{rel}","templated":true}]}}