{"id":10331,"date":"2025-12-27T11:31:18","date_gmt":"2025-12-27T14:31:18","guid":{"rendered":"https:\/\/amplitudmodulada.com.ar\/?page_id=10331"},"modified":"2025-12-27T11:44:53","modified_gmt":"2025-12-27T14:44:53","slug":"noticia14092","status":"publish","type":"page","link":"https:\/\/amplitudmodulada.com.ar\/index.php\/noticia14092\/","title":{"rendered":"Cadena 3 emiti\u00f3 el concierto navide\u00f1o de Andr\u00e9 Rieu"},"content":{"rendered":"\n<figure class=\"wp-block-image size-full\"><img loading=\"lazy\" decoding=\"async\" width=\"169\" height=\"55\" src=\"http:\/\/amplitudmodulada.com.ar\/wp-content\/uploads\/2024\/02\/cadena3-e1709142729643.png\" alt=\"\" class=\"wp-image-1072\"\/><\/figure>\n\n\n\n<p>En la previa de Nochebuena, Cadena 3 emiti\u00f3 el tradicional concierto navide\u00f1o de Andr\u00b4e Rieu, una propuesta que llev\u00f3 m\u00fasica, emoci\u00f3n y esp\u00edritu festivo a  su audiencia.<\/p>\n\n\n\n<p>El programa especial estuvo centrado en el cl\u00e1sico concierto navide\u00f1o que el violinista y director realiza cada a\u00f1o en Maastricht, su ciudad natal, en los Pa\u00edses Bajos.<\/p>\n\n\n\n<p>A trav\u00e9s de valses, piezas clases y momentos emblem\u00e1ticos de ese espect\u00e1culo multitudinario, la audiencia de Cadena 3 pudo sentirse parte de un evento que convoca a p\u00fablico de todo el mundo.<\/p>\n\n\n\n<p>La emisi\u00f3n form\u00f3 parte de una cobertura especial de Cadena 3 desde Maastricht, que incluy\u00f3 la asistencia al show y una entrevista en profundidad con Andr\u00e9 Rieu realizada en su propia casa.<\/p>\n\n\n\n<p>Ese trabajo period\u00edstico permiti\u00f3 ofrecer un contenido cercano y cuidado, que traslad\u00f3 el universo art\u00edstico del m\u00fasico a la intimidad de cada hogar argentino.<\/p>\n\n\n\n<p>El programa se pudo seguir tanto al aire como a trav\u00e9s de las plataformas digitales de Cadena 3.<\/p>\n\n\n\n<p>Fuente: <a href=\"http:\/\/www.cadena3.com\" data-type=\"link\" data-id=\"www.cadena3.com\" target=\"_blank\" rel=\"noreferrer noopener\">www.cadena3.com<\/a> | C\u00f3rdoba &#8211; C\u00f3rdoba | 25.12.25<\/p>\n\n\n\n<p><\/p>\n","protected":false},"excerpt":{"rendered":"<p>En la previa de Nochebuena, Cadena 3 emiti\u00f3 el tradicional concierto navide\u00f1o de Andr\u00b4e Rieu, una propuesta que llev\u00f3 m\u00fasica, emoci\u00f3n y esp\u00edritu festivo a su audiencia. El programa especial estuvo centrado en el cl\u00e1sico concierto navide\u00f1o que el violinista y director realiza cada a\u00f1o en Maastricht, su ciudad natal, en los Pa\u00edses Bajos. A &hellip; <a href=\"https:\/\/amplitudmodulada.com.ar\/index.php\/noticia14092\/\" class=\"more-link\">Continu\u00e1 leyendo <span class=\"screen-reader-text\">Cadena 3 emiti\u00f3 el concierto navide\u00f1o de Andr\u00e9 Rieu<\/span><\/a><\/p>\n","protected":false},"author":1,"featured_media":0,"parent":0,"menu_order":0,"comment_status":"closed","ping_status":"closed","template":"","meta":{"footnotes":""},"class_list":["post-10331","page","type-page","status-publish","hentry"],"_links":{"self":[{"href":"https:\/\/amplitudmodulada.com.ar\/index.php\/wp-json\/wp\/v2\/pages\/10331","targetHints":{"allow":["GET"]}}],"collection":[{"href":"https:\/\/amplitudmodulada.com.ar\/index.php\/wp-json\/wp\/v2\/pages"}],"about":[{"href":"https:\/\/amplitudmodulada.com.ar\/index.php\/wp-json\/wp\/v2\/types\/page"}],"author":[{"embeddable":true,"href":"https:\/\/amplitudmodulada.com.ar\/index.php\/wp-json\/wp\/v2\/users\/1"}],"replies":[{"embeddable":true,"href":"https:\/\/amplitudmodulada.com.ar\/index.php\/wp-json\/wp\/v2\/comments?post=10331"}],"version-history":[{"count":4,"href":"https:\/\/amplitudmodulada.com.ar\/index.php\/wp-json\/wp\/v2\/pages\/10331\/revisions"}],"predecessor-version":[{"id":10337,"href":"https:\/\/amplitudmodulada.com.ar\/index.php\/wp-json\/wp\/v2\/pages\/10331\/revisions\/10337"}],"wp:attachment":[{"href":"https:\/\/amplitudmodulada.com.ar\/index.php\/wp-json\/wp\/v2\/media?parent=10331"}],"curies":[{"name":"wp","href":"https:\/\/api.w.org\/{rel}","templated":true}]}}