{"id":10340,"date":"2025-12-27T13:00:40","date_gmt":"2025-12-27T16:00:40","guid":{"rendered":"https:\/\/amplitudmodulada.com.ar\/?page_id=10340"},"modified":"2025-12-27T13:15:30","modified_gmt":"2025-12-27T16:15:30","slug":"noticia14093","status":"publish","type":"page","link":"https:\/\/amplitudmodulada.com.ar\/index.php\/noticia14093\/","title":{"rendered":"El programa &#8220;Campeones&#8221; estar\u00e1 presente en el Rally Dakar 2026"},"content":{"rendered":"\n<figure class=\"wp-block-image size-full\"><img loading=\"lazy\" decoding=\"async\" width=\"139\" height=\"100\" src=\"http:\/\/amplitudmodulada.com.ar\/wp-content\/uploads\/2025\/01\/campeonesradio-e1737995407497.png\" alt=\"\" class=\"wp-image-5801\"\/><\/figure>\n\n\n\n<p>Como viene ocurriendo desde el a\u00f1o 2009, el programa &#8220;Campeones&#8221;, que se emite por LS4 Radio Continental, estar\u00e1 presente en una nueva edici\u00f3n del Rally Dakar, que se llevar\u00e1 a cabo este a\u00f1o en Arabia Saudita.<\/p>\n\n\n\n<p>Por tercer a\u00f1o consecutivo, &#8220;Campeones&#8221; incorpora, adem\u00e1s, la transmisi\u00f3n en simult\u00e1neo por streaming a trav\u00e9s del Canal de YouTube del programa.<\/p>\n\n\n\n<p>A trav\u00e9s de esa plataforma, se emitir\u00e1 de 9.00 a 13.00 horas el seguimiento en directo de la competencia y, entre las 17.00 y las 18.00 horas, el resumen final de cada etapa.<\/p>\n\n\n\n<p>Sumado a ello, &#8220;Campeones&#8221; mantendr\u00e1 la transmisi\u00f3n radial a trav\u00e9s de Radio Continental de lunes a viernes de 22.00 a 24.00 horas, con el an\u00e1lisis de lo m\u00e1s destacado de cada una de las etapas de la competencia.<\/p>\n\n\n\n<p>Las transmisiones del Rally Dakar 2026 se extender\u00e1n entre el 2 y el 18 de enero.<\/p>\n\n\n\n<p>Fuente: <a href=\"http:\/\/www.campeones.com.ar\" data-type=\"link\" data-id=\"www.campeones.com.ar\" target=\"_blank\" rel=\"noreferrer noopener\">www.campeones.com.ar<\/a> | Ciudad Aut\u00f3noma de Buenos Aires | 26.12.25<\/p>\n\n\n\n<p><\/p>\n","protected":false},"excerpt":{"rendered":"<p>Como viene ocurriendo desde el a\u00f1o 2009, el programa &#8220;Campeones&#8221;, que se emite por LS4 Radio Continental, estar\u00e1 presente en una nueva edici\u00f3n del Rally Dakar, que se llevar\u00e1 a cabo este a\u00f1o en Arabia Saudita. Por tercer a\u00f1o consecutivo, &#8220;Campeones&#8221; incorpora, adem\u00e1s, la transmisi\u00f3n en simult\u00e1neo por streaming a trav\u00e9s del Canal de YouTube &hellip; <a href=\"https:\/\/amplitudmodulada.com.ar\/index.php\/noticia14093\/\" class=\"more-link\">Continu\u00e1 leyendo <span class=\"screen-reader-text\">El programa &#8220;Campeones&#8221; estar\u00e1 presente en el Rally Dakar 2026<\/span><\/a><\/p>\n","protected":false},"author":1,"featured_media":0,"parent":0,"menu_order":0,"comment_status":"closed","ping_status":"closed","template":"","meta":{"footnotes":""},"class_list":["post-10340","page","type-page","status-publish","hentry"],"_links":{"self":[{"href":"https:\/\/amplitudmodulada.com.ar\/index.php\/wp-json\/wp\/v2\/pages\/10340","targetHints":{"allow":["GET"]}}],"collection":[{"href":"https:\/\/amplitudmodulada.com.ar\/index.php\/wp-json\/wp\/v2\/pages"}],"about":[{"href":"https:\/\/amplitudmodulada.com.ar\/index.php\/wp-json\/wp\/v2\/types\/page"}],"author":[{"embeddable":true,"href":"https:\/\/amplitudmodulada.com.ar\/index.php\/wp-json\/wp\/v2\/users\/1"}],"replies":[{"embeddable":true,"href":"https:\/\/amplitudmodulada.com.ar\/index.php\/wp-json\/wp\/v2\/comments?post=10340"}],"version-history":[{"count":3,"href":"https:\/\/amplitudmodulada.com.ar\/index.php\/wp-json\/wp\/v2\/pages\/10340\/revisions"}],"predecessor-version":[{"id":10345,"href":"https:\/\/amplitudmodulada.com.ar\/index.php\/wp-json\/wp\/v2\/pages\/10340\/revisions\/10345"}],"wp:attachment":[{"href":"https:\/\/amplitudmodulada.com.ar\/index.php\/wp-json\/wp\/v2\/media?parent=10340"}],"curies":[{"name":"wp","href":"https:\/\/api.w.org\/{rel}","templated":true}]}}