{"id":10355,"date":"2025-12-30T15:03:05","date_gmt":"2025-12-30T18:03:05","guid":{"rendered":"https:\/\/amplitudmodulada.com.ar\/?page_id=10355"},"modified":"2025-12-30T15:17:02","modified_gmt":"2025-12-30T18:17:02","slug":"noticia14095","status":"publish","type":"page","link":"https:\/\/amplitudmodulada.com.ar\/index.php\/noticia14095\/","title":{"rendered":"El periodista Franco Mercuriali anunci\u00f3 su salida de Radio Rivadavia"},"content":{"rendered":"\n<figure class=\"wp-block-image size-full\"><img loading=\"lazy\" decoding=\"async\" width=\"174\" height=\"60\" src=\"http:\/\/amplitudmodulada.com.ar\/wp-content\/uploads\/2024\/01\/630-e1704586384620.png\" alt=\"\" class=\"wp-image-115\"\/><\/figure>\n\n\n\n<p>Con c\u00e1lidas palabras hacia los directivos y su equipo, el periodista Franco Mercuriali se despidi\u00f3 este domingo 28 de diciembre de LS5 Radio Rivadavia, emisora en la que conduc\u00eda todos los domingos el programa &#8220;Mercuriali 630&#8221;.<\/p>\n\n\n\n<p>&#8220;No sigo el a\u00f1o que viene en la radio, pero estoy muy agradecido&#8221;, expres\u00f3 el conductor radial durante la emisi\u00f3n de su programa.<\/p>\n\n\n\n<p>En ese sentido, explic\u00f3 que &#8220;ten\u00edamos previsto seguir en 2026, pero me surgi\u00f3 una proopuesta que tom\u00e9 porque es de lunes a viernes en otra radio&#8221;.<\/p>\n\n\n\n<p>&#8220;Me pareci\u00f3 mejor para mi vida tener el domingo liberado por la ma\u00f1ana para descansar mejor y estar m\u00e1s en familia&#8221;, a\u00f1adi\u00f3.<\/p>\n\n\n\n<p>M\u00e1s tarde, en las redes sociales, el conductor de &#8220;Mercuriali 630&#8221; agradeci\u00f3 a los directivos de la emisora, a sus compa\u00f1eros y a los oyentes.<\/p>\n\n\n\n<p>&#8220;Gracias a mis compa\u00f1eros. En muy poco tiempo generamos una energ\u00eda espectacular. Los voy a extra\u00f1ar mucho. Gracias a Jonatan Andreani por abrirme las puertas de la radio este a\u00f1o y por la propuesta para el 2026&#8221;, escribi\u00f3.<\/p>\n\n\n\n<p>El programa &#8220;Mercuriali 630&#8221; se emit\u00eda todos los domingos de 9.00 a 12.00 horas.<\/p>\n\n\n\n<p>Fuente: <a href=\"http:\/\/www.perfil.com\" data-type=\"link\" data-id=\"www.perfil.com\" target=\"_blank\" rel=\"noreferrer noopener\">www.perfil.com<\/a> | Ciudad Aut\u00f3noma de Buenos Aires | 29.12.25<\/p>\n\n\n\n<p><\/p>\n","protected":false},"excerpt":{"rendered":"<p>Con c\u00e1lidas palabras hacia los directivos y su equipo, el periodista Franco Mercuriali se despidi\u00f3 este domingo 28 de diciembre de LS5 Radio Rivadavia, emisora en la que conduc\u00eda todos los domingos el programa &#8220;Mercuriali 630&#8221;. &#8220;No sigo el a\u00f1o que viene en la radio, pero estoy muy agradecido&#8221;, expres\u00f3 el conductor radial durante la &hellip; <a href=\"https:\/\/amplitudmodulada.com.ar\/index.php\/noticia14095\/\" class=\"more-link\">Continu\u00e1 leyendo <span class=\"screen-reader-text\">El periodista Franco Mercuriali anunci\u00f3 su salida de Radio Rivadavia<\/span><\/a><\/p>\n","protected":false},"author":1,"featured_media":0,"parent":0,"menu_order":0,"comment_status":"closed","ping_status":"closed","template":"","meta":{"footnotes":""},"class_list":["post-10355","page","type-page","status-publish","hentry"],"_links":{"self":[{"href":"https:\/\/amplitudmodulada.com.ar\/index.php\/wp-json\/wp\/v2\/pages\/10355","targetHints":{"allow":["GET"]}}],"collection":[{"href":"https:\/\/amplitudmodulada.com.ar\/index.php\/wp-json\/wp\/v2\/pages"}],"about":[{"href":"https:\/\/amplitudmodulada.com.ar\/index.php\/wp-json\/wp\/v2\/types\/page"}],"author":[{"embeddable":true,"href":"https:\/\/amplitudmodulada.com.ar\/index.php\/wp-json\/wp\/v2\/users\/1"}],"replies":[{"embeddable":true,"href":"https:\/\/amplitudmodulada.com.ar\/index.php\/wp-json\/wp\/v2\/comments?post=10355"}],"version-history":[{"count":3,"href":"https:\/\/amplitudmodulada.com.ar\/index.php\/wp-json\/wp\/v2\/pages\/10355\/revisions"}],"predecessor-version":[{"id":10359,"href":"https:\/\/amplitudmodulada.com.ar\/index.php\/wp-json\/wp\/v2\/pages\/10355\/revisions\/10359"}],"wp:attachment":[{"href":"https:\/\/amplitudmodulada.com.ar\/index.php\/wp-json\/wp\/v2\/media?parent=10355"}],"curies":[{"name":"wp","href":"https:\/\/api.w.org\/{rel}","templated":true}]}}