{"id":10362,"date":"2025-12-30T16:37:26","date_gmt":"2025-12-30T19:37:26","guid":{"rendered":"https:\/\/amplitudmodulada.com.ar\/?page_id=10362"},"modified":"2025-12-30T16:46:32","modified_gmt":"2025-12-30T19:46:32","slug":"noticia14096","status":"publish","type":"page","link":"https:\/\/amplitudmodulada.com.ar\/index.php\/noticia14096\/","title":{"rendered":"Franco Mercuriali reemplazar\u00e1 a Horacio Cabak en El Observador"},"content":{"rendered":"\n<figure class=\"wp-block-image size-full\"><img loading=\"lazy\" decoding=\"async\" width=\"120\" height=\"70\" src=\"http:\/\/amplitudmodulada.com.ar\/wp-content\/uploads\/2024\/01\/elobservador-e1704583278989.png\" alt=\"\" class=\"wp-image-105\"\/><\/figure>\n\n\n\n<p>Tras la salida de Horacio Cabak de la emisora de Frecuencia Modulada El Observador, la radio anunci\u00f3 este lunes 29 de diciembre que su lugar ser\u00e1 ocupado por Franco Mercuriali.<\/p>\n\n\n\n<p>&#8220;Vuelve Franco. Desde el 2 de febrero Franco Mercuriali vuelve y se suma a la programaci\u00f3n de El Observador con Mercuriali 107.9 de lunes a viernes, de 13.00 a 16.00 horas&#8221;, anunci\u00f3 la emisora de Frecuencia Modulada.<\/p>\n\n\n\n<p>Adem\u00e1s, la emisora dio a conocer los nombres que acompa\u00f1ar\u00e1n a Franco Mercuriali.<\/p>\n\n\n\n<p>&#8220;Actualidad, espect\u00e1culos, entretenimientos y an\u00e1lisis, acompa\u00f1ado por Vanina Parejas, Tom\u00e1s D\u00edaz Cueto, Gustavo Carabajal, Alejandro Casar Gonz\u00e1lez y Camila Spagnolo, en una mesa pensada para entender lo que pasa y lo que viene&#8221;, public\u00f3 El Observador.<\/p>\n\n\n\n<p>Este domingo 28 de diciembre Franco Mercuriali hab\u00eda anunciado su desvinculaci\u00f3n de LS5 Radio Rivadavia, donde conduc\u00eda un ciclo semanal los domingos por la ma\u00f1ana.<\/p>\n\n\n\n<p>El Observador sale al aire desde la Ciudad de Buenos Aires en 107.9 Mhz.<\/p>\n\n\n\n<p>Fuente: <a href=\"http:\/\/www.perfil.com\" data-type=\"link\" data-id=\"www.perfil.com\" target=\"_blank\" rel=\"noreferrer noopener\">www.perfil.com<\/a> | Ciudad Aut\u00f3noma de Buenos Aires | 29.12.25<\/p>\n","protected":false},"excerpt":{"rendered":"<p>Tras la salida de Horacio Cabak de la emisora de Frecuencia Modulada El Observador, la radio anunci\u00f3 este lunes 29 de diciembre que su lugar ser\u00e1 ocupado por Franco Mercuriali. &#8220;Vuelve Franco. Desde el 2 de febrero Franco Mercuriali vuelve y se suma a la programaci\u00f3n de El Observador con Mercuriali 107.9 de lunes a &hellip; <a href=\"https:\/\/amplitudmodulada.com.ar\/index.php\/noticia14096\/\" class=\"more-link\">Continu\u00e1 leyendo <span class=\"screen-reader-text\">Franco Mercuriali reemplazar\u00e1 a Horacio Cabak en El Observador<\/span><\/a><\/p>\n","protected":false},"author":1,"featured_media":0,"parent":0,"menu_order":0,"comment_status":"closed","ping_status":"closed","template":"","meta":{"footnotes":""},"class_list":["post-10362","page","type-page","status-publish","hentry"],"_links":{"self":[{"href":"https:\/\/amplitudmodulada.com.ar\/index.php\/wp-json\/wp\/v2\/pages\/10362","targetHints":{"allow":["GET"]}}],"collection":[{"href":"https:\/\/amplitudmodulada.com.ar\/index.php\/wp-json\/wp\/v2\/pages"}],"about":[{"href":"https:\/\/amplitudmodulada.com.ar\/index.php\/wp-json\/wp\/v2\/types\/page"}],"author":[{"embeddable":true,"href":"https:\/\/amplitudmodulada.com.ar\/index.php\/wp-json\/wp\/v2\/users\/1"}],"replies":[{"embeddable":true,"href":"https:\/\/amplitudmodulada.com.ar\/index.php\/wp-json\/wp\/v2\/comments?post=10362"}],"version-history":[{"count":3,"href":"https:\/\/amplitudmodulada.com.ar\/index.php\/wp-json\/wp\/v2\/pages\/10362\/revisions"}],"predecessor-version":[{"id":10367,"href":"https:\/\/amplitudmodulada.com.ar\/index.php\/wp-json\/wp\/v2\/pages\/10362\/revisions\/10367"}],"wp:attachment":[{"href":"https:\/\/amplitudmodulada.com.ar\/index.php\/wp-json\/wp\/v2\/media?parent=10362"}],"curies":[{"name":"wp","href":"https:\/\/api.w.org\/{rel}","templated":true}]}}