{"id":10370,"date":"2025-12-31T13:44:42","date_gmt":"2025-12-31T16:44:42","guid":{"rendered":"https:\/\/amplitudmodulada.com.ar\/?page_id=10370"},"modified":"2025-12-31T13:58:34","modified_gmt":"2025-12-31T16:58:34","slug":"noticia14097","status":"publish","type":"page","link":"https:\/\/amplitudmodulada.com.ar\/index.php\/noticia14097\/","title":{"rendered":"Cierra la emisora cat\u00f3lica Radio Murialdo"},"content":{"rendered":"\n<figure class=\"wp-block-image size-full\"><img loading=\"lazy\" decoding=\"async\" width=\"132\" height=\"120\" src=\"http:\/\/amplitudmodulada.com.ar\/wp-content\/uploads\/2025\/12\/murialdo-e1767199505340.png\" alt=\"\" class=\"wp-image-10373\"\/><\/figure>\n\n\n\n<p>El Arzobispado de Mendoza anunci\u00f3 este martes que la Congregaci\u00f3n de San Jos\u00e9 resolvi\u00f3 cesar las transmisiones de Radio Murialdo, emisora que llevaba treinta y seis a\u00f1os en el aire.<\/p>\n\n\n\n<p>En el comunicado oficial, se precis\u00f3 que ya se inici\u00f3 &#8220;el procedimiento de devoluci\u00f3n de la frecuencia radial 90.5 Mhz. ante la autoridad competente, conforme a la normativa vigente&#8221;.<\/p>\n\n\n\n<p>Desde el Arzobispado de Mendoza explicaron que la decisi\u00f3n se tom\u00f3 por la &#8220;imposibilidad de continuar afrontando los costos operativos y de sostenibilidad del servicio radial&#8221;.<\/p>\n\n\n\n<p>Asimismo, remarcaron que la frecuencia hab\u00eda sido &#8220;otorgada con una finalidad pastoral y de servicio a la comunidad&#8221; por lo que el Arzobispado de Mendoza acompa\u00f1a la decisi\u00f3n adoptada por la congregaci\u00f3n y cumple con las obligaciones legales que se derivan del cese de actividades.<\/p>\n\n\n\n<p>Radio Murialdo comenz\u00f3 a emitir en 1992 y su estudios estaban ubicados en avenida Bandera de los Andes, en Villa Nueva.<\/p>\n\n\n\n<p>Fuente: <a href=\"http:\/\/www.losandes.com.ar\" data-type=\"link\" data-id=\"www.losandes.com.ar\" target=\"_blank\" rel=\"noreferrer noopener\">www.losandes.com.ar<\/a> | Mendoza &#8211; Mendoza | 30.12.25<\/p>\n","protected":false},"excerpt":{"rendered":"<p>El Arzobispado de Mendoza anunci\u00f3 este martes que la Congregaci\u00f3n de San Jos\u00e9 resolvi\u00f3 cesar las transmisiones de Radio Murialdo, emisora que llevaba treinta y seis a\u00f1os en el aire. En el comunicado oficial, se precis\u00f3 que ya se inici\u00f3 &#8220;el procedimiento de devoluci\u00f3n de la frecuencia radial 90.5 Mhz. ante la autoridad competente, conforme &hellip; <a href=\"https:\/\/amplitudmodulada.com.ar\/index.php\/noticia14097\/\" class=\"more-link\">Continu\u00e1 leyendo <span class=\"screen-reader-text\">Cierra la emisora cat\u00f3lica Radio Murialdo<\/span><\/a><\/p>\n","protected":false},"author":1,"featured_media":0,"parent":0,"menu_order":0,"comment_status":"closed","ping_status":"closed","template":"","meta":{"footnotes":""},"class_list":["post-10370","page","type-page","status-publish","hentry"],"_links":{"self":[{"href":"https:\/\/amplitudmodulada.com.ar\/index.php\/wp-json\/wp\/v2\/pages\/10370","targetHints":{"allow":["GET"]}}],"collection":[{"href":"https:\/\/amplitudmodulada.com.ar\/index.php\/wp-json\/wp\/v2\/pages"}],"about":[{"href":"https:\/\/amplitudmodulada.com.ar\/index.php\/wp-json\/wp\/v2\/types\/page"}],"author":[{"embeddable":true,"href":"https:\/\/amplitudmodulada.com.ar\/index.php\/wp-json\/wp\/v2\/users\/1"}],"replies":[{"embeddable":true,"href":"https:\/\/amplitudmodulada.com.ar\/index.php\/wp-json\/wp\/v2\/comments?post=10370"}],"version-history":[{"count":3,"href":"https:\/\/amplitudmodulada.com.ar\/index.php\/wp-json\/wp\/v2\/pages\/10370\/revisions"}],"predecessor-version":[{"id":10375,"href":"https:\/\/amplitudmodulada.com.ar\/index.php\/wp-json\/wp\/v2\/pages\/10370\/revisions\/10375"}],"wp:attachment":[{"href":"https:\/\/amplitudmodulada.com.ar\/index.php\/wp-json\/wp\/v2\/media?parent=10370"}],"curies":[{"name":"wp","href":"https:\/\/api.w.org\/{rel}","templated":true}]}}