{"id":10384,"date":"2025-12-31T17:35:42","date_gmt":"2025-12-31T20:35:42","guid":{"rendered":"https:\/\/amplitudmodulada.com.ar\/?page_id=10384"},"modified":"2025-12-31T17:51:31","modified_gmt":"2025-12-31T20:51:31","slug":"noticia14099","status":"publish","type":"page","link":"https:\/\/amplitudmodulada.com.ar\/index.php\/noticia14099\/","title":{"rendered":"El intendente de Esquel se refiri\u00f3 al traslado de la planta transmisora de LRA9 Radio Nacional Esquel"},"content":{"rendered":"\n<figure class=\"wp-block-image size-full\"><img loading=\"lazy\" decoding=\"async\" width=\"110\" height=\"110\" src=\"http:\/\/amplitudmodulada.com.ar\/wp-content\/uploads\/2024\/10\/LRA-e1728000015658.jpg\" alt=\"\" class=\"wp-image-4179\"\/><\/figure>\n\n\n\n<p>En el marco del posible traslado de la antena de LRA9 Radio Nacional Esquel, el intendente de esa ciudad, Mat\u00edas Taccetta, asegur\u00f3 que &#8220;el avance de las gestiones est\u00e1 condicionado a la continuidad de la emisora&#8221;.<\/p>\n\n\n\n<p>De esa manera, el jefe comunal explic\u00f3 que la posible mudanza depender\u00e1 de que Radio Nacional Esquel contin\u00fae funcionando y de la localizaci\u00f3n de la antena en un predio habilitado.<\/p>\n\n\n\n<p>En ese marco, trabajadores y trabajadoras de Radio Nacional Esquel hicieron p\u00fablica d\u00edas atr\u00e1s una declaraci\u00f3n en la que expresaron su &#8220;profunda preocupaci\u00f3n y rechazo&#8221; ante la posible firma de un acta de intenci\u00f3n entre el Municipio de Esquel y la Administraci\u00f3n de Bienes del Estado (AABE) vinculada a la venta del predio donde actualmente funciona la planta transmisora de la emisora.<\/p>\n\n\n\n<p>Ubicada al norte de la ciudad, el predio consta de dieciseis hect\u00e1reas donde se encuentra la antena de Amplitud Modulada y la infraestructura t\u00e9cnica que garantiza el servicio de Radio Nacional Esquel en la regi\u00f3n.<\/p>\n\n\n\n<p>Ante esta situaci\u00f3n, el intendente de Esquel brind\u00f3 precisiones y sostuvo que la gesti\u00f3n relacionada con el predio no se inici\u00f3 durante su mandato.<\/p>\n\n\n\n<p>&#8220;Es una gesti\u00f3n que se inici\u00f3 hace mucho tiempo atr\u00e1s, no la iniciamos en esta gesti\u00f3n. Lo que hicimos fue desempolvar ese expediente, viendo la intenci\u00f3n del gobierno nacional de ceder o vender esas dieciseis hect\u00e1reas, que son por dem\u00e1s valiosas para el municipio y para el crecimiento que tenemos previsto para nuestra ciudad&#8221;, explic\u00f3.<\/p>\n\n\n\n<p>Fuente: <a href=\"http:\/\/www.eqsnotas.com\" data-type=\"link\" data-id=\"www.eqsnotas.com\" target=\"_blank\" rel=\"noreferrer noopener\">www.eqsnotas.com<\/a> | Esquel &#8211; Chubut | 31.12.25<\/p>\n\n\n\n<p> <\/p>\n","protected":false},"excerpt":{"rendered":"<p>En el marco del posible traslado de la antena de LRA9 Radio Nacional Esquel, el intendente de esa ciudad, Mat\u00edas Taccetta, asegur\u00f3 que &#8220;el avance de las gestiones est\u00e1 condicionado a la continuidad de la emisora&#8221;. De esa manera, el jefe comunal explic\u00f3 que la posible mudanza depender\u00e1 de que Radio Nacional Esquel contin\u00fae funcionando &hellip; <a href=\"https:\/\/amplitudmodulada.com.ar\/index.php\/noticia14099\/\" class=\"more-link\">Continu\u00e1 leyendo <span class=\"screen-reader-text\">El intendente de Esquel se refiri\u00f3 al traslado de la planta transmisora de LRA9 Radio Nacional Esquel<\/span><\/a><\/p>\n","protected":false},"author":1,"featured_media":0,"parent":0,"menu_order":0,"comment_status":"closed","ping_status":"closed","template":"","meta":{"footnotes":""},"class_list":["post-10384","page","type-page","status-publish","hentry"],"_links":{"self":[{"href":"https:\/\/amplitudmodulada.com.ar\/index.php\/wp-json\/wp\/v2\/pages\/10384","targetHints":{"allow":["GET"]}}],"collection":[{"href":"https:\/\/amplitudmodulada.com.ar\/index.php\/wp-json\/wp\/v2\/pages"}],"about":[{"href":"https:\/\/amplitudmodulada.com.ar\/index.php\/wp-json\/wp\/v2\/types\/page"}],"author":[{"embeddable":true,"href":"https:\/\/amplitudmodulada.com.ar\/index.php\/wp-json\/wp\/v2\/users\/1"}],"replies":[{"embeddable":true,"href":"https:\/\/amplitudmodulada.com.ar\/index.php\/wp-json\/wp\/v2\/comments?post=10384"}],"version-history":[{"count":2,"href":"https:\/\/amplitudmodulada.com.ar\/index.php\/wp-json\/wp\/v2\/pages\/10384\/revisions"}],"predecessor-version":[{"id":10387,"href":"https:\/\/amplitudmodulada.com.ar\/index.php\/wp-json\/wp\/v2\/pages\/10384\/revisions\/10387"}],"wp:attachment":[{"href":"https:\/\/amplitudmodulada.com.ar\/index.php\/wp-json\/wp\/v2\/media?parent=10384"}],"curies":[{"name":"wp","href":"https:\/\/api.w.org\/{rel}","templated":true}]}}