{"id":10401,"date":"2026-01-01T19:36:28","date_gmt":"2026-01-01T22:36:28","guid":{"rendered":"https:\/\/amplitudmodulada.com.ar\/?page_id=10401"},"modified":"2026-01-01T19:45:39","modified_gmt":"2026-01-01T22:45:39","slug":"noticia14101","status":"publish","type":"page","link":"https:\/\/amplitudmodulada.com.ar\/index.php\/noticia14101\/","title":{"rendered":"LV11 Radio Santiago del Estero estar\u00e1 presente en el Festival Nacional de la Chacarera"},"content":{"rendered":"\n<figure class=\"wp-block-image size-full\"><img loading=\"lazy\" decoding=\"async\" width=\"171\" height=\"100\" src=\"http:\/\/amplitudmodulada.com.ar\/wp-content\/uploads\/2024\/05\/LV11-e1714598560483.png\" alt=\"\" class=\"wp-image-1835\"\/><\/figure>\n\n\n\n<p>LV11 Radio Santiago del Estero estar\u00e1 presente en la 55\u00ba edici\u00f3n del Festival Nacional de la Chacarera, que se llevar\u00e1 el viernes 2 y el s\u00e1bado 3 de enero, desde las 21.00 horas, en la hist\u00f3rica Plaza A\u00f1oranzas.<\/p>\n\n\n\n<p>La emisora de Santiago del Estero realizar\u00e1 una cobertura exclusiva en vivo, llevando cada acorde, cada zapateo y cada emoci\u00f3n a sus oyentes.<\/p>\n\n\n\n<p>La presentaci\u00f3n oficial del evento cont\u00f3 con la presencia de los subsecretarios de Cultura y Turismo, Juan Leguizam\u00f3n y Nelson Bravo, respectivamente, junto al reconocido m\u00fasico Jorge Luis Carabajal y artistas locales.<\/p>\n\n\n\n<p>Durante la presentaci\u00f3n, se destac\u00f3 la importancia del festival como espacio cultural y tur\u00edstico, a la vez que se reafirm\u00f3 a Santiago del Estero como la cuna de la chacarera y como referente ineludible de la m\u00fasica folkl\u00f3rica nacional.<\/p>\n\n\n\n<p>Radio Santiago del Estero sale al aire en 890 Khz. y 88.1 Mhz.<\/p>\n\n\n\n<p>Fuente: <a href=\"http:\/\/www.nuevodiarioweb.com.ar\" data-type=\"link\" data-id=\"www.nuevodiarioweb.com.ar\" target=\"_blank\" rel=\"noreferrer noopener\">www.nuevodiarioweb.com.ar<\/a> | Santiago del Estero &#8211; Santiago del Estero | 01.01.26<\/p>\n\n\n\n<p><\/p>\n","protected":false},"excerpt":{"rendered":"<p>LV11 Radio Santiago del Estero estar\u00e1 presente en la 55\u00ba edici\u00f3n del Festival Nacional de la Chacarera, que se llevar\u00e1 el viernes 2 y el s\u00e1bado 3 de enero, desde las 21.00 horas, en la hist\u00f3rica Plaza A\u00f1oranzas. La emisora de Santiago del Estero realizar\u00e1 una cobertura exclusiva en vivo, llevando cada acorde, cada zapateo &hellip; <a href=\"https:\/\/amplitudmodulada.com.ar\/index.php\/noticia14101\/\" class=\"more-link\">Continu\u00e1 leyendo <span class=\"screen-reader-text\">LV11 Radio Santiago del Estero estar\u00e1 presente en el Festival Nacional de la Chacarera<\/span><\/a><\/p>\n","protected":false},"author":1,"featured_media":0,"parent":0,"menu_order":0,"comment_status":"closed","ping_status":"closed","template":"","meta":{"footnotes":""},"class_list":["post-10401","page","type-page","status-publish","hentry"],"_links":{"self":[{"href":"https:\/\/amplitudmodulada.com.ar\/index.php\/wp-json\/wp\/v2\/pages\/10401","targetHints":{"allow":["GET"]}}],"collection":[{"href":"https:\/\/amplitudmodulada.com.ar\/index.php\/wp-json\/wp\/v2\/pages"}],"about":[{"href":"https:\/\/amplitudmodulada.com.ar\/index.php\/wp-json\/wp\/v2\/types\/page"}],"author":[{"embeddable":true,"href":"https:\/\/amplitudmodulada.com.ar\/index.php\/wp-json\/wp\/v2\/users\/1"}],"replies":[{"embeddable":true,"href":"https:\/\/amplitudmodulada.com.ar\/index.php\/wp-json\/wp\/v2\/comments?post=10401"}],"version-history":[{"count":3,"href":"https:\/\/amplitudmodulada.com.ar\/index.php\/wp-json\/wp\/v2\/pages\/10401\/revisions"}],"predecessor-version":[{"id":10405,"href":"https:\/\/amplitudmodulada.com.ar\/index.php\/wp-json\/wp\/v2\/pages\/10401\/revisions\/10405"}],"wp:attachment":[{"href":"https:\/\/amplitudmodulada.com.ar\/index.php\/wp-json\/wp\/v2\/media?parent=10401"}],"curies":[{"name":"wp","href":"https:\/\/api.w.org\/{rel}","templated":true}]}}