{"id":10409,"date":"2026-01-01T20:04:39","date_gmt":"2026-01-01T23:04:39","guid":{"rendered":"https:\/\/amplitudmodulada.com.ar\/?page_id=10409"},"modified":"2026-01-01T20:18:13","modified_gmt":"2026-01-01T23:18:13","slug":"noticia14102","status":"publish","type":"page","link":"https:\/\/amplitudmodulada.com.ar\/index.php\/noticia14102\/","title":{"rendered":"Acusan a LT32 Radio Chivilcoy de pretender cobrar abultadas cifras de pauta oficial"},"content":{"rendered":"\n<figure class=\"wp-block-image size-full\"><img loading=\"lazy\" decoding=\"async\" width=\"180\" height=\"74\" src=\"http:\/\/amplitudmodulada.com.ar\/wp-content\/uploads\/2025\/08\/LT32-e1755043727802.png\" alt=\"\" class=\"wp-image-8220\"\/><\/figure>\n\n\n\n<p>El intendente de Chivilcoy, Guillermo Britos, acus\u00f3 este mi\u00e9rcoles 31 de diciembre a LT32 Radio Chivilcoy de pretender cobrar abultadas cifras de pauta oficial de ese municipio.<\/p>\n\n\n\n<p>La acusaci\u00f3n fue vertida al momento de replicar con dureza una nota del diario La Raz\u00f3n de Chivilcoy, del mismo grupo empresario que opera la emisora de Amplitud Modulada.<\/p>\n\n\n\n<p>En ese sentido, el jefe comunal asegur\u00f3 que &#8220;todo est\u00e1 orquestado&#8221; y acus\u00f3 a la emisora de &#8220;pretender cobrar de pauta mucho m\u00e1s de lo que los chivilcoyanos pueden pagar&#8221;.<\/p>\n\n\n\n<p>&#8220;Cuando me toc\u00f3 asumir en 2015, tuve que hacerme cargo, en ese momento, de pautas publicitarias desde agosto de 2015 hasta diciembre que quedaron sin pagar y que eran astron\u00f3micas en el caso de Radio Chivilcoy y muy baratas para otros medios y trabajadores de prensa&#8221;, explic\u00f3 Guillermo Britos.<\/p>\n\n\n\n<p>En ese sentido, el jefe comunal precis\u00f3 que &#8220;Radio Chivilcoy cobraba 115.000 pesos mensuales y la mayor\u00eda de los trabajadores de prensa independientes cobraban entre 1.500 y 8.000 pesos mensuales&#8221;.<\/p>\n\n\n\n<p>&#8220;El monto que cobraba Radio Chivilcoy, al valor del d\u00f3lar de ese momento de 9,50 pesos, era de 12.106 d\u00f3lares mensuales&#8221;, a\u00f1adi\u00f3.<\/p>\n\n\n\n<p>Fuente: <a href=\"http:\/\/www.hoychivilcoy.com\" data-type=\"link\" data-id=\"www.hoychivilcoy.com\" target=\"_blank\" rel=\"noreferrer noopener\">www.hoychivilcoy.com<\/a> | Chivilcoy &#8211; Buenos Aires | 01.01.26<\/p>\n","protected":false},"excerpt":{"rendered":"<p>El intendente de Chivilcoy, Guillermo Britos, acus\u00f3 este mi\u00e9rcoles 31 de diciembre a LT32 Radio Chivilcoy de pretender cobrar abultadas cifras de pauta oficial de ese municipio. La acusaci\u00f3n fue vertida al momento de replicar con dureza una nota del diario La Raz\u00f3n de Chivilcoy, del mismo grupo empresario que opera la emisora de Amplitud &hellip; <a href=\"https:\/\/amplitudmodulada.com.ar\/index.php\/noticia14102\/\" class=\"more-link\">Continu\u00e1 leyendo <span class=\"screen-reader-text\">Acusan a LT32 Radio Chivilcoy de pretender cobrar abultadas cifras de pauta oficial<\/span><\/a><\/p>\n","protected":false},"author":1,"featured_media":0,"parent":0,"menu_order":0,"comment_status":"closed","ping_status":"closed","template":"","meta":{"footnotes":""},"class_list":["post-10409","page","type-page","status-publish","hentry"],"_links":{"self":[{"href":"https:\/\/amplitudmodulada.com.ar\/index.php\/wp-json\/wp\/v2\/pages\/10409","targetHints":{"allow":["GET"]}}],"collection":[{"href":"https:\/\/amplitudmodulada.com.ar\/index.php\/wp-json\/wp\/v2\/pages"}],"about":[{"href":"https:\/\/amplitudmodulada.com.ar\/index.php\/wp-json\/wp\/v2\/types\/page"}],"author":[{"embeddable":true,"href":"https:\/\/amplitudmodulada.com.ar\/index.php\/wp-json\/wp\/v2\/users\/1"}],"replies":[{"embeddable":true,"href":"https:\/\/amplitudmodulada.com.ar\/index.php\/wp-json\/wp\/v2\/comments?post=10409"}],"version-history":[{"count":3,"href":"https:\/\/amplitudmodulada.com.ar\/index.php\/wp-json\/wp\/v2\/pages\/10409\/revisions"}],"predecessor-version":[{"id":10414,"href":"https:\/\/amplitudmodulada.com.ar\/index.php\/wp-json\/wp\/v2\/pages\/10409\/revisions\/10414"}],"wp:attachment":[{"href":"https:\/\/amplitudmodulada.com.ar\/index.php\/wp-json\/wp\/v2\/media?parent=10409"}],"curies":[{"name":"wp","href":"https:\/\/api.w.org\/{rel}","templated":true}]}}