{"id":10423,"date":"2026-01-04T12:39:02","date_gmt":"2026-01-04T15:39:02","guid":{"rendered":"https:\/\/amplitudmodulada.com.ar\/?page_id=10423"},"modified":"2026-01-04T12:48:25","modified_gmt":"2026-01-04T15:48:25","slug":"noticia14104","status":"publish","type":"page","link":"https:\/\/amplitudmodulada.com.ar\/index.php\/noticia14104\/","title":{"rendered":"Confirman que el streaming de Infobae se emitir\u00e1 en 97.1 Mhz."},"content":{"rendered":"\n<figure class=\"wp-block-image size-full\"><img loading=\"lazy\" decoding=\"async\" width=\"190\" height=\"45\" src=\"http:\/\/amplitudmodulada.com.ar\/wp-content\/uploads\/2025\/02\/infobae-e1739746988625.png\" alt=\"\" class=\"wp-image-6210\"\/><\/figure>\n\n\n\n<p>A trav\u00e9s de la red social X, el periodista Pablo Montagna confirm\u00f3 este jueves 1 de enero que &#8220;Infobae en Vivo&#8221;, el streaming de Infobae, se podr\u00e1 escuchar tambi\u00e9n desde la Ciudad de Buenos Aires en 97.1 Mhz.<\/p>\n\n\n\n<p>Hace algunos d\u00edas, comenz\u00f3 a emitir en ese punto del dial Infobae Radio, aunque por el momento desde all\u00ed s\u00f3lo se irradia m\u00fasica y la voz de un locutor informando la denominaci\u00f3n de la nueva emisora.<\/p>\n\n\n\n<p>De esta manera, interrumpi\u00f3 sus emisiones en 97.1 Mhz. Vorterix y se desconoce a\u00fan si se trasladar\u00e1 a otro punto del dial.<\/p>\n\n\n\n<p>&#8220;Infobae en Vivo&#8221; comenz\u00f3 a emitir el pasado 10 de marzo y cuenta entre sus integrantes  a los periodistas Gonzalo S\u00e1nchez, Carolina Amoroso, Ram\u00f3n Indart, J\u00e9sica Bossi, Federico Mayol y Diego Iglesias, entre otros.<\/p>\n\n\n\n<p>01.01.25<\/p>\n","protected":false},"excerpt":{"rendered":"<p>A trav\u00e9s de la red social X, el periodista Pablo Montagna confirm\u00f3 este jueves 1 de enero que &#8220;Infobae en Vivo&#8221;, el streaming de Infobae, se podr\u00e1 escuchar tambi\u00e9n desde la Ciudad de Buenos Aires en 97.1 Mhz. Hace algunos d\u00edas, comenz\u00f3 a emitir en ese punto del dial Infobae Radio, aunque por el momento &hellip; <a href=\"https:\/\/amplitudmodulada.com.ar\/index.php\/noticia14104\/\" class=\"more-link\">Continu\u00e1 leyendo <span class=\"screen-reader-text\">Confirman que el streaming de Infobae se emitir\u00e1 en 97.1 Mhz.<\/span><\/a><\/p>\n","protected":false},"author":1,"featured_media":0,"parent":0,"menu_order":0,"comment_status":"closed","ping_status":"closed","template":"","meta":{"footnotes":""},"class_list":["post-10423","page","type-page","status-publish","hentry"],"_links":{"self":[{"href":"https:\/\/amplitudmodulada.com.ar\/index.php\/wp-json\/wp\/v2\/pages\/10423","targetHints":{"allow":["GET"]}}],"collection":[{"href":"https:\/\/amplitudmodulada.com.ar\/index.php\/wp-json\/wp\/v2\/pages"}],"about":[{"href":"https:\/\/amplitudmodulada.com.ar\/index.php\/wp-json\/wp\/v2\/types\/page"}],"author":[{"embeddable":true,"href":"https:\/\/amplitudmodulada.com.ar\/index.php\/wp-json\/wp\/v2\/users\/1"}],"replies":[{"embeddable":true,"href":"https:\/\/amplitudmodulada.com.ar\/index.php\/wp-json\/wp\/v2\/comments?post=10423"}],"version-history":[{"count":3,"href":"https:\/\/amplitudmodulada.com.ar\/index.php\/wp-json\/wp\/v2\/pages\/10423\/revisions"}],"predecessor-version":[{"id":10428,"href":"https:\/\/amplitudmodulada.com.ar\/index.php\/wp-json\/wp\/v2\/pages\/10423\/revisions\/10428"}],"wp:attachment":[{"href":"https:\/\/amplitudmodulada.com.ar\/index.php\/wp-json\/wp\/v2\/media?parent=10423"}],"curies":[{"name":"wp","href":"https:\/\/api.w.org\/{rel}","templated":true}]}}