{"id":10432,"date":"2026-01-04T17:57:06","date_gmt":"2026-01-04T20:57:06","guid":{"rendered":"https:\/\/amplitudmodulada.com.ar\/?page_id=10432"},"modified":"2026-01-04T18:10:43","modified_gmt":"2026-01-04T21:10:43","slug":"noticia14105","status":"publish","type":"page","link":"https:\/\/amplitudmodulada.com.ar\/index.php\/noticia14105\/","title":{"rendered":"Prorrogan por tercera vez la intervenci\u00f3n del Ente Nacional de Comunicaciones"},"content":{"rendered":"\n<figure class=\"wp-block-image size-full\"><img loading=\"lazy\" decoding=\"async\" width=\"233\" height=\"50\" src=\"http:\/\/amplitudmodulada.com.ar\/wp-content\/uploads\/2024\/01\/enacom-e1705526882784.jpg\" alt=\"\" class=\"wp-image-354\"\/><\/figure>\n\n\n\n<p>A trav\u00e9s del decreto 938\/2025, el gobierno nacional dispuso prorrogar por tercera vez la intervenci\u00f3n del Ente Nacional de Comunicaciones (ENACOM).<\/p>\n\n\n\n<p>El citado decreto fue formalizado este viernes 2 de enero y se estableci\u00f3 que la intervenci\u00f3n se llevar\u00e1 a cabo desde el 5 de enero de 2026 hasta el 4 de enero de 2027.<\/p>\n\n\n\n<p>Se fundamenta la intervenci\u00f3n en la necesidad de consolidar los avances en la reorganizaci\u00f3n y adecuaci\u00f3n del organismo a los lineamientos de pol\u00edtica p\u00fablica definidos por el Poder Ejecutivo Nacional.<\/p>\n\n\n\n<p>El Ente Nacional de Comunicaciones, un ente aut\u00e1rquico y descentralizado, funciona bajo la \u00f3rbita de la Secretar\u00eda de Innovaci\u00f3n, Ciencia y Tecnolog\u00eda de la Jefatura de Gabinete de Ministros.<\/p>\n\n\n\n<p>Su intervenci\u00f3n hab\u00eda sido dispuesta y prorrogada previamente en el marco de un proceso de evaluaci\u00f3n y reestructuraci\u00f3n institucional.<\/p>\n\n\n\n<p>Seg\u00fan los considerandos del nuevo decreto, las tareas de relevamiento, an\u00e1lisis y revisi\u00f3n de procedimientos sustantivos y operativos a\u00fan se encuentran en curso y requieren continuidad para su culminaci\u00f3n.<\/p>\n\n\n\n<p>Fuente: <a href=\"http:\/\/www.infobae.com\" data-type=\"link\" data-id=\"www.infobae.com\" target=\"_blank\" rel=\"noreferrer noopener\">www.infobae.com<\/a> | Ciudad Aut\u00f3noma de Buenos Aires | 02.01.26<\/p>\n\n\n\n<p> <\/p>\n\n\n\n<p><\/p>\n","protected":false},"excerpt":{"rendered":"<p>A trav\u00e9s del decreto 938\/2025, el gobierno nacional dispuso prorrogar por tercera vez la intervenci\u00f3n del Ente Nacional de Comunicaciones (ENACOM). El citado decreto fue formalizado este viernes 2 de enero y se estableci\u00f3 que la intervenci\u00f3n se llevar\u00e1 a cabo desde el 5 de enero de 2026 hasta el 4 de enero de 2027. &hellip; <a href=\"https:\/\/amplitudmodulada.com.ar\/index.php\/noticia14105\/\" class=\"more-link\">Continu\u00e1 leyendo <span class=\"screen-reader-text\">Prorrogan por tercera vez la intervenci\u00f3n del Ente Nacional de Comunicaciones<\/span><\/a><\/p>\n","protected":false},"author":1,"featured_media":0,"parent":0,"menu_order":0,"comment_status":"closed","ping_status":"closed","template":"","meta":{"footnotes":""},"class_list":["post-10432","page","type-page","status-publish","hentry"],"_links":{"self":[{"href":"https:\/\/amplitudmodulada.com.ar\/index.php\/wp-json\/wp\/v2\/pages\/10432","targetHints":{"allow":["GET"]}}],"collection":[{"href":"https:\/\/amplitudmodulada.com.ar\/index.php\/wp-json\/wp\/v2\/pages"}],"about":[{"href":"https:\/\/amplitudmodulada.com.ar\/index.php\/wp-json\/wp\/v2\/types\/page"}],"author":[{"embeddable":true,"href":"https:\/\/amplitudmodulada.com.ar\/index.php\/wp-json\/wp\/v2\/users\/1"}],"replies":[{"embeddable":true,"href":"https:\/\/amplitudmodulada.com.ar\/index.php\/wp-json\/wp\/v2\/comments?post=10432"}],"version-history":[{"count":3,"href":"https:\/\/amplitudmodulada.com.ar\/index.php\/wp-json\/wp\/v2\/pages\/10432\/revisions"}],"predecessor-version":[{"id":10437,"href":"https:\/\/amplitudmodulada.com.ar\/index.php\/wp-json\/wp\/v2\/pages\/10432\/revisions\/10437"}],"wp:attachment":[{"href":"https:\/\/amplitudmodulada.com.ar\/index.php\/wp-json\/wp\/v2\/media?parent=10432"}],"curies":[{"name":"wp","href":"https:\/\/api.w.org\/{rel}","templated":true}]}}