{"id":10440,"date":"2026-01-05T20:27:42","date_gmt":"2026-01-05T23:27:42","guid":{"rendered":"https:\/\/amplitudmodulada.com.ar\/?page_id=10440"},"modified":"2026-01-05T20:38:31","modified_gmt":"2026-01-05T23:38:31","slug":"noticia14106","status":"publish","type":"page","link":"https:\/\/amplitudmodulada.com.ar\/index.php\/noticia14106\/","title":{"rendered":"AM 750 ser\u00e1 la emisora oficial de la F\u00f3rmula 1 en la Argentina"},"content":{"rendered":"\n<figure class=\"wp-block-image size-full\"><img loading=\"lazy\" decoding=\"async\" width=\"194\" height=\"53\" src=\"http:\/\/amplitudmodulada.com.ar\/wp-content\/uploads\/2026\/01\/formula1-e1767655694445.png\" alt=\"\" class=\"wp-image-10442\"\/><\/figure>\n\n\n\n<p>LRL203 AM 750 anunci\u00f3 este fin de semana que ser\u00e1 la emisora oficial de la F\u00f3rmula 1 en la Argentina y la \u00fanica radio con los derechos para transmitir las carreras internacionales.<\/p>\n\n\n\n<p>El equipo period\u00edstico de la transmisi\u00f3n estar\u00e1 integrada por Armando Eduardo Ruiz, reconocido periodista del mundo automovil\u00edstico, en el relato, y Juli\u00e1n Sciannamea, en los comentarios.<\/p>\n\n\n\n<p>&#8220;Sumamos una pata deportiva muy importante: tenemos el f\u00fatbol y ahora vamos a tener tambi\u00e9n F\u00f3rmula 1 con todo lo que implica para la Argentina en este tiempo&#8221;, explic\u00f3 la coordinadora de Radios del Grupo Octubre, Gisela Marziotta, en relaci\u00f3n al sentimiento de esperanza que desat\u00f3 Franco Colapinto entre los argentinos amantes del automovilismo, al que muchos consideran el deporte favorito de los argentinos despu\u00e9s del f\u00fatbol.<\/p>\n\n\n\n<p>El anuncio se concret\u00f3 este fin de semana, en el marco del lanzamiento de la nueva grilla de programaci\u00f3n de AM 750, que se producir\u00e1 este lunes 5 de enero.<\/p>\n\n\n\n<p>Fuente: <a href=\"http:\/\/www.pagina12.com.ar\" data-type=\"link\" data-id=\"www.pagina12.com.ar\" target=\"_blank\" rel=\"noreferrer noopener\">www.pagina12.com.ar<\/a> | Ciudad Aut\u00f3noma de Buenos Aires | 05.01.26<\/p>\n","protected":false},"excerpt":{"rendered":"<p>LRL203 AM 750 anunci\u00f3 este fin de semana que ser\u00e1 la emisora oficial de la F\u00f3rmula 1 en la Argentina y la \u00fanica radio con los derechos para transmitir las carreras internacionales. El equipo period\u00edstico de la transmisi\u00f3n estar\u00e1 integrada por Armando Eduardo Ruiz, reconocido periodista del mundo automovil\u00edstico, en el relato, y Juli\u00e1n Sciannamea, &hellip; <a href=\"https:\/\/amplitudmodulada.com.ar\/index.php\/noticia14106\/\" class=\"more-link\">Continu\u00e1 leyendo <span class=\"screen-reader-text\">AM 750 ser\u00e1 la emisora oficial de la F\u00f3rmula 1 en la Argentina<\/span><\/a><\/p>\n","protected":false},"author":1,"featured_media":0,"parent":0,"menu_order":0,"comment_status":"closed","ping_status":"closed","template":"","meta":{"footnotes":""},"class_list":["post-10440","page","type-page","status-publish","hentry"],"_links":{"self":[{"href":"https:\/\/amplitudmodulada.com.ar\/index.php\/wp-json\/wp\/v2\/pages\/10440","targetHints":{"allow":["GET"]}}],"collection":[{"href":"https:\/\/amplitudmodulada.com.ar\/index.php\/wp-json\/wp\/v2\/pages"}],"about":[{"href":"https:\/\/amplitudmodulada.com.ar\/index.php\/wp-json\/wp\/v2\/types\/page"}],"author":[{"embeddable":true,"href":"https:\/\/amplitudmodulada.com.ar\/index.php\/wp-json\/wp\/v2\/users\/1"}],"replies":[{"embeddable":true,"href":"https:\/\/amplitudmodulada.com.ar\/index.php\/wp-json\/wp\/v2\/comments?post=10440"}],"version-history":[{"count":3,"href":"https:\/\/amplitudmodulada.com.ar\/index.php\/wp-json\/wp\/v2\/pages\/10440\/revisions"}],"predecessor-version":[{"id":10446,"href":"https:\/\/amplitudmodulada.com.ar\/index.php\/wp-json\/wp\/v2\/pages\/10440\/revisions\/10446"}],"wp:attachment":[{"href":"https:\/\/amplitudmodulada.com.ar\/index.php\/wp-json\/wp\/v2\/media?parent=10440"}],"curies":[{"name":"wp","href":"https:\/\/api.w.org\/{rel}","templated":true}]}}