{"id":10456,"date":"2026-01-07T08:43:54","date_gmt":"2026-01-07T11:43:54","guid":{"rendered":"https:\/\/amplitudmodulada.com.ar\/?page_id=10456"},"modified":"2026-01-07T08:58:19","modified_gmt":"2026-01-07T11:58:19","slug":"noticia14108","status":"publish","type":"page","link":"https:\/\/amplitudmodulada.com.ar\/index.php\/noticia14108\/","title":{"rendered":"Gisela Marziotta: &#8220;AM 750 es una radio profundamente coherente en su contenido&#8221;"},"content":{"rendered":"\n<figure class=\"wp-block-image size-full is-style-rounded\"><img loading=\"lazy\" decoding=\"async\" width=\"144\" height=\"75\" src=\"http:\/\/amplitudmodulada.com.ar\/wp-content\/uploads\/2024\/01\/750-e1705525955651.jpg\" alt=\"\" class=\"wp-image-348\"\/><\/figure>\n\n\n\n<p>En el marco del lanzamiento de su nueva grilla de programaci\u00f3n, la Coordinadora de Radios del Grupo Octubre, Gisela Marziotta, asegur\u00f3 que &#8220;AM 750 es una radio profundamente coherente en su contenido, en su compromiso con la informaci\u00f3n y la b\u00fasqueda de la objetividad&#8221;.<\/p>\n\n\n\n<p>&#8220;Siempre aclaro que es la b\u00fasqueda, porque es muy dif\u00edcil ser objetivo ya que somos humanos atravesados por sentimientos, emociones y por la misma realidad. Pero esa b\u00fasqueda es el compromiso que tiene AM 750. Cada a\u00f1o nos planteamos eso&#8221;, a\u00f1adi\u00f3 la directiva.<\/p>\n\n\n\n<p>En ese sentido, se\u00f1al\u00f3 que &#8220;cerramos un gran a\u00f1o, el 2025, en lo que tiene que ver con la audiencia y con el contenido period\u00edstico&#8221;, a la vez que defini\u00f3 al a\u00f1o que acaba de terminar como &#8220;mucho m\u00e1s complejo, como toda la Argentina, en lo que tiene que ver con lo econ\u00f3mico&#8221;.<\/p>\n\n\n\n<p>&#8220;Es una radio que tiene muy alto el tiempo de escucha, porque el oyente pone la radio y se queda en esta radio. Y la s\u00edntesis de lo que fue el 2025 fue esa consolidaci\u00f3n con nuestra audiencia y con el desaf\u00edo ahora, en 2026, de renovar algunos tramos de la programaci\u00f3n para acomodarnos a las nuevas realidades. Los medios de comunicaci\u00f3n tambi\u00e9n se acomodan a las coyunturas&#8221;, explic\u00f3.<\/p>\n\n\n\n<p>Fuente: <a href=\"http:\/\/www.pagina12.com.ar\" data-type=\"link\" data-id=\"www.pagina12.com.ar\" target=\"_blank\" rel=\"noreferrer noopener\">www.pagina12.com.ar<\/a> | Ciudad Aut\u00f3noma de Buenos Aires | 05.01.26<\/p>\n","protected":false},"excerpt":{"rendered":"<p>En el marco del lanzamiento de su nueva grilla de programaci\u00f3n, la Coordinadora de Radios del Grupo Octubre, Gisela Marziotta, asegur\u00f3 que &#8220;AM 750 es una radio profundamente coherente en su contenido, en su compromiso con la informaci\u00f3n y la b\u00fasqueda de la objetividad&#8221;. &#8220;Siempre aclaro que es la b\u00fasqueda, porque es muy dif\u00edcil ser &hellip; <a href=\"https:\/\/amplitudmodulada.com.ar\/index.php\/noticia14108\/\" class=\"more-link\">Continu\u00e1 leyendo <span class=\"screen-reader-text\">Gisela Marziotta: &#8220;AM 750 es una radio profundamente coherente en su contenido&#8221;<\/span><\/a><\/p>\n","protected":false},"author":1,"featured_media":0,"parent":0,"menu_order":0,"comment_status":"closed","ping_status":"closed","template":"","meta":{"footnotes":""},"class_list":["post-10456","page","type-page","status-publish","hentry"],"_links":{"self":[{"href":"https:\/\/amplitudmodulada.com.ar\/index.php\/wp-json\/wp\/v2\/pages\/10456","targetHints":{"allow":["GET"]}}],"collection":[{"href":"https:\/\/amplitudmodulada.com.ar\/index.php\/wp-json\/wp\/v2\/pages"}],"about":[{"href":"https:\/\/amplitudmodulada.com.ar\/index.php\/wp-json\/wp\/v2\/types\/page"}],"author":[{"embeddable":true,"href":"https:\/\/amplitudmodulada.com.ar\/index.php\/wp-json\/wp\/v2\/users\/1"}],"replies":[{"embeddable":true,"href":"https:\/\/amplitudmodulada.com.ar\/index.php\/wp-json\/wp\/v2\/comments?post=10456"}],"version-history":[{"count":3,"href":"https:\/\/amplitudmodulada.com.ar\/index.php\/wp-json\/wp\/v2\/pages\/10456\/revisions"}],"predecessor-version":[{"id":10461,"href":"https:\/\/amplitudmodulada.com.ar\/index.php\/wp-json\/wp\/v2\/pages\/10456\/revisions\/10461"}],"wp:attachment":[{"href":"https:\/\/amplitudmodulada.com.ar\/index.php\/wp-json\/wp\/v2\/media?parent=10456"}],"curies":[{"name":"wp","href":"https:\/\/api.w.org\/{rel}","templated":true}]}}