{"id":10465,"date":"2026-01-08T08:03:09","date_gmt":"2026-01-08T11:03:09","guid":{"rendered":"https:\/\/amplitudmodulada.com.ar\/?page_id=10465"},"modified":"2026-01-08T08:14:48","modified_gmt":"2026-01-08T11:14:48","slug":"noticia14109","status":"publish","type":"page","link":"https:\/\/amplitudmodulada.com.ar\/index.php\/noticia14109\/","title":{"rendered":"AM 750 lanza este lunes nueva grilla de programaci\u00f3n"},"content":{"rendered":"\n<figure class=\"wp-block-image size-full is-style-rounded\"><img loading=\"lazy\" decoding=\"async\" width=\"144\" height=\"75\" src=\"http:\/\/amplitudmodulada.com.ar\/wp-content\/uploads\/2024\/01\/750-e1705525955651.jpg\" alt=\"\" class=\"wp-image-348\"\/><\/figure>\n\n\n\n<p>Con nuevos horarios y nombre ya reconocidos, como V\u00b4\u00edctor Hugo Morales, Diego Brancateli, Nora Veiras y Alejandro Dolina, LRL203 AM 750 lanza este lunes 5 de enero su nueva grilla de programaci\u00b4on.<\/p>\n\n\n\n<p>La nueva programaci\u00f3n que pondr\u00e1 al aire AM 750 de lunes a viernes a partir de hoy ser\u00e1 la siguiente:<\/p>\n\n\n\n<ul class=\"wp-block-list\">\n<li>De 6.00 a 9.00 horas: &#8220;Mejor que Ma\u00f1ana&#8221;, con Tom\u00e1s M\u00e9ndez.<\/li>\n\n\n\n<li>De 9.00 a 13.00 horas: &#8220;La Ma\u00f1ana&#8221;, con V\u00edctor Hugo Morales.<\/li>\n\n\n\n<li>De 13.00 a 15.00 horas: &#8220;Lo Viejo Funciona&#8221;, con Diego Brancateli.<\/li>\n\n\n\n<li>De 15.00 a 17.00 horas: &#8220;Escuch\u00e1 P\u00e1gina\/12&#8221;, con Nora Veiras.<\/li>\n\n\n\n<li>De 17.00 a 20.00 horas: &#8220;Damos la Vuelta&#8221;, con Diego Garc\u00eda Saez.<\/li>\n\n\n\n<li>De 20.00 a 21.00 horas: &#8220;Despu\u00e9s de Todo&#8221;, con Gustavo Campana.<\/li>\n\n\n\n<li>De 21.00 a 23.00 horas: &#8220;Relatores&#8221;<\/li>\n\n\n\n<li>De 23.00 a 24.00 horas: &#8220;Donde Quiera que Est\u00e9s&#8221;, con Alejandro Apo.<\/li>\n\n\n\n<li>De 0.00 a 2.00 horas: &#8220;La Venganza Ser\u00e1 Terrible&#8221;, con Alejandro Dolina.<\/li>\n<\/ul>\n\n\n\n<p>Fuente: <a href=\"http:\/\/www.pagina12.com.ar\" data-type=\"link\" data-id=\"www.pagina12.com.ar\" target=\"_blank\" rel=\"noreferrer noopener\">www.pagina12.com.ar<\/a> | Ciudad Aut\u00f3noma de Buenos Aires | <\/p>\n","protected":false},"excerpt":{"rendered":"<p>Con nuevos horarios y nombre ya reconocidos, como V\u00b4\u00edctor Hugo Morales, Diego Brancateli, Nora Veiras y Alejandro Dolina, LRL203 AM 750 lanza este lunes 5 de enero su nueva grilla de programaci\u00b4on. La nueva programaci\u00f3n que pondr\u00e1 al aire AM 750 de lunes a viernes a partir de hoy ser\u00e1 la siguiente: Fuente: www.pagina12.com.ar | &hellip; <a href=\"https:\/\/amplitudmodulada.com.ar\/index.php\/noticia14109\/\" class=\"more-link\">Continu\u00e1 leyendo <span class=\"screen-reader-text\">AM 750 lanza este lunes nueva grilla de programaci\u00f3n<\/span><\/a><\/p>\n","protected":false},"author":1,"featured_media":0,"parent":0,"menu_order":0,"comment_status":"closed","ping_status":"closed","template":"","meta":{"footnotes":""},"class_list":["post-10465","page","type-page","status-publish","hentry"],"_links":{"self":[{"href":"https:\/\/amplitudmodulada.com.ar\/index.php\/wp-json\/wp\/v2\/pages\/10465","targetHints":{"allow":["GET"]}}],"collection":[{"href":"https:\/\/amplitudmodulada.com.ar\/index.php\/wp-json\/wp\/v2\/pages"}],"about":[{"href":"https:\/\/amplitudmodulada.com.ar\/index.php\/wp-json\/wp\/v2\/types\/page"}],"author":[{"embeddable":true,"href":"https:\/\/amplitudmodulada.com.ar\/index.php\/wp-json\/wp\/v2\/users\/1"}],"replies":[{"embeddable":true,"href":"https:\/\/amplitudmodulada.com.ar\/index.php\/wp-json\/wp\/v2\/comments?post=10465"}],"version-history":[{"count":4,"href":"https:\/\/amplitudmodulada.com.ar\/index.php\/wp-json\/wp\/v2\/pages\/10465\/revisions"}],"predecessor-version":[{"id":10471,"href":"https:\/\/amplitudmodulada.com.ar\/index.php\/wp-json\/wp\/v2\/pages\/10465\/revisions\/10471"}],"wp:attachment":[{"href":"https:\/\/amplitudmodulada.com.ar\/index.php\/wp-json\/wp\/v2\/media?parent=10465"}],"curies":[{"name":"wp","href":"https:\/\/api.w.org\/{rel}","templated":true}]}}