{"id":1060,"date":"2024-02-28T11:14:48","date_gmt":"2024-02-28T14:14:48","guid":{"rendered":"https:\/\/amplitudmodulada.com.ar\/?page_id=1060"},"modified":"2024-02-28T11:35:08","modified_gmt":"2024-02-28T14:35:08","slug":"noticia12902","status":"publish","type":"page","link":"https:\/\/amplitudmodulada.com.ar\/index.php\/noticia12902\/","title":{"rendered":"Repudian el ataque de Javier Milei al periodista Jorge Petete Mart\u00ednez"},"content":{"rendered":"\n<figure class=\"wp-block-image size-full\"><img loading=\"lazy\" decoding=\"async\" width=\"184\" height=\"60\" src=\"http:\/\/amplitudmodulada.com.ar\/wp-content\/uploads\/2024\/02\/adepa-e1709130904453.png\" alt=\"\" class=\"wp-image-1065\"\/><\/figure>\n\n\n\n<p>Luego del ataque de Javier Milei hacia el periodista Jorge Petete Mart\u00ednez a trav\u00e9s de la plataforma X, la Asociaci\u00f3n de Entidades Period\u00edsticas Argentinas repudi\u00f3 el &#8220;uso de las redes sociales presidenciales&#8221; para la &#8220;reproducci\u00f3n de agravios contra periodistas&#8221;.<\/p>\n\n\n\n<p>De esta manera, la entidad que nuclea a las empresas period\u00edsticas, editoras de diarios, peri\u00f3dicos, revistas y sitios web de la Argentina rechaz\u00f3 el ataque contra el periodista que se desempe\u00f1a en AM 810 Radio Mitre C\u00f3rdoba y la se\u00f1al El Doce TV.<\/p>\n\n\n\n<p>La Asociaci\u00f3n de Entidades Period\u00edsticas Argentinas se refiri\u00f3 as\u00ed a la replica que hizo el primer mandatario de una publicaci\u00f3n realizada en la plataforma X por un usuario no identificado que relacionaba al periodista cordob\u00e9s con la pauta publicitaria estatal recibida por los medios en los que se desempe\u00f1a.<\/p>\n\n\n\n<p>El propio Jorge Petete Mart\u00ednez realiz\u00f3 este martes un fuerte descargo en el que asegur\u00f3 que la actitud de Javier Milei &#8220;termina instigando a la violencia&#8221;.<\/p>\n\n\n\n<p>Fuente:  <a href=\"http:\/\/www.perfil.com\" data-type=\"link\" data-id=\"www.perfil.com\" target=\"_blank\" rel=\"noreferrer noopener\">www.perfil.com<\/a> | Ciudad Aut\u00f3noma de Buenos Aires | 13.02.24<\/p>\n","protected":false},"excerpt":{"rendered":"<p>Luego del ataque de Javier Milei hacia el periodista Jorge Petete Mart\u00ednez a trav\u00e9s de la plataforma X, la Asociaci\u00f3n de Entidades Period\u00edsticas Argentinas repudi\u00f3 el &#8220;uso de las redes sociales presidenciales&#8221; para la &#8220;reproducci\u00f3n de agravios contra periodistas&#8221;. De esta manera, la entidad que nuclea a las empresas period\u00edsticas, editoras de diarios, peri\u00f3dicos, revistas &hellip; <a href=\"https:\/\/amplitudmodulada.com.ar\/index.php\/noticia12902\/\" class=\"more-link\">Continu\u00e1 leyendo <span class=\"screen-reader-text\">Repudian el ataque de Javier Milei al periodista Jorge Petete Mart\u00ednez<\/span><\/a><\/p>\n","protected":false},"author":1,"featured_media":0,"parent":0,"menu_order":0,"comment_status":"closed","ping_status":"closed","template":"","meta":{"footnotes":""},"class_list":["post-1060","page","type-page","status-publish","hentry"],"_links":{"self":[{"href":"https:\/\/amplitudmodulada.com.ar\/index.php\/wp-json\/wp\/v2\/pages\/1060","targetHints":{"allow":["GET"]}}],"collection":[{"href":"https:\/\/amplitudmodulada.com.ar\/index.php\/wp-json\/wp\/v2\/pages"}],"about":[{"href":"https:\/\/amplitudmodulada.com.ar\/index.php\/wp-json\/wp\/v2\/types\/page"}],"author":[{"embeddable":true,"href":"https:\/\/amplitudmodulada.com.ar\/index.php\/wp-json\/wp\/v2\/users\/1"}],"replies":[{"embeddable":true,"href":"https:\/\/amplitudmodulada.com.ar\/index.php\/wp-json\/wp\/v2\/comments?post=1060"}],"version-history":[{"count":3,"href":"https:\/\/amplitudmodulada.com.ar\/index.php\/wp-json\/wp\/v2\/pages\/1060\/revisions"}],"predecessor-version":[{"id":1066,"href":"https:\/\/amplitudmodulada.com.ar\/index.php\/wp-json\/wp\/v2\/pages\/1060\/revisions\/1066"}],"wp:attachment":[{"href":"https:\/\/amplitudmodulada.com.ar\/index.php\/wp-json\/wp\/v2\/media?parent=1060"}],"curies":[{"name":"wp","href":"https:\/\/api.w.org\/{rel}","templated":true}]}}