{"id":10698,"date":"2026-01-23T13:34:54","date_gmt":"2026-01-23T16:34:54","guid":{"rendered":"https:\/\/amplitudmodulada.com.ar\/?page_id=10698"},"modified":"2026-01-23T13:43:41","modified_gmt":"2026-01-23T16:43:41","slug":"noticia14138","status":"publish","type":"page","link":"https:\/\/amplitudmodulada.com.ar\/index.php\/noticia14138\/","title":{"rendered":"Radio Splendid tendr\u00e1 una nueva grilla de programaci\u00f3n"},"content":{"rendered":"\n<figure class=\"wp-block-image size-full\"><img loading=\"lazy\" decoding=\"async\" width=\"110\" height=\"110\" src=\"http:\/\/amplitudmodulada.com.ar\/wp-content\/uploads\/2026\/01\/991-e1769186224370.png\" alt=\"\" class=\"wp-image-10701\"\/><\/figure>\n\n\n\n<p>Con la incorporaci\u00f3n de los periodistas Fernando Lavecchia, Luisa Valmaggia y Roasrio Lufrano, LR4 Radio Splendid realizar\u00e1 cambios en su grilla de programaci\u00f3n.<\/p>\n\n\n\n<p>As\u00ed lo anunci\u00f3 a trav\u00e9s de las redes sociales el periodista Pablo Montagna.<\/p>\n\n\n\n<p>Por las ma\u00f1anas, de 6.00 a 9.00 horas estar\u00e1 Fernando Lavecchia, en tanto que Rolando Gra\u00f1a continuar\u00e1 de 9.00 a 12.00 horas.<\/p>\n\n\n\n<p>De 12.00 a 17.00 horas, Leonardo Uranga y equipo period\u00edstico continuar\u00e1n con &#8220;990 Sport&#8221;.<\/p>\n\n\n\n<p>Por las tardes, estar\u00e1n de 17.00 a 19.00 horas Luisa Valmaggia y de 19.00 a 21.00 horas Rosario Lufrano.<\/p>\n\n\n\n<p>Finalmente, por las noches Radio Splendid pondr\u00e1 al aire en 2026 los programas &#8220;Solo Por Deporte&#8221;, &#8220;El Show de los Grandes&#8221; y &#8220;El Show de Boca&#8221;.<\/p>\n\n\n\n<p>22.01.26<\/p>\n\n\n\n<p><\/p>\n","protected":false},"excerpt":{"rendered":"<p>Con la incorporaci\u00f3n de los periodistas Fernando Lavecchia, Luisa Valmaggia y Roasrio Lufrano, LR4 Radio Splendid realizar\u00e1 cambios en su grilla de programaci\u00f3n. As\u00ed lo anunci\u00f3 a trav\u00e9s de las redes sociales el periodista Pablo Montagna. Por las ma\u00f1anas, de 6.00 a 9.00 horas estar\u00e1 Fernando Lavecchia, en tanto que Rolando Gra\u00f1a continuar\u00e1 de 9.00 &hellip; <a href=\"https:\/\/amplitudmodulada.com.ar\/index.php\/noticia14138\/\" class=\"more-link\">Continu\u00e1 leyendo <span class=\"screen-reader-text\">Radio Splendid tendr\u00e1 una nueva grilla de programaci\u00f3n<\/span><\/a><\/p>\n","protected":false},"author":1,"featured_media":0,"parent":0,"menu_order":0,"comment_status":"closed","ping_status":"closed","template":"","meta":{"footnotes":""},"class_list":["post-10698","page","type-page","status-publish","hentry"],"_links":{"self":[{"href":"https:\/\/amplitudmodulada.com.ar\/index.php\/wp-json\/wp\/v2\/pages\/10698","targetHints":{"allow":["GET"]}}],"collection":[{"href":"https:\/\/amplitudmodulada.com.ar\/index.php\/wp-json\/wp\/v2\/pages"}],"about":[{"href":"https:\/\/amplitudmodulada.com.ar\/index.php\/wp-json\/wp\/v2\/types\/page"}],"author":[{"embeddable":true,"href":"https:\/\/amplitudmodulada.com.ar\/index.php\/wp-json\/wp\/v2\/users\/1"}],"replies":[{"embeddable":true,"href":"https:\/\/amplitudmodulada.com.ar\/index.php\/wp-json\/wp\/v2\/comments?post=10698"}],"version-history":[{"count":3,"href":"https:\/\/amplitudmodulada.com.ar\/index.php\/wp-json\/wp\/v2\/pages\/10698\/revisions"}],"predecessor-version":[{"id":10703,"href":"https:\/\/amplitudmodulada.com.ar\/index.php\/wp-json\/wp\/v2\/pages\/10698\/revisions\/10703"}],"wp:attachment":[{"href":"https:\/\/amplitudmodulada.com.ar\/index.php\/wp-json\/wp\/v2\/media?parent=10698"}],"curies":[{"name":"wp","href":"https:\/\/api.w.org\/{rel}","templated":true}]}}