{"id":10706,"date":"2026-01-23T14:07:29","date_gmt":"2026-01-23T17:07:29","guid":{"rendered":"https:\/\/amplitudmodulada.com.ar\/?page_id=10706"},"modified":"2026-01-23T15:07:22","modified_gmt":"2026-01-23T18:07:22","slug":"noticia14139","status":"publish","type":"page","link":"https:\/\/amplitudmodulada.com.ar\/index.php\/noticia14139\/","title":{"rendered":"Radio Rivadavia present\u00f3 su nueva grilla de programaci\u00f3n"},"content":{"rendered":"\n<figure class=\"wp-block-image size-full\"><img loading=\"lazy\" decoding=\"async\" width=\"174\" height=\"60\" src=\"http:\/\/amplitudmodulada.com.ar\/wp-content\/uploads\/2024\/01\/630-e1704586384620.png\" alt=\"\" class=\"wp-image-115\"\/><\/figure>\n\n\n\n<p>Con la incorporaci\u00f3n de Daniel Avellaneda en &#8220;La Oral Deportiva&#8221; y un equipo ampliado de cronistas de exteriores que seguir\u00e1n de cerca el Mundial, LS5 Radio Rivadavia present\u00f3 la grilla de programaci\u00f3n que pondr\u00e1 al aire de lunes a viernes.<\/p>\n\n\n\n<p>La jornada comenzar\u00e1 a las 4.00 horas con &#8220;Panorama del Rotativo del Aire&#8221;, con Mario Portugal, y seguir\u00e1 a las 6.00 horas con &#8220;Esta Ma\u00f1ana&#8221;, con Ignacio Ortelli.<\/p>\n\n\n\n<p>De 9.00 a 12.00 horas, Nelson Castro encabezar\u00e1 &#8220;Vamos Rivadavia&#8221;, y luego, de 12.00 a 15.00 horas, Cristina P\u00e9rez estar\u00e1 al frente &#8220;Cristina Sin Vueltas&#8221;.<\/p>\n\n\n\n<p>Por la tarde, Jonatan Viale conducir\u00e1 &#8220;Pan y Circo&#8221; de 15.00 a 17.00 horas y Baby Etchecopar har\u00e1 lo propio con &#8220;Basta Baby&#8221; de 17.00 a 20.00 horas.<\/p>\n\n\n\n<p>A la noche, de 20.00 a 23.00 horas, Oscar G\u00f3mez Casta\u00f1on estar\u00e1 al frente de &#8220;Desde el Alma&#8221;,<\/p>\n\n\n\n<p>Por \u00faltimo, a las 23.00 horas se emitir\u00e1 &#8220;La Oral Deportiva&#8221;, que tendr\u00e1 a partir de este a\u00f1o la conducci\u00f3n de Daniel Avellaneda.<\/p>\n\n\n\n<p>Fuente: <a href=\"http:\/\/www.totalmedios.com\" data-type=\"link\" data-id=\"www.totalmedios.com\" target=\"_blank\" rel=\"noreferrer noopener\">www.totalmedios.com<\/a> | Ciudad Aut\u00f3noma de Buenos Aires | 22.01.26<\/p>\n","protected":false},"excerpt":{"rendered":"<p>Con la incorporaci\u00f3n de Daniel Avellaneda en &#8220;La Oral Deportiva&#8221; y un equipo ampliado de cronistas de exteriores que seguir\u00e1n de cerca el Mundial, LS5 Radio Rivadavia present\u00f3 la grilla de programaci\u00f3n que pondr\u00e1 al aire de lunes a viernes. La jornada comenzar\u00e1 a las 4.00 horas con &#8220;Panorama del Rotativo del Aire&#8221;, con Mario &hellip; <a href=\"https:\/\/amplitudmodulada.com.ar\/index.php\/noticia14139\/\" class=\"more-link\">Continu\u00e1 leyendo <span class=\"screen-reader-text\">Radio Rivadavia present\u00f3 su nueva grilla de programaci\u00f3n<\/span><\/a><\/p>\n","protected":false},"author":1,"featured_media":0,"parent":0,"menu_order":0,"comment_status":"closed","ping_status":"closed","template":"","meta":{"footnotes":""},"class_list":["post-10706","page","type-page","status-publish","hentry"],"_links":{"self":[{"href":"https:\/\/amplitudmodulada.com.ar\/index.php\/wp-json\/wp\/v2\/pages\/10706","targetHints":{"allow":["GET"]}}],"collection":[{"href":"https:\/\/amplitudmodulada.com.ar\/index.php\/wp-json\/wp\/v2\/pages"}],"about":[{"href":"https:\/\/amplitudmodulada.com.ar\/index.php\/wp-json\/wp\/v2\/types\/page"}],"author":[{"embeddable":true,"href":"https:\/\/amplitudmodulada.com.ar\/index.php\/wp-json\/wp\/v2\/users\/1"}],"replies":[{"embeddable":true,"href":"https:\/\/amplitudmodulada.com.ar\/index.php\/wp-json\/wp\/v2\/comments?post=10706"}],"version-history":[{"count":3,"href":"https:\/\/amplitudmodulada.com.ar\/index.php\/wp-json\/wp\/v2\/pages\/10706\/revisions"}],"predecessor-version":[{"id":10711,"href":"https:\/\/amplitudmodulada.com.ar\/index.php\/wp-json\/wp\/v2\/pages\/10706\/revisions\/10711"}],"wp:attachment":[{"href":"https:\/\/amplitudmodulada.com.ar\/index.php\/wp-json\/wp\/v2\/media?parent=10706"}],"curies":[{"name":"wp","href":"https:\/\/api.w.org\/{rel}","templated":true}]}}