{"id":10714,"date":"2026-01-23T17:12:29","date_gmt":"2026-01-23T20:12:29","guid":{"rendered":"https:\/\/amplitudmodulada.com.ar\/?page_id=10714"},"modified":"2026-01-26T09:19:55","modified_gmt":"2026-01-26T12:19:55","slug":"noticia14140","status":"publish","type":"page","link":"https:\/\/amplitudmodulada.com.ar\/index.php\/noticia14140\/","title":{"rendered":"Manuel Zunino: &#8220;La radio est\u00e1 m\u00e1s viva que nunca&#8221;"},"content":{"rendered":"\n<figure class=\"wp-block-image size-full\"><img loading=\"lazy\" decoding=\"async\" width=\"140\" height=\"110\" src=\"http:\/\/amplitudmodulada.com.ar\/wp-content\/uploads\/2026\/01\/proyeccion-e1769199188878.png\" alt=\"\" class=\"wp-image-10716\"\/><\/figure>\n\n\n\n<p>En un contexto donde las plataformas digitales dominan el consumo de contenidos, Manuel Zunino, director de Proyecci\u00f3n Consultores, asegur\u00f3 que &#8220;la radio no est\u00e1 en extinci\u00f3n, est\u00e1 m\u00e1s viva que nunca&#8221;.<\/p>\n\n\n\n<p>En di\u00e1logo con LU22 Radio Tandil, el consultor analiz\u00f3 los cambios en el consumo de medios y la adaptaci\u00f3n del sector ante el avance del streaming y las redes sociales.<\/p>\n\n\n\n<p>En ese sentido, Miguel Zunino cuestion\u00f3 la idea de &#8220;la muerte de la radio&#8221;, una predicci\u00f3n que, seg\u00fan se\u00f1al\u00f3, qued\u00f3 refutada una y otra vez.<\/p>\n\n\n\n<p>&#8220;La radio sigue siendo un lugar de pertenencia para mucha gente&#8221;, asegur\u00f3.<\/p>\n\n\n\n<p>El avance de las plataformas digitales no se tradujo en un reemplazo, sino en una convivencia.<\/p>\n\n\n\n<p>La radio, afirm\u00f3 Manuel Zunino, se adapt\u00f3 incorporando el streaming, nuevos formatos y una forma de comunicaci\u00f3n m\u00e1s moderna y flexible.<\/p>\n\n\n\n<p>Seg\u00fan el director de Proyecci\u00f3n Consultores, los consumidores actuales buscan contenidos que les permitan desconectarse por un rato.<\/p>\n\n\n\n<p>&#8220;La gente est\u00e1 buscando un poquito salir de la realidad&#8221;, consider\u00f3 y a\u00f1adi\u00f3 que la radio ofrece justamente eso, informaci\u00f3n general, humor y entretenimiento, una combinaci\u00f3n que nunca se fue y sigue siendo central.<\/p>\n\n\n\n<p>Fuente: <a href=\"http:\/\/www.lu22.com.ar\" data-type=\"link\" data-id=\"www.lu22.com.ar\" target=\"_blank\" rel=\"noreferrer noopener\">www.lu22.com.ar<\/a> | Tandil &#8211; Buenos Aires | 23.01.26<\/p>\n","protected":false},"excerpt":{"rendered":"<p>En un contexto donde las plataformas digitales dominan el consumo de contenidos, Manuel Zunino, director de Proyecci\u00f3n Consultores, asegur\u00f3 que &#8220;la radio no est\u00e1 en extinci\u00f3n, est\u00e1 m\u00e1s viva que nunca&#8221;. En di\u00e1logo con LU22 Radio Tandil, el consultor analiz\u00f3 los cambios en el consumo de medios y la adaptaci\u00f3n del sector ante el avance &hellip; <a href=\"https:\/\/amplitudmodulada.com.ar\/index.php\/noticia14140\/\" class=\"more-link\">Continu\u00e1 leyendo <span class=\"screen-reader-text\">Manuel Zunino: &#8220;La radio est\u00e1 m\u00e1s viva que nunca&#8221;<\/span><\/a><\/p>\n","protected":false},"author":1,"featured_media":0,"parent":0,"menu_order":0,"comment_status":"closed","ping_status":"closed","template":"","meta":{"footnotes":""},"class_list":["post-10714","page","type-page","status-publish","hentry"],"_links":{"self":[{"href":"https:\/\/amplitudmodulada.com.ar\/index.php\/wp-json\/wp\/v2\/pages\/10714","targetHints":{"allow":["GET"]}}],"collection":[{"href":"https:\/\/amplitudmodulada.com.ar\/index.php\/wp-json\/wp\/v2\/pages"}],"about":[{"href":"https:\/\/amplitudmodulada.com.ar\/index.php\/wp-json\/wp\/v2\/types\/page"}],"author":[{"embeddable":true,"href":"https:\/\/amplitudmodulada.com.ar\/index.php\/wp-json\/wp\/v2\/users\/1"}],"replies":[{"embeddable":true,"href":"https:\/\/amplitudmodulada.com.ar\/index.php\/wp-json\/wp\/v2\/comments?post=10714"}],"version-history":[{"count":5,"href":"https:\/\/amplitudmodulada.com.ar\/index.php\/wp-json\/wp\/v2\/pages\/10714\/revisions"}],"predecessor-version":[{"id":10727,"href":"https:\/\/amplitudmodulada.com.ar\/index.php\/wp-json\/wp\/v2\/pages\/10714\/revisions\/10727"}],"wp:attachment":[{"href":"https:\/\/amplitudmodulada.com.ar\/index.php\/wp-json\/wp\/v2\/media?parent=10714"}],"curies":[{"name":"wp","href":"https:\/\/api.w.org\/{rel}","templated":true}]}}