{"id":10728,"date":"2026-01-26T09:48:22","date_gmt":"2026-01-26T12:48:22","guid":{"rendered":"https:\/\/amplitudmodulada.com.ar\/?page_id=10728"},"modified":"2026-01-26T09:56:49","modified_gmt":"2026-01-26T12:56:49","slug":"noticia14141","status":"publish","type":"page","link":"https:\/\/amplitudmodulada.com.ar\/index.php\/noticia14141\/","title":{"rendered":"Daniel Mollo y Roberto Leto volver\u00e1n a trabajar juntos en radio"},"content":{"rendered":"\n<figure class=\"wp-block-image size-full\"><img loading=\"lazy\" decoding=\"async\" width=\"110\" height=\"110\" src=\"http:\/\/amplitudmodulada.com.ar\/wp-content\/uploads\/2026\/01\/991-e1769186224370.png\" alt=\"\" class=\"wp-image-10701\"\/><\/figure>\n\n\n\n<p>Los periodistas deportivos Daniel Mollo y Roberto Leto anunciaron que luego de veinte a\u00f1os volver\u00e1n a trabajar juntos en radio.<\/p>\n\n\n\n<p>La hist\u00f3rica dupla se une para las transmisiones de los partidos de Boca Juniors y para conducir un espacio semanal, en ambos casos en LR4 Radio Splendid.<\/p>\n\n\n\n<p>Con una vasta trayectoria en el medio, Daniel Mollo y Roberto Leto conformaron en el pasado un equipo exitoso que alcanz\u00f3 altos niveles de audiencia con la cobertura de los partidos de Boca, superando incluso a otras figuras reconocidas del \u00e1mbito radial deportivo.<\/p>\n\n\n\n<p>El debut de la dupla est\u00e1 previsto para este domingo 25 de enero con la transmisi\u00f3n del partido que disputar\u00e1n Boca Juniors y Deportivo Riestra.<\/p>\n\n\n\n<p>Daniel Mollo ser\u00e1 el relator del partido, en tanto que Roberto Leto estar\u00e1 a cargo de los comentarios.<\/p>\n\n\n\n<p>Asimismo, Daniel Mollo se suma a &#8220;El Show de Boca&#8221;, el programa de Roberto Leto que sale al aire de lunes a viernes a las 0.00 horas en Radio Splendid.<\/p>\n\n\n\n<p>Fuente: <a href=\"http:\/\/www.noticiasargentinas.com\" data-type=\"link\" data-id=\"www.noticiasargentinas.com\" target=\"_blank\" rel=\"noreferrer noopener\">www.noticiasargentinas.com<\/a> | Ciudad Aut\u00f3noma de Buenos Aires | 23.01.26<\/p>\n\n\n\n<p><\/p>\n","protected":false},"excerpt":{"rendered":"<p>Los periodistas deportivos Daniel Mollo y Roberto Leto anunciaron que luego de veinte a\u00f1os volver\u00e1n a trabajar juntos en radio. La hist\u00f3rica dupla se une para las transmisiones de los partidos de Boca Juniors y para conducir un espacio semanal, en ambos casos en LR4 Radio Splendid. Con una vasta trayectoria en el medio, Daniel &hellip; <a href=\"https:\/\/amplitudmodulada.com.ar\/index.php\/noticia14141\/\" class=\"more-link\">Continu\u00e1 leyendo <span class=\"screen-reader-text\">Daniel Mollo y Roberto Leto volver\u00e1n a trabajar juntos en radio<\/span><\/a><\/p>\n","protected":false},"author":1,"featured_media":0,"parent":0,"menu_order":0,"comment_status":"closed","ping_status":"closed","template":"","meta":{"footnotes":""},"class_list":["post-10728","page","type-page","status-publish","hentry"],"_links":{"self":[{"href":"https:\/\/amplitudmodulada.com.ar\/index.php\/wp-json\/wp\/v2\/pages\/10728","targetHints":{"allow":["GET"]}}],"collection":[{"href":"https:\/\/amplitudmodulada.com.ar\/index.php\/wp-json\/wp\/v2\/pages"}],"about":[{"href":"https:\/\/amplitudmodulada.com.ar\/index.php\/wp-json\/wp\/v2\/types\/page"}],"author":[{"embeddable":true,"href":"https:\/\/amplitudmodulada.com.ar\/index.php\/wp-json\/wp\/v2\/users\/1"}],"replies":[{"embeddable":true,"href":"https:\/\/amplitudmodulada.com.ar\/index.php\/wp-json\/wp\/v2\/comments?post=10728"}],"version-history":[{"count":2,"href":"https:\/\/amplitudmodulada.com.ar\/index.php\/wp-json\/wp\/v2\/pages\/10728\/revisions"}],"predecessor-version":[{"id":10731,"href":"https:\/\/amplitudmodulada.com.ar\/index.php\/wp-json\/wp\/v2\/pages\/10728\/revisions\/10731"}],"wp:attachment":[{"href":"https:\/\/amplitudmodulada.com.ar\/index.php\/wp-json\/wp\/v2\/media?parent=10728"}],"curies":[{"name":"wp","href":"https:\/\/api.w.org\/{rel}","templated":true}]}}