{"id":1092,"date":"2024-03-02T13:50:06","date_gmt":"2024-03-02T16:50:06","guid":{"rendered":"https:\/\/amplitudmodulada.com.ar\/?page_id=1092"},"modified":"2024-03-02T13:54:41","modified_gmt":"2024-03-02T16:54:41","slug":"noticia12906","status":"publish","type":"page","link":"https:\/\/amplitudmodulada.com.ar\/index.php\/noticia12906\/","title":{"rendered":"El periodista Pablo Montagna estar\u00e1 en Radio Continental"},"content":{"rendered":"\n<figure class=\"wp-block-image size-full\"><img loading=\"lazy\" decoding=\"async\" width=\"178\" height=\"51\" src=\"http:\/\/amplitudmodulada.com.ar\/wp-content\/uploads\/2024\/01\/590-e1704494003192.png\" alt=\"\" class=\"wp-image-14\"\/><\/figure>\n\n\n\n<p>Poco despu\u00e9s de confirmarse su desvinculaci\u00f3n de LS5 Radio Rivadavia, qued\u00f3 confirmado que el periodista de espect\u00e1culos Pablo Montagna dentro de un par de semana en LS4 Radio Continental.<\/p>\n\n\n\n<p>&#8220;Desde el domingo 3 de marzo, de 22.00 a 0.00, Pasa Montagna en Radio Continental. Toda la informaci\u00f3n de medios y espect\u00e1culos. M\u00fasica, entrevistas e historias para contar y contarles. Los esperamos con Guadalupe Torres y Agostina Biasatti en Radio Continental&#8221;, anunci\u00f3 el periodista en la red social X.<\/p>\n\n\n\n<p>14.02.24<\/p>\n","protected":false},"excerpt":{"rendered":"<p>Poco despu\u00e9s de confirmarse su desvinculaci\u00f3n de LS5 Radio Rivadavia, qued\u00f3 confirmado que el periodista de espect\u00e1culos Pablo Montagna dentro de un par de semana en LS4 Radio Continental. &#8220;Desde el domingo 3 de marzo, de 22.00 a 0.00, Pasa Montagna en Radio Continental. Toda la informaci\u00f3n de medios y espect\u00e1culos. M\u00fasica, entrevistas e historias &hellip; <a href=\"https:\/\/amplitudmodulada.com.ar\/index.php\/noticia12906\/\" class=\"more-link\">Continu\u00e1 leyendo <span class=\"screen-reader-text\">El periodista Pablo Montagna estar\u00e1 en Radio Continental<\/span><\/a><\/p>\n","protected":false},"author":1,"featured_media":0,"parent":0,"menu_order":0,"comment_status":"closed","ping_status":"closed","template":"","meta":{"footnotes":""},"class_list":["post-1092","page","type-page","status-publish","hentry"],"_links":{"self":[{"href":"https:\/\/amplitudmodulada.com.ar\/index.php\/wp-json\/wp\/v2\/pages\/1092","targetHints":{"allow":["GET"]}}],"collection":[{"href":"https:\/\/amplitudmodulada.com.ar\/index.php\/wp-json\/wp\/v2\/pages"}],"about":[{"href":"https:\/\/amplitudmodulada.com.ar\/index.php\/wp-json\/wp\/v2\/types\/page"}],"author":[{"embeddable":true,"href":"https:\/\/amplitudmodulada.com.ar\/index.php\/wp-json\/wp\/v2\/users\/1"}],"replies":[{"embeddable":true,"href":"https:\/\/amplitudmodulada.com.ar\/index.php\/wp-json\/wp\/v2\/comments?post=1092"}],"version-history":[{"count":3,"href":"https:\/\/amplitudmodulada.com.ar\/index.php\/wp-json\/wp\/v2\/pages\/1092\/revisions"}],"predecessor-version":[{"id":1096,"href":"https:\/\/amplitudmodulada.com.ar\/index.php\/wp-json\/wp\/v2\/pages\/1092\/revisions\/1096"}],"wp:attachment":[{"href":"https:\/\/amplitudmodulada.com.ar\/index.php\/wp-json\/wp\/v2\/media?parent=1092"}],"curies":[{"name":"wp","href":"https:\/\/api.w.org\/{rel}","templated":true}]}}