{"id":11001,"date":"2026-02-17T16:28:33","date_gmt":"2026-02-17T19:28:33","guid":{"rendered":"https:\/\/amplitudmodulada.com.ar\/?page_id=11001"},"modified":"2026-02-17T16:41:35","modified_gmt":"2026-02-17T19:41:35","slug":"noticia14178","status":"publish","type":"page","link":"https:\/\/amplitudmodulada.com.ar\/index.php\/noticia14178\/","title":{"rendered":"Radio Nacional lanza su nueva grilla de programaci\u00f3n"},"content":{"rendered":"\n<figure class=\"wp-block-image size-full\"><img loading=\"lazy\" decoding=\"async\" width=\"115\" height=\"115\" src=\"http:\/\/amplitudmodulada.com.ar\/wp-content\/uploads\/2024\/08\/870-e1725136537153.png\" alt=\"\" class=\"wp-image-3611\"\/><\/figure>\n\n\n\n<p>Radio Nacional lanza este lunes 9 de febrero su nueva grilla de programaci\u00b4\u00f3n, que contendr\u00e1 contenidos con identidad propia, mirada federal y conexi\u00f3n directa con las audiencias de todo el pa\u00eds.<\/p>\n\n\n\n<p>De lunes a viernes, las ma\u00f1anas de Radio Nacional comenzar\u00e1n de 7.00 a 10.00 horas con &#8220;Primer Round&#8221;, ciclo que estar\u00e1 a cargo de Nicol\u00e1s Yacoy.<\/p>\n\n\n\n<p>A continuaci\u00f3n, &#8220;Korol en el Aire&#8221;, con Adri\u00e1n Korol, apostar\u00e1 a una segunda ma\u00f1ana fiel al estilo de su conductor, emp\u00e1tico y coloquial.<\/p>\n\n\n\n<p>A la tarde, de 15.00 a 17.00 horas, se emitir\u00e1 &#8220;100% Nora&#8221;, la consagrada tira de Nora Briozzo, un espacio que se destac\u00f3 por su enfoque reflexivo sin evitar lo emocional.<\/p>\n\n\n\n<p>La nueva grilla tambi\u00e9n pondr\u00e1 el acento en el f\u00fatbol como uno de los contenidos centrales de la emisora, con presencia destacada durante la semana en doble horario y el rol protag\u00f3nico de las transmisiones en los fines de semana.<\/p>\n\n\n\n<p>En el a\u00f1o del Mundial de F\u00fatbol, Radio Nacional transmitir\u00e1 en directo todos los partidos que dispute la Selecci\u00f3n Argentina.<\/p>\n\n\n\n<p>Tambi\u00e9n se dar\u00e1 continuidad a la informaci\u00f3n vinculada al sector agropecuario y a los segmentos de tono m\u00e1s relajadados, completando de esta forma una oferta de radio integral.<\/p>\n\n\n\n<p>Fuente: <a href=\"http:\/\/www.totalmedios.com\" data-type=\"link\" data-id=\"www.totalmedios.com\" target=\"_blank\" rel=\"noreferrer noopener\">www.totalmedios.com<\/a> | Ciudad Aut\u00f3noma de Buenos Aires | 09.02.26<\/p>\n","protected":false},"excerpt":{"rendered":"<p>Radio Nacional lanza este lunes 9 de febrero su nueva grilla de programaci\u00b4\u00f3n, que contendr\u00e1 contenidos con identidad propia, mirada federal y conexi\u00f3n directa con las audiencias de todo el pa\u00eds. De lunes a viernes, las ma\u00f1anas de Radio Nacional comenzar\u00e1n de 7.00 a 10.00 horas con &#8220;Primer Round&#8221;, ciclo que estar\u00e1 a cargo de &hellip; <a href=\"https:\/\/amplitudmodulada.com.ar\/index.php\/noticia14178\/\" class=\"more-link\">Continu\u00e1 leyendo <span class=\"screen-reader-text\">Radio Nacional lanza su nueva grilla de programaci\u00f3n<\/span><\/a><\/p>\n","protected":false},"author":1,"featured_media":0,"parent":0,"menu_order":0,"comment_status":"closed","ping_status":"closed","template":"","meta":{"footnotes":""},"class_list":["post-11001","page","type-page","status-publish","hentry"],"_links":{"self":[{"href":"https:\/\/amplitudmodulada.com.ar\/index.php\/wp-json\/wp\/v2\/pages\/11001","targetHints":{"allow":["GET"]}}],"collection":[{"href":"https:\/\/amplitudmodulada.com.ar\/index.php\/wp-json\/wp\/v2\/pages"}],"about":[{"href":"https:\/\/amplitudmodulada.com.ar\/index.php\/wp-json\/wp\/v2\/types\/page"}],"author":[{"embeddable":true,"href":"https:\/\/amplitudmodulada.com.ar\/index.php\/wp-json\/wp\/v2\/users\/1"}],"replies":[{"embeddable":true,"href":"https:\/\/amplitudmodulada.com.ar\/index.php\/wp-json\/wp\/v2\/comments?post=11001"}],"version-history":[{"count":3,"href":"https:\/\/amplitudmodulada.com.ar\/index.php\/wp-json\/wp\/v2\/pages\/11001\/revisions"}],"predecessor-version":[{"id":11006,"href":"https:\/\/amplitudmodulada.com.ar\/index.php\/wp-json\/wp\/v2\/pages\/11001\/revisions\/11006"}],"wp:attachment":[{"href":"https:\/\/amplitudmodulada.com.ar\/index.php\/wp-json\/wp\/v2\/media?parent=11001"}],"curies":[{"name":"wp","href":"https:\/\/api.w.org\/{rel}","templated":true}]}}