{"id":11027,"date":"2026-02-22T13:18:17","date_gmt":"2026-02-22T16:18:17","guid":{"rendered":"https:\/\/amplitudmodulada.com.ar\/?page_id=11027"},"modified":"2026-02-22T13:34:41","modified_gmt":"2026-02-22T16:34:41","slug":"noticia14182","status":"publish","type":"page","link":"https:\/\/amplitudmodulada.com.ar\/index.php\/noticia14182\/","title":{"rendered":"Fernanda Iglesias cont\u00f3 la mala experiencia que tuvo al trabajar con Nancy Pazos"},"content":{"rendered":"\n<figure class=\"wp-block-image size-full\"><img loading=\"lazy\" decoding=\"async\" width=\"180\" height=\"66\" src=\"http:\/\/amplitudmodulada.com.ar\/wp-content\/uploads\/2026\/02\/eltrece-e1771777272695.png\" alt=\"\" class=\"wp-image-11030\"\/><\/figure>\n\n\n\n<p>Luego de la protesta efectuada por Nancy Pazos contra la derogaci\u00f3n del Estatuto del Periodista, la periodista de Canal Trece Fernanda Iglesias cont\u00f3 la mala experiencia que atraves\u00f3 al trabajar con la periodista de LRL202 Radio 10 y C5N.<\/p>\n\n\n\n<p>El relato de Fernanda Iglesias fue realizado durante la emisi\u00f3n del programa &#8220;Puro Show&#8221;, que se emite por Canal Trece.<\/p>\n\n\n\n<p>En ese &#8220;Puro Show&#8221;, cont\u00f3 que Nancy Pazos como jefa &#8220;era bastante d\u00e9spota y faltadora de respeto&#8221; y asegur\u00f3 que llegaba tarde a su propio programa de radio, que comenzaba a las seis de la ma\u00f1ana.<\/p>\n\n\n\n<p>Incluso, relat\u00f3 que dejaba el auto en doble fila para que el productor se lo llevara a un estacionamiento.<\/p>\n\n\n\n<p>En ese marco, la panelista de &#8220;Puro Show&#8221; evoc\u00f3 una situaci\u00f3n que, seg\u00fan cont\u00f3, gener\u00f3 malestar en el equipo del programa.<\/p>\n\n\n\n<p>En pleno invierno, Nancy Pazos se habr\u00eda ido de vacaciones a un crucero mientras el resto del equipo sosten\u00eda el programa.<\/p>\n\n\n\n<p>&#8220;Mandaba fotos de sus vacaciones y nadie le respond\u00eda&#8221;, se\u00f1al\u00f3 y a\u00f1adi\u00f3 que cobraban poco y sent\u00edan que manten\u00edan el programa mientras ella disfrutaba del viaje.<\/p>\n\n\n\n<p>Fuente: <a href=\"http:\/\/www.pronto.com.ar\" data-type=\"link\" data-id=\"www.pronto.com.ar\" target=\"_blank\" rel=\"noreferrer noopener\">www.pronto.com.ar<\/a> | Ciudad Aut\u00f3noma de Buenos Aires | 12.02.26  <\/p>\n","protected":false},"excerpt":{"rendered":"<p>Luego de la protesta efectuada por Nancy Pazos contra la derogaci\u00f3n del Estatuto del Periodista, la periodista de Canal Trece Fernanda Iglesias cont\u00f3 la mala experiencia que atraves\u00f3 al trabajar con la periodista de LRL202 Radio 10 y C5N. El relato de Fernanda Iglesias fue realizado durante la emisi\u00f3n del programa &#8220;Puro Show&#8221;, que se &hellip; <a href=\"https:\/\/amplitudmodulada.com.ar\/index.php\/noticia14182\/\" class=\"more-link\">Continu\u00e1 leyendo <span class=\"screen-reader-text\">Fernanda Iglesias cont\u00f3 la mala experiencia que tuvo al trabajar con Nancy Pazos<\/span><\/a><\/p>\n","protected":false},"author":1,"featured_media":0,"parent":0,"menu_order":0,"comment_status":"closed","ping_status":"closed","template":"","meta":{"footnotes":""},"class_list":["post-11027","page","type-page","status-publish","hentry"],"_links":{"self":[{"href":"https:\/\/amplitudmodulada.com.ar\/index.php\/wp-json\/wp\/v2\/pages\/11027","targetHints":{"allow":["GET"]}}],"collection":[{"href":"https:\/\/amplitudmodulada.com.ar\/index.php\/wp-json\/wp\/v2\/pages"}],"about":[{"href":"https:\/\/amplitudmodulada.com.ar\/index.php\/wp-json\/wp\/v2\/types\/page"}],"author":[{"embeddable":true,"href":"https:\/\/amplitudmodulada.com.ar\/index.php\/wp-json\/wp\/v2\/users\/1"}],"replies":[{"embeddable":true,"href":"https:\/\/amplitudmodulada.com.ar\/index.php\/wp-json\/wp\/v2\/comments?post=11027"}],"version-history":[{"count":3,"href":"https:\/\/amplitudmodulada.com.ar\/index.php\/wp-json\/wp\/v2\/pages\/11027\/revisions"}],"predecessor-version":[{"id":11033,"href":"https:\/\/amplitudmodulada.com.ar\/index.php\/wp-json\/wp\/v2\/pages\/11027\/revisions\/11033"}],"wp:attachment":[{"href":"https:\/\/amplitudmodulada.com.ar\/index.php\/wp-json\/wp\/v2\/media?parent=11027"}],"curies":[{"name":"wp","href":"https:\/\/api.w.org\/{rel}","templated":true}]}}