{"id":11036,"date":"2026-02-22T18:58:47","date_gmt":"2026-02-22T21:58:47","guid":{"rendered":"https:\/\/amplitudmodulada.com.ar\/?page_id=11036"},"modified":"2026-02-22T19:10:17","modified_gmt":"2026-02-22T22:10:17","slug":"noticia14183","status":"publish","type":"page","link":"https:\/\/amplitudmodulada.com.ar\/index.php\/noticia14183\/","title":{"rendered":"LT28 Radio Rafaela estar\u00e1 en el regreso de Atl\u00e9tico Rafaela a la Primera Nacional"},"content":{"rendered":"\n<figure class=\"wp-block-image size-full\"><img loading=\"lazy\" decoding=\"async\" width=\"147\" height=\"80\" src=\"http:\/\/amplitudmodulada.com.ar\/wp-content\/uploads\/2024\/02\/LT28-e1708188456951.png\" alt=\"\" class=\"wp-image-844\"\/><\/figure>\n\n\n\n<p>LT28 Radio Rafaela estar\u00e1 presente este viernes 13 de febrero en el regreso de Atl\u00e9tico Rafaela a la Primera Nacional, cuando reciba a Almagro en el Nuevo Monumental.<\/p>\n\n\n\n<p>Atl\u00e9tico Rafaela retorna a la Primera Nacional tras una temporada en el Federal A, donde logr\u00f3 el ascenso en la etapa Rev\u00e1lida al superar a San Mart\u00edn de Formosa.<\/p>\n\n\n\n<p>La jornada contar\u00e1 con una cobertura integral de Radio Rafaela a trav\u00e9s de sus se\u00f1ales: 1470 Khz. y 96.5 Mhz. y transmisi\u00f3n simult\u00e1nea a trav\u00e9s de <a href=\"http:\/\/www.radiorafaela.com.ar\" data-type=\"link\" data-id=\"www.radiorafaela.com.ar\" target=\"_blank\" rel=\"noreferrer noopener\">www.radiorafaela.com.ar<\/a>.<\/p>\n\n\n\n<p>La transmisi\u00f3n dar\u00e1 comienzo a las 20.00 horas, con la previa desde el estadio.<\/p>\n\n\n\n<p>Desde la cabina central del estadio, Dami\u00e1n Torti estar\u00e1 a cargo de los relatos, acompa\u00f1ado por Gabriel Santill\u00e1n, en los comentarios.<\/p>\n\n\n\n<p>Las informaciones en vivo llegar\u00e1n desde campo de juego con Joaqu\u00edn Molina.<\/p>\n\n\n\n<p>Fuente: <a href=\"http:\/\/www.radiorafaela.com.ar\" data-type=\"link\" data-id=\"www.radiorafaela.com.ar\" target=\"_blank\" rel=\"noreferrer noopener\">www.radiorafaela.com.ar<\/a> | Rafaela &#8211; Santa Fe | 13.02.26<\/p>\n\n\n\n<p><\/p>\n","protected":false},"excerpt":{"rendered":"<p>LT28 Radio Rafaela estar\u00e1 presente este viernes 13 de febrero en el regreso de Atl\u00e9tico Rafaela a la Primera Nacional, cuando reciba a Almagro en el Nuevo Monumental. Atl\u00e9tico Rafaela retorna a la Primera Nacional tras una temporada en el Federal A, donde logr\u00f3 el ascenso en la etapa Rev\u00e1lida al superar a San Mart\u00edn &hellip; <a href=\"https:\/\/amplitudmodulada.com.ar\/index.php\/noticia14183\/\" class=\"more-link\">Continu\u00e1 leyendo <span class=\"screen-reader-text\">LT28 Radio Rafaela estar\u00e1 en el regreso de Atl\u00e9tico Rafaela a la Primera Nacional<\/span><\/a><\/p>\n","protected":false},"author":1,"featured_media":0,"parent":0,"menu_order":0,"comment_status":"closed","ping_status":"closed","template":"","meta":{"footnotes":""},"class_list":["post-11036","page","type-page","status-publish","hentry"],"_links":{"self":[{"href":"https:\/\/amplitudmodulada.com.ar\/index.php\/wp-json\/wp\/v2\/pages\/11036","targetHints":{"allow":["GET"]}}],"collection":[{"href":"https:\/\/amplitudmodulada.com.ar\/index.php\/wp-json\/wp\/v2\/pages"}],"about":[{"href":"https:\/\/amplitudmodulada.com.ar\/index.php\/wp-json\/wp\/v2\/types\/page"}],"author":[{"embeddable":true,"href":"https:\/\/amplitudmodulada.com.ar\/index.php\/wp-json\/wp\/v2\/users\/1"}],"replies":[{"embeddable":true,"href":"https:\/\/amplitudmodulada.com.ar\/index.php\/wp-json\/wp\/v2\/comments?post=11036"}],"version-history":[{"count":4,"href":"https:\/\/amplitudmodulada.com.ar\/index.php\/wp-json\/wp\/v2\/pages\/11036\/revisions"}],"predecessor-version":[{"id":11042,"href":"https:\/\/amplitudmodulada.com.ar\/index.php\/wp-json\/wp\/v2\/pages\/11036\/revisions\/11042"}],"wp:attachment":[{"href":"https:\/\/amplitudmodulada.com.ar\/index.php\/wp-json\/wp\/v2\/media?parent=11036"}],"curies":[{"name":"wp","href":"https:\/\/api.w.org\/{rel}","templated":true}]}}