{"id":11045,"date":"2026-02-23T20:54:25","date_gmt":"2026-02-23T23:54:25","guid":{"rendered":"https:\/\/amplitudmodulada.com.ar\/?page_id=11045"},"modified":"2026-02-23T21:22:13","modified_gmt":"2026-02-24T00:22:13","slug":"noticia14184","status":"publish","type":"page","link":"https:\/\/amplitudmodulada.com.ar\/index.php\/noticia14184\/","title":{"rendered":"LT27 La Voz del Montiel cumple cincuenta y cinco a\u00f1os en el aire"},"content":{"rendered":"\n<figure class=\"wp-block-image size-full\"><img loading=\"lazy\" decoding=\"async\" width=\"144\" height=\"105\" src=\"http:\/\/amplitudmodulada.com.ar\/wp-content\/uploads\/2026\/02\/LT27-e1771890910667.png\" alt=\"\" class=\"wp-image-11047\"\/><\/figure>\n\n\n\n<p>Reconocida como la \u00fanica emisora de Amplitud Modulada del centro de la provincia de Entre R\u00edos, LT27 La Voz del Montiel de Villaguay cumple este viernes 13 de febrero cincuenta y cinco a\u00f1os en el aire.<\/p>\n\n\n\n<p>La emisora fue fundada oficialmente el 13 de febrero de 1971 como resultado de un proyecto que impulsaba la instalaci\u00f3n de emisoras de baja potencia en zonas de frontera y alejadas de los grandes centros urbanos.<\/p>\n\n\n\n<p>El creador y primer director de la emisora fue el sacerdote Jos\u00e9 Lavini, quien estuvo a cargo de la emisora hasta su fallecimiento, en 1996.<\/p>\n\n\n\n<p>En ese entonces, se hizo cargo de LT27 la secretaria del religioso, Alicia Faust, fallecida en noviembre de 2011.<\/p>\n\n\n\n<p>A partir de ese momento, la emisora de Villaguay atraves\u00f3 graves crisis econ\u00f3micas que culminaron una d\u00e9cada despu\u00e9s cuando su entonces administrador, Adalberto \u00c1lvarez, anunci\u00f3 en julio de 2021 el cierre definitivo del medio.<\/p>\n\n\n\n<p>Tras el anuncio de cierre, la emisora fue intervenida por el Ente Nacional de Comunicaciones (ENACOM) y permaneci\u00f3 sin salir al aire durante meses a ra\u00edz de abultadas deudas y problemas t\u00e9cnicos.<\/p>\n\n\n\n<p>En 2024, La Voz del Montiel volvi\u00f3 al aire y actualmente la radio es operada por la firma Versi\u00f3n Rosario S.R.L.<\/p>\n\n\n\n<p>13.02.26<\/p>\n","protected":false},"excerpt":{"rendered":"<p>Reconocida como la \u00fanica emisora de Amplitud Modulada del centro de la provincia de Entre R\u00edos, LT27 La Voz del Montiel de Villaguay cumple este viernes 13 de febrero cincuenta y cinco a\u00f1os en el aire. La emisora fue fundada oficialmente el 13 de febrero de 1971 como resultado de un proyecto que impulsaba la &hellip; <a href=\"https:\/\/amplitudmodulada.com.ar\/index.php\/noticia14184\/\" class=\"more-link\">Continu\u00e1 leyendo <span class=\"screen-reader-text\">LT27 La Voz del Montiel cumple cincuenta y cinco a\u00f1os en el aire<\/span><\/a><\/p>\n","protected":false},"author":1,"featured_media":0,"parent":0,"menu_order":0,"comment_status":"closed","ping_status":"closed","template":"","meta":{"footnotes":""},"class_list":["post-11045","page","type-page","status-publish","hentry"],"_links":{"self":[{"href":"https:\/\/amplitudmodulada.com.ar\/index.php\/wp-json\/wp\/v2\/pages\/11045","targetHints":{"allow":["GET"]}}],"collection":[{"href":"https:\/\/amplitudmodulada.com.ar\/index.php\/wp-json\/wp\/v2\/pages"}],"about":[{"href":"https:\/\/amplitudmodulada.com.ar\/index.php\/wp-json\/wp\/v2\/types\/page"}],"author":[{"embeddable":true,"href":"https:\/\/amplitudmodulada.com.ar\/index.php\/wp-json\/wp\/v2\/users\/1"}],"replies":[{"embeddable":true,"href":"https:\/\/amplitudmodulada.com.ar\/index.php\/wp-json\/wp\/v2\/comments?post=11045"}],"version-history":[{"count":2,"href":"https:\/\/amplitudmodulada.com.ar\/index.php\/wp-json\/wp\/v2\/pages\/11045\/revisions"}],"predecessor-version":[{"id":11049,"href":"https:\/\/amplitudmodulada.com.ar\/index.php\/wp-json\/wp\/v2\/pages\/11045\/revisions\/11049"}],"wp:attachment":[{"href":"https:\/\/amplitudmodulada.com.ar\/index.php\/wp-json\/wp\/v2\/media?parent=11045"}],"curies":[{"name":"wp","href":"https:\/\/api.w.org\/{rel}","templated":true}]}}