{"id":11053,"date":"2026-02-25T08:10:46","date_gmt":"2026-02-25T11:10:46","guid":{"rendered":"https:\/\/amplitudmodulada.com.ar\/?page_id=11053"},"modified":"2026-02-25T08:30:13","modified_gmt":"2026-02-25T11:30:13","slug":"noticia14185","status":"publish","type":"page","link":"https:\/\/amplitudmodulada.com.ar\/index.php\/noticia14185\/","title":{"rendered":"Trabajadores de LU9 Radio Mar del Plata contin\u00faan en estado de alerta y movilizaci\u00f3n"},"content":{"rendered":"\n<figure class=\"wp-block-image size-full\"><img loading=\"lazy\" decoding=\"async\" width=\"179\" height=\"71\" src=\"http:\/\/amplitudmodulada.com.ar\/wp-content\/uploads\/2025\/07\/LU9-e1752338694894.png\" alt=\"\" class=\"wp-image-7888\"\/><\/figure>\n\n\n\n<p>Ante la falta de pago de los salarios en tiempo y forma, los trabajadores de LU9 Radio Mar del Plata y FM Universo contin\u00faan en estado de alerta y movilizaci\u00f3n, a la vez que pidieron inspecciones al Ministerio de Trabajo.<\/p>\n\n\n\n<p>En di\u00e1logo con el portal Qu\u00e9 Digital, el Secretario General de la Confederaci\u00f3n Sindical de Trabajadores de los Medios, Mart\u00edn Navarro, confirm\u00f3 que este mes los trabajadores de la emisora volvieron a cobrar solamente la mitad de sus haberes.<\/p>\n\n\n\n<p>En ese marco, explic\u00f3 que en la audiencia que esta semana mantuvieron con autoridades de la radio no obtuvieron precisiones acerca de cu\u00e1ndo percibir\u00e1n el resto de sus salarios.<\/p>\n\n\n\n<p>Desde la Confederaci\u00f3n Sindical de Trabajadores de los Medios destacaron que la empresa Difusora Austral S.A. repite estas conductas desde hace cuatro a\u00f1os y abona los aguinaldos y salarios en cuotas &#8220;de manera sistem\u00e1tica y fuera de t\u00e9rmino&#8221;.<\/p>\n\n\n\n<p>Desde el Sindicato de Prensa de Mar del Plata, adem\u00e1s, denunciaron la falta de registraci\u00f3n de periodistas que se desempe\u00f1an en el medio.<\/p>\n\n\n\n<p>A ra\u00edz de estas irregularidades, las distintas entidades sindicales que agrupan al personal de Radio Mar del Plata solicitaron la intervenci\u00f3n de la cartera laboral, en tanto los trabajadores de la emisora se mantienen en estado de alerta y movilizaci\u00f3n.<\/p>\n\n\n\n<p>Fuente: <a href=\"http:\/\/www.quedigital.com.ar\" data-type=\"link\" data-id=\"www.quedigital.com.ar\" target=\"_blank\" rel=\"noreferrer noopener\">www.quedigital.com.ar<\/a> | Mar del Plata &#8211; Buenos Aires | 13.02.26<\/p>\n\n\n\n<p><\/p>\n","protected":false},"excerpt":{"rendered":"<p>Ante la falta de pago de los salarios en tiempo y forma, los trabajadores de LU9 Radio Mar del Plata y FM Universo contin\u00faan en estado de alerta y movilizaci\u00f3n, a la vez que pidieron inspecciones al Ministerio de Trabajo. En di\u00e1logo con el portal Qu\u00e9 Digital, el Secretario General de la Confederaci\u00f3n Sindical de &hellip; <a href=\"https:\/\/amplitudmodulada.com.ar\/index.php\/noticia14185\/\" class=\"more-link\">Continu\u00e1 leyendo <span class=\"screen-reader-text\">Trabajadores de LU9 Radio Mar del Plata contin\u00faan en estado de alerta y movilizaci\u00f3n<\/span><\/a><\/p>\n","protected":false},"author":1,"featured_media":0,"parent":0,"menu_order":0,"comment_status":"closed","ping_status":"closed","template":"","meta":{"footnotes":""},"class_list":["post-11053","page","type-page","status-publish","hentry"],"_links":{"self":[{"href":"https:\/\/amplitudmodulada.com.ar\/index.php\/wp-json\/wp\/v2\/pages\/11053","targetHints":{"allow":["GET"]}}],"collection":[{"href":"https:\/\/amplitudmodulada.com.ar\/index.php\/wp-json\/wp\/v2\/pages"}],"about":[{"href":"https:\/\/amplitudmodulada.com.ar\/index.php\/wp-json\/wp\/v2\/types\/page"}],"author":[{"embeddable":true,"href":"https:\/\/amplitudmodulada.com.ar\/index.php\/wp-json\/wp\/v2\/users\/1"}],"replies":[{"embeddable":true,"href":"https:\/\/amplitudmodulada.com.ar\/index.php\/wp-json\/wp\/v2\/comments?post=11053"}],"version-history":[{"count":4,"href":"https:\/\/amplitudmodulada.com.ar\/index.php\/wp-json\/wp\/v2\/pages\/11053\/revisions"}],"predecessor-version":[{"id":11060,"href":"https:\/\/amplitudmodulada.com.ar\/index.php\/wp-json\/wp\/v2\/pages\/11053\/revisions\/11060"}],"wp:attachment":[{"href":"https:\/\/amplitudmodulada.com.ar\/index.php\/wp-json\/wp\/v2\/media?parent=11053"}],"curies":[{"name":"wp","href":"https:\/\/api.w.org\/{rel}","templated":true}]}}