{"id":11063,"date":"2026-02-25T20:27:47","date_gmt":"2026-02-25T23:27:47","guid":{"rendered":"https:\/\/amplitudmodulada.com.ar\/?page_id=11063"},"modified":"2026-02-25T20:43:48","modified_gmt":"2026-02-25T23:43:48","slug":"noticia14186","status":"publish","type":"page","link":"https:\/\/amplitudmodulada.com.ar\/index.php\/noticia14186\/","title":{"rendered":"Se celebra este viernes el D\u00eda Mundial de la Radio"},"content":{"rendered":"\n<figure class=\"wp-block-image size-full\"><img loading=\"lazy\" decoding=\"async\" width=\"147\" height=\"110\" src=\"http:\/\/amplitudmodulada.com.ar\/wp-content\/uploads\/2026\/02\/unesco-e1772062178804.png\" alt=\"\" class=\"wp-image-11066\"\/><\/figure>\n\n\n\n<p>Se celebra este viernes 13 de febrero el D\u00eda Mundial de la Radio. La celebraci\u00f3n fue impulsada en el a\u00f1o 2011, durante la 36\u00ba Conferencia General de la Organizaci\u00f3n de las Naciones Unidas para la Educaci\u00f3n, la Ciencia y la Cultura (UNESCO).<\/p>\n\n\n\n<p>El Consejo Educativo de este organismo propuso crear una fecha para destacar a este medio de comunicaci\u00f3n y todos sus colaboradores.<\/p>\n\n\n\n<p>De esta manera, en 2012 se decret\u00f3 el D\u00eda de la Radio, en el marco de la Asamblea General de la Organizaci\u00f3n de las Naciones Unidas (ONU). <\/p>\n\n\n\n<p>La fecha fue elegida en recuerdo de la creaci\u00f3n del servicio de radio de las Naciones Unidas, el 13 de febrero de 1946.<\/p>\n\n\n\n<p>Cada a\u00f1o, la UNESCO define una tem\u00e1tica en particular para abordar el D\u00eda de la Radio, crear campa\u00f1as y debatir entre los Estados miembro.<\/p>\n\n\n\n<p>Este 2026, el lema es &#8220;La IA es una herramienta, no una voz&#8221;.<\/p>\n\n\n\n<p>Es as\u00ed, que esta efem\u00e9ride pone en foco la inteligencia artificial y su uso correcto.<\/p>\n\n\n\n<p>La jornada plantea varias oportunidades de mejora y adaptaci\u00f3n, con ciertos criterios a tener en cuenta.<\/p>\n\n\n\n<p>Se busca comprender el uso de esta nueva tecnolog\u00eda como un apoyo, pero no un reemplazo del razonamiento humano, sus opiniones, estilos o intenciones art\u00edsticas.<\/p>\n\n\n\n<p>&#8220;Si es utilizada de forma \u00e9tica, en apoyo del criterio, la creatividad y los valores de servicio p\u00fablico de los profesionales de la radio, la IA puede convertirse en un aliado para fortalecer la confianza del gran p\u00fablico&#8221;, indic\u00f3 el organismo.<\/p>\n\n\n\n<p>Fuente: <a href=\"http:\/\/www.lanacion.com.ar\" data-type=\"link\" data-id=\"www.lanacion.com.ar\" target=\"_blank\" rel=\"noreferrer noopener\">www.lanacion.com.ar<\/a> | Ciudad Aut\u00f3noma de Buenos Aires | 13.02.26<\/p>\n","protected":false},"excerpt":{"rendered":"<p>Se celebra este viernes 13 de febrero el D\u00eda Mundial de la Radio. La celebraci\u00f3n fue impulsada en el a\u00f1o 2011, durante la 36\u00ba Conferencia General de la Organizaci\u00f3n de las Naciones Unidas para la Educaci\u00f3n, la Ciencia y la Cultura (UNESCO). El Consejo Educativo de este organismo propuso crear una fecha para destacar a &hellip; <a href=\"https:\/\/amplitudmodulada.com.ar\/index.php\/noticia14186\/\" class=\"more-link\">Continu\u00e1 leyendo <span class=\"screen-reader-text\">Se celebra este viernes el D\u00eda Mundial de la Radio<\/span><\/a><\/p>\n","protected":false},"author":1,"featured_media":0,"parent":0,"menu_order":0,"comment_status":"closed","ping_status":"closed","template":"","meta":{"footnotes":""},"class_list":["post-11063","page","type-page","status-publish","hentry"],"_links":{"self":[{"href":"https:\/\/amplitudmodulada.com.ar\/index.php\/wp-json\/wp\/v2\/pages\/11063","targetHints":{"allow":["GET"]}}],"collection":[{"href":"https:\/\/amplitudmodulada.com.ar\/index.php\/wp-json\/wp\/v2\/pages"}],"about":[{"href":"https:\/\/amplitudmodulada.com.ar\/index.php\/wp-json\/wp\/v2\/types\/page"}],"author":[{"embeddable":true,"href":"https:\/\/amplitudmodulada.com.ar\/index.php\/wp-json\/wp\/v2\/users\/1"}],"replies":[{"embeddable":true,"href":"https:\/\/amplitudmodulada.com.ar\/index.php\/wp-json\/wp\/v2\/comments?post=11063"}],"version-history":[{"count":2,"href":"https:\/\/amplitudmodulada.com.ar\/index.php\/wp-json\/wp\/v2\/pages\/11063\/revisions"}],"predecessor-version":[{"id":11067,"href":"https:\/\/amplitudmodulada.com.ar\/index.php\/wp-json\/wp\/v2\/pages\/11063\/revisions\/11067"}],"wp:attachment":[{"href":"https:\/\/amplitudmodulada.com.ar\/index.php\/wp-json\/wp\/v2\/media?parent=11063"}],"curies":[{"name":"wp","href":"https:\/\/api.w.org\/{rel}","templated":true}]}}