{"id":11070,"date":"2026-02-26T16:46:49","date_gmt":"2026-02-26T19:46:49","guid":{"rendered":"https:\/\/amplitudmodulada.com.ar\/?page_id=11070"},"modified":"2026-02-26T20:10:03","modified_gmt":"2026-02-26T23:10:03","slug":"noticia14187","status":"publish","type":"page","link":"https:\/\/amplitudmodulada.com.ar\/index.php\/noticia14187\/","title":{"rendered":"AM 650 es denomina ahora AM 650 Somos Argentina"},"content":{"rendered":"\n<figure class=\"wp-block-image size-full\"><img loading=\"lazy\" decoding=\"async\" width=\"180\" height=\"54\" src=\"http:\/\/amplitudmodulada.com.ar\/wp-content\/uploads\/2026\/02\/650-e1772135335258.png\" alt=\"\" class=\"wp-image-11073\"\/><\/figure>\n\n\n\n<p>Seg\u00fan destaca este fin de semana el sitio de Facebook Argenina en AM y FM, la emisora AM 650, con estudios en la Ciudad Aut\u00f3noma de Buenos Aires, se denomina ahora AM 650 Somos Argentina.<\/p>\n\n\n\n<p>Argentina en AM y FM recuerda que esta emisora comenz\u00f3 sus transmisiones el 12 de junio de 2004 y que desde sus primeras emisiones ha cambiado varias veces su denominaci\u00f3n.<\/p>\n\n\n\n<p>Comenz\u00f3 a emitir como Radio AM 650, a partir de 2007 como Reporter AM 650, desde enero de 2012 como Belgrano AM 650 y, posteriormente, desde marzo de 2025 como AM 650.<\/p>\n\n\n\n<p>La emisora es operada por Prodera S.A. y comparte sus estudios con AM 570 Radio Belgrano en la calle San Mart\u00edn 569, en el centro porter\u00f1o.<\/p>\n\n\n\n<p>A partir de este \u00faltimo cambio de denominaci\u00f3n, la emisora ofrece un nuevo formato de programaci\u00f3n, que cuenta con segmentos de actualidad, noticias y espacios musicales y deportivos.<\/p>\n\n\n\n<p>AM 650 Somos Argentina cuenta con una p\u00e1gina web, <a href=\"http:\/\/www.am650.com.ar\" data-type=\"link\" data-id=\"www.am650.com.ar\" target=\"_blank\" rel=\"noreferrer noopener\">www.am650.com.ar<\/a>, que permite escuchar su programaci\u00f3n por Internet.<\/p>\n\n\n\n<p>16.02.26<\/p>\n","protected":false},"excerpt":{"rendered":"<p>Seg\u00fan destaca este fin de semana el sitio de Facebook Argenina en AM y FM, la emisora AM 650, con estudios en la Ciudad Aut\u00f3noma de Buenos Aires, se denomina ahora AM 650 Somos Argentina. Argentina en AM y FM recuerda que esta emisora comenz\u00f3 sus transmisiones el 12 de junio de 2004 y que &hellip; <a href=\"https:\/\/amplitudmodulada.com.ar\/index.php\/noticia14187\/\" class=\"more-link\">Continu\u00e1 leyendo <span class=\"screen-reader-text\">AM 650 es denomina ahora AM 650 Somos Argentina<\/span><\/a><\/p>\n","protected":false},"author":1,"featured_media":0,"parent":0,"menu_order":0,"comment_status":"closed","ping_status":"closed","template":"","meta":{"footnotes":""},"class_list":["post-11070","page","type-page","status-publish","hentry"],"_links":{"self":[{"href":"https:\/\/amplitudmodulada.com.ar\/index.php\/wp-json\/wp\/v2\/pages\/11070","targetHints":{"allow":["GET"]}}],"collection":[{"href":"https:\/\/amplitudmodulada.com.ar\/index.php\/wp-json\/wp\/v2\/pages"}],"about":[{"href":"https:\/\/amplitudmodulada.com.ar\/index.php\/wp-json\/wp\/v2\/types\/page"}],"author":[{"embeddable":true,"href":"https:\/\/amplitudmodulada.com.ar\/index.php\/wp-json\/wp\/v2\/users\/1"}],"replies":[{"embeddable":true,"href":"https:\/\/amplitudmodulada.com.ar\/index.php\/wp-json\/wp\/v2\/comments?post=11070"}],"version-history":[{"count":3,"href":"https:\/\/amplitudmodulada.com.ar\/index.php\/wp-json\/wp\/v2\/pages\/11070\/revisions"}],"predecessor-version":[{"id":11075,"href":"https:\/\/amplitudmodulada.com.ar\/index.php\/wp-json\/wp\/v2\/pages\/11070\/revisions\/11075"}],"wp:attachment":[{"href":"https:\/\/amplitudmodulada.com.ar\/index.php\/wp-json\/wp\/v2\/media?parent=11070"}],"curies":[{"name":"wp","href":"https:\/\/api.w.org\/{rel}","templated":true}]}}