{"id":11078,"date":"2026-02-27T20:37:37","date_gmt":"2026-02-27T23:37:37","guid":{"rendered":"https:\/\/amplitudmodulada.com.ar\/?page_id=11078"},"modified":"2026-02-27T20:39:13","modified_gmt":"2026-02-27T23:39:13","slug":"noticia14188","status":"publish","type":"page","link":"https:\/\/amplitudmodulada.com.ar\/index.php\/noticia14188\/","title":{"rendered":"Laura Di Marco debuta el pr\u00f3ximo lunes en Radio Continental"},"content":{"rendered":"\n<figure class=\"wp-block-image size-full\"><img loading=\"lazy\" decoding=\"async\" width=\"154\" height=\"100\" src=\"http:\/\/amplitudmodulada.com.ar\/wp-content\/uploads\/2025\/12\/590-e1766682242111.png\" alt=\"\" class=\"wp-image-10320\"\/><\/figure>\n\n\n\n<p>La periodista y escritora Laura Di Marco debuta este lunes 23 de febrero en LS4 Radio Continental. Conducir\u00e1 en esa emisora el ciclo &#8220;Di Marco en Continental&#8221;, que se emitir\u00e1 de lunes a viernes de 16.00 a 18.00 horas.<\/p>\n\n\n\n<p>En cada emisi\u00f3n de &#8220;Di Marco en Continental&#8221;, su conductora estar\u00e1 acompa\u00f1ada por Osvaldo Bebo Granados, en econom\u00eda y actualidad, Gustavo El Tigre Medina, con la informaci\u00f3n deportiva, y Rosana Pagani, en la locuci\u00f3n y espect\u00e1culos.<\/p>\n\n\n\n<p>La llegada de Laura Di Marco forma parte de una serie de movimientos estrat\u00e9gicos que Radio Continental implement\u00f3 este a\u00f1o en su grilla de programaci\u00f3n.<\/p>\n\n\n\n<p>Entre ellos se destaca el regreso de Daniel L\u00f3pez y su cl\u00e1sico &#8220;Primera Hora&#8221;, el cambio de horario del programa de Fernando Carnota y la incorporaci\u00f3n de Fernando Mancini con su programa &#8220;Mancini 590&#8221;.<\/p>\n\n\n\n<p>Fuente: <a href=\"http:\/\/www.lanacion.com.ar\" data-type=\"link\" data-id=\"www.lanacion.com.ar\" target=\"_blank\" rel=\"noreferrer noopener\">www.lanacion.com.ar<\/a> | Ciudad Aut\u00f3noma de Buenos Aires | 17.02.26<\/p>\n","protected":false},"excerpt":{"rendered":"<p>La periodista y escritora Laura Di Marco debuta este lunes 23 de febrero en LS4 Radio Continental. Conducir\u00e1 en esa emisora el ciclo &#8220;Di Marco en Continental&#8221;, que se emitir\u00e1 de lunes a viernes de 16.00 a 18.00 horas. En cada emisi\u00f3n de &#8220;Di Marco en Continental&#8221;, su conductora estar\u00e1 acompa\u00f1ada por Osvaldo Bebo Granados, &hellip; <a href=\"https:\/\/amplitudmodulada.com.ar\/index.php\/noticia14188\/\" class=\"more-link\">Continu\u00e1 leyendo <span class=\"screen-reader-text\">Laura Di Marco debuta el pr\u00f3ximo lunes en Radio Continental<\/span><\/a><\/p>\n","protected":false},"author":1,"featured_media":0,"parent":0,"menu_order":0,"comment_status":"closed","ping_status":"closed","template":"","meta":{"footnotes":""},"class_list":["post-11078","page","type-page","status-publish","hentry"],"_links":{"self":[{"href":"https:\/\/amplitudmodulada.com.ar\/index.php\/wp-json\/wp\/v2\/pages\/11078","targetHints":{"allow":["GET"]}}],"collection":[{"href":"https:\/\/amplitudmodulada.com.ar\/index.php\/wp-json\/wp\/v2\/pages"}],"about":[{"href":"https:\/\/amplitudmodulada.com.ar\/index.php\/wp-json\/wp\/v2\/types\/page"}],"author":[{"embeddable":true,"href":"https:\/\/amplitudmodulada.com.ar\/index.php\/wp-json\/wp\/v2\/users\/1"}],"replies":[{"embeddable":true,"href":"https:\/\/amplitudmodulada.com.ar\/index.php\/wp-json\/wp\/v2\/comments?post=11078"}],"version-history":[{"count":2,"href":"https:\/\/amplitudmodulada.com.ar\/index.php\/wp-json\/wp\/v2\/pages\/11078\/revisions"}],"predecessor-version":[{"id":11081,"href":"https:\/\/amplitudmodulada.com.ar\/index.php\/wp-json\/wp\/v2\/pages\/11078\/revisions\/11081"}],"wp:attachment":[{"href":"https:\/\/amplitudmodulada.com.ar\/index.php\/wp-json\/wp\/v2\/media?parent=11078"}],"curies":[{"name":"wp","href":"https:\/\/api.w.org\/{rel}","templated":true}]}}