{"id":11084,"date":"2026-03-01T14:09:31","date_gmt":"2026-03-01T17:09:31","guid":{"rendered":"https:\/\/amplitudmodulada.com.ar\/?page_id=11084"},"modified":"2026-03-01T15:04:57","modified_gmt":"2026-03-01T18:04:57","slug":"noticia14189","status":"publish","type":"page","link":"https:\/\/amplitudmodulada.com.ar\/index.php\/noticia14189\/","title":{"rendered":"Axel Kicillof salud\u00b4o a LS11 Radio Provincia por su 89\u00ba aniversario"},"content":{"rendered":"\n<figure class=\"wp-block-image size-full\"><img loading=\"lazy\" decoding=\"async\" width=\"120\" height=\"120\" src=\"http:\/\/amplitudmodulada.com.ar\/wp-content\/uploads\/2024\/01\/1270-e1706133975157.png\" alt=\"\" class=\"wp-image-597\"\/><\/figure>\n\n\n\n<p>En el marco del 89\u00ba aniversario de la primera emisi\u00f3n de LS11 Radio Provincia de Buenos Aires, el gobernador Axel Kicillof salud\u00f3 este mi\u00e9rcoles 18 de febrero a los oyentes y trabajadores de esa emisora.<\/p>\n\n\n\n<p>El mandatario de la Provincia de Buenos Aires ratific\u00f3 en ese contexto su compromiso con la comunicaci\u00f3n p\u00fablica y defendi\u00f3 los derechos laborales de las y los periodistas.<\/p>\n\n\n\n<p>Radio Provincia de Buenos Aires inici\u00f3 sus transmisiones el 18 de febrero de 1937 desde el Pasaje Dardo Rocha de La Plata en 1310 Khz.<\/p>\n\n\n\n<p>A\u00f1os m\u00e1s tarde, la emisora comenzar\u00eda a emitir en 1270 Khz. y desde 1972 tiene su sede en el Palacio Achinelly, a una cuadra de la plaza Moreno.<\/p>\n\n\n\n<p>En 1999 comenz\u00f3 a emitir la emisora de Frecuencia Modulada de Radio Provincia en 97.1 Mhz.<\/p>\n\n\n\n<p>A mediados de 2002 comenz\u00f3 a transmitir su se\u00f1al v\u00eda sat\u00e9lite y poco despu\u00e9s, el 10 de abril de 2003, apareci\u00f3 su sitio web.<\/p>\n\n\n\n<p>Bajo la gobernaci\u00f3n de Axel Kicillof, la direcci\u00f3n de la emisora est\u00e1 a cargo de Marcelo Figueras.<\/p>\n\n\n\n<p>18.02,26<\/p>\n","protected":false},"excerpt":{"rendered":"<p>En el marco del 89\u00ba aniversario de la primera emisi\u00f3n de LS11 Radio Provincia de Buenos Aires, el gobernador Axel Kicillof salud\u00f3 este mi\u00e9rcoles 18 de febrero a los oyentes y trabajadores de esa emisora. El mandatario de la Provincia de Buenos Aires ratific\u00f3 en ese contexto su compromiso con la comunicaci\u00f3n p\u00fablica y defendi\u00f3 &hellip; <a href=\"https:\/\/amplitudmodulada.com.ar\/index.php\/noticia14189\/\" class=\"more-link\">Continu\u00e1 leyendo <span class=\"screen-reader-text\">Axel Kicillof salud\u00b4o a LS11 Radio Provincia por su 89\u00ba aniversario<\/span><\/a><\/p>\n","protected":false},"author":1,"featured_media":0,"parent":0,"menu_order":0,"comment_status":"closed","ping_status":"closed","template":"","meta":{"footnotes":""},"class_list":["post-11084","page","type-page","status-publish","hentry"],"_links":{"self":[{"href":"https:\/\/amplitudmodulada.com.ar\/index.php\/wp-json\/wp\/v2\/pages\/11084","targetHints":{"allow":["GET"]}}],"collection":[{"href":"https:\/\/amplitudmodulada.com.ar\/index.php\/wp-json\/wp\/v2\/pages"}],"about":[{"href":"https:\/\/amplitudmodulada.com.ar\/index.php\/wp-json\/wp\/v2\/types\/page"}],"author":[{"embeddable":true,"href":"https:\/\/amplitudmodulada.com.ar\/index.php\/wp-json\/wp\/v2\/users\/1"}],"replies":[{"embeddable":true,"href":"https:\/\/amplitudmodulada.com.ar\/index.php\/wp-json\/wp\/v2\/comments?post=11084"}],"version-history":[{"count":5,"href":"https:\/\/amplitudmodulada.com.ar\/index.php\/wp-json\/wp\/v2\/pages\/11084\/revisions"}],"predecessor-version":[{"id":11091,"href":"https:\/\/amplitudmodulada.com.ar\/index.php\/wp-json\/wp\/v2\/pages\/11084\/revisions\/11091"}],"wp:attachment":[{"href":"https:\/\/amplitudmodulada.com.ar\/index.php\/wp-json\/wp\/v2\/media?parent=11084"}],"curies":[{"name":"wp","href":"https:\/\/api.w.org\/{rel}","templated":true}]}}