{"id":11094,"date":"2026-03-01T17:04:18","date_gmt":"2026-03-01T20:04:18","guid":{"rendered":"https:\/\/amplitudmodulada.com.ar\/?page_id=11094"},"modified":"2026-03-01T17:18:11","modified_gmt":"2026-03-01T20:18:11","slug":"noticia14190","status":"publish","type":"page","link":"https:\/\/amplitudmodulada.com.ar\/index.php\/noticia14190\/","title":{"rendered":"Mariana Contartessi estar\u00e1 los domingos en Radio La Red"},"content":{"rendered":"\n<figure class=\"wp-block-image size-full\"><img loading=\"lazy\" decoding=\"async\" width=\"174\" height=\"70\" src=\"http:\/\/amplitudmodulada.com.ar\/wp-content\/uploads\/2024\/07\/910-e1721926290452.png\" alt=\"\" class=\"wp-image-2752\"\/><\/figure>\n\n\n\n<p>La periodista Mariana Contartessi estar\u00e1 los domingos en LR5 Radio La Red. Conducir\u00e1 desde este fin de semana el programa &#8220;Empezando el D\u00eda&#8221;, que se emitir\u00e1 de 8.00 a 10.00 horas.<\/p>\n\n\n\n<p>Mariana Contartessi estar\u00e1 acompa\u00f1ada por Carlos Burge\u00f1o con el an\u00e1lisis econ\u00f3mico, Clara Mari\u00f1o con la actualidad pol\u00edtica y social y Mariano Puppo con los temas deportivos.<\/p>\n\n\n\n<p>Alejandra Arce ser\u00e1 la locutora del programa.<\/p>\n\n\n\n<p>De esta manera, la grilla de programaci\u00f3n de Radio La Red de los domingos ser\u00e1 la siguiente:<\/p>\n\n\n\n<p>\u00b7 De 6.00 a 8.00 horas: &#8220;Pymes por Radio La Red&#8221;.<\/p>\n\n\n\n<p>\u00b7 De 8.00 a 10.00 horas: &#8220;Empezando el D\u00eda&#8221;, con Mariana Contartessi.<\/p>\n\n\n\n<p>\u00b7 De 10.00 a 13.00 horas: &#8220;Domingo 910&#8221;, con Fernando Mancini.<\/p>\n\n\n\n<p>\u00b7 De 13.00 a 16.00 horas: &#8220;Un Buen Domingo&#8221;, con Fernando Mancini.<\/p>\n\n\n\n<p>\u00b7 De 16.00 a 24.00 horas: &#8220;F\u00fatbol de Primera&#8221;.<\/p>\n\n\n\n<p>18.02.26<\/p>\n","protected":false},"excerpt":{"rendered":"<p>La periodista Mariana Contartessi estar\u00e1 los domingos en LR5 Radio La Red. Conducir\u00e1 desde este fin de semana el programa &#8220;Empezando el D\u00eda&#8221;, que se emitir\u00e1 de 8.00 a 10.00 horas. Mariana Contartessi estar\u00e1 acompa\u00f1ada por Carlos Burge\u00f1o con el an\u00e1lisis econ\u00f3mico, Clara Mari\u00f1o con la actualidad pol\u00edtica y social y Mariano Puppo con los &hellip; <a href=\"https:\/\/amplitudmodulada.com.ar\/index.php\/noticia14190\/\" class=\"more-link\">Continu\u00e1 leyendo <span class=\"screen-reader-text\">Mariana Contartessi estar\u00e1 los domingos en Radio La Red<\/span><\/a><\/p>\n","protected":false},"author":1,"featured_media":0,"parent":0,"menu_order":0,"comment_status":"closed","ping_status":"closed","template":"","meta":{"footnotes":""},"class_list":["post-11094","page","type-page","status-publish","hentry"],"_links":{"self":[{"href":"https:\/\/amplitudmodulada.com.ar\/index.php\/wp-json\/wp\/v2\/pages\/11094","targetHints":{"allow":["GET"]}}],"collection":[{"href":"https:\/\/amplitudmodulada.com.ar\/index.php\/wp-json\/wp\/v2\/pages"}],"about":[{"href":"https:\/\/amplitudmodulada.com.ar\/index.php\/wp-json\/wp\/v2\/types\/page"}],"author":[{"embeddable":true,"href":"https:\/\/amplitudmodulada.com.ar\/index.php\/wp-json\/wp\/v2\/users\/1"}],"replies":[{"embeddable":true,"href":"https:\/\/amplitudmodulada.com.ar\/index.php\/wp-json\/wp\/v2\/comments?post=11094"}],"version-history":[{"count":2,"href":"https:\/\/amplitudmodulada.com.ar\/index.php\/wp-json\/wp\/v2\/pages\/11094\/revisions"}],"predecessor-version":[{"id":11097,"href":"https:\/\/amplitudmodulada.com.ar\/index.php\/wp-json\/wp\/v2\/pages\/11094\/revisions\/11097"}],"wp:attachment":[{"href":"https:\/\/amplitudmodulada.com.ar\/index.php\/wp-json\/wp\/v2\/media?parent=11094"}],"curies":[{"name":"wp","href":"https:\/\/api.w.org\/{rel}","templated":true}]}}