{"id":11118,"date":"2026-03-04T08:07:16","date_gmt":"2026-03-04T11:07:16","guid":{"rendered":"https:\/\/amplitudmodulada.com.ar\/?page_id=11118"},"modified":"2026-03-04T08:27:03","modified_gmt":"2026-03-04T11:27:03","slug":"noticia14193","status":"publish","type":"page","link":"https:\/\/amplitudmodulada.com.ar\/index.php\/noticia14193\/","title":{"rendered":"Ponen a la venta el edificio en donde funcion\u00f3 LT24 Radio San Nicol\u00e1s"},"content":{"rendered":"\n<figure class=\"wp-block-image size-full\"><img loading=\"lazy\" decoding=\"async\" width=\"122\" height=\"90\" src=\"http:\/\/amplitudmodulada.com.ar\/wp-content\/uploads\/2024\/07\/LT24-e1720304708460.png\" alt=\"\" class=\"wp-image-2450\"\/><\/figure>\n\n\n\n<p>Seg\u00fan destaca este viernes 20 de febrero el diario El Norte de San Nicol\u00e1s, el edificio en donde funcion\u00f3 durante a\u00f1os LT24 Radio San Nicol\u00e1s fue puesto recientemente a la venta.<\/p>\n\n\n\n<p>El Norte de San Nicol\u00e1s se\u00f1ala que, sin embargo, los acreedores de la Voz de San Nicol\u00e1s S.A. no cobrar\u00e1n nada ante una eventual operaci\u00f3n inmobiliaria, porque el inmueble est\u00e1 a nombre de personas f\u00edsicas ajenas a la sociedad que operaba Radio San Nicol\u00e1s y cuya quiebra fue declarada en septiembre de 2023.<\/p>\n\n\n\n<p>De esta manera, ex empleados, proveedores y organismos p\u00fablicas seguir\u00e1n sin cobrar indemnizaciones y deudas.<\/p>\n\n\n\n<p>El 7 de mayo de 2024, fue clausurado el edificio que sirvi\u00f3 de sede de Radio San Nicol\u00e1s, por orden del Juzgado Civil y Comercial N\u00b0 1.<\/p>\n\n\n\n<p>La Voz de San Nicol\u00e1s S.A. hab\u00eda sido declarada en quiebra, mediante sentencia definitiva, el 14 de septiembre de 2023.<\/p>\n\n\n\n<p>El inmueble, que se emplaza sobre un terreno de 1.250 metros cuadrados, habr\u00eda sido tasado meses atr\u00e1s en seiscientos mil d\u00f3lares.<\/p>\n\n\n\n<p>Radio San Nicol\u00e1s inici\u00f3 sus transmisiones el 16 de febrero de 1963, para unos seis mil hogares del macrocentro de la ciudad, en los cuales se instalaron receptores especiales.<\/p>\n\n\n\n<p>En julio de 2013, el 66,66% del paquete accionario fue adquirido por un grupo inversor local. lo que signific\u00f3 el alejamiento de los fundadores, Aldo Antonio Ramini y Manuel Eduardo Marchiano.<\/p>\n\n\n\n<p>La venta del emblem\u00e1tico inmueble marcar\u00e1, entonces, el final definitivo del hist\u00f3rico medio.<\/p>\n\n\n\n<p>Fuente: <a href=\"http:\/\/www.diarioelnorte.com.ar\" data-type=\"link\" data-id=\"www.diarioelnorte.com.ar\" target=\"_blank\" rel=\"noreferrer noopener\">www.diarioelnorte.com.ar<\/a> | San Nicol\u00e1s &#8211; Buenos Aires | 20.02.26<\/p>\n\n\n\n<p><\/p>\n","protected":false},"excerpt":{"rendered":"<p>Seg\u00fan destaca este viernes 20 de febrero el diario El Norte de San Nicol\u00e1s, el edificio en donde funcion\u00f3 durante a\u00f1os LT24 Radio San Nicol\u00e1s fue puesto recientemente a la venta. El Norte de San Nicol\u00e1s se\u00f1ala que, sin embargo, los acreedores de la Voz de San Nicol\u00e1s S.A. no cobrar\u00e1n nada ante una eventual &hellip; <a href=\"https:\/\/amplitudmodulada.com.ar\/index.php\/noticia14193\/\" class=\"more-link\">Continu\u00e1 leyendo <span class=\"screen-reader-text\">Ponen a la venta el edificio en donde funcion\u00f3 LT24 Radio San Nicol\u00e1s<\/span><\/a><\/p>\n","protected":false},"author":1,"featured_media":0,"parent":0,"menu_order":0,"comment_status":"closed","ping_status":"closed","template":"","meta":{"footnotes":""},"class_list":["post-11118","page","type-page","status-publish","hentry"],"_links":{"self":[{"href":"https:\/\/amplitudmodulada.com.ar\/index.php\/wp-json\/wp\/v2\/pages\/11118","targetHints":{"allow":["GET"]}}],"collection":[{"href":"https:\/\/amplitudmodulada.com.ar\/index.php\/wp-json\/wp\/v2\/pages"}],"about":[{"href":"https:\/\/amplitudmodulada.com.ar\/index.php\/wp-json\/wp\/v2\/types\/page"}],"author":[{"embeddable":true,"href":"https:\/\/amplitudmodulada.com.ar\/index.php\/wp-json\/wp\/v2\/users\/1"}],"replies":[{"embeddable":true,"href":"https:\/\/amplitudmodulada.com.ar\/index.php\/wp-json\/wp\/v2\/comments?post=11118"}],"version-history":[{"count":3,"href":"https:\/\/amplitudmodulada.com.ar\/index.php\/wp-json\/wp\/v2\/pages\/11118\/revisions"}],"predecessor-version":[{"id":11123,"href":"https:\/\/amplitudmodulada.com.ar\/index.php\/wp-json\/wp\/v2\/pages\/11118\/revisions\/11123"}],"wp:attachment":[{"href":"https:\/\/amplitudmodulada.com.ar\/index.php\/wp-json\/wp\/v2\/media?parent=11118"}],"curies":[{"name":"wp","href":"https:\/\/api.w.org\/{rel}","templated":true}]}}