{"id":11144,"date":"2026-03-07T14:27:41","date_gmt":"2026-03-07T17:27:41","guid":{"rendered":"https:\/\/amplitudmodulada.com.ar\/?page_id=11144"},"modified":"2026-03-07T17:06:20","modified_gmt":"2026-03-07T20:06:20","slug":"noticia14196","status":"publish","type":"page","link":"https:\/\/amplitudmodulada.com.ar\/index.php\/noticia14196\/","title":{"rendered":"Mirtha Legrand se defini\u00f3 &#8220;fan\u00e1tica&#8221; de Radio Mitre"},"content":{"rendered":"\n<figure class=\"wp-block-image size-large is-resized\"><img loading=\"lazy\" decoding=\"async\" width=\"1024\" height=\"532\" src=\"http:\/\/amplitudmodulada.com.ar\/wp-content\/uploads\/2024\/01\/790-1024x532.png\" alt=\"\" class=\"wp-image-268\" style=\"width:145px;height:auto\"\/><\/figure>\n\n\n\n<p>Entrevistada por LR6 Radio Mitre en el marco de su 99\u00ba cumplea\u00f1os, la conductora de televisi\u00f3n Mirtha Legrand se defini\u00f3 este lunes 23 de febrero &#8220;fan\u00e1tica&#8221; de esa emisora.<\/p>\n\n\n\n<p>En di\u00e1logo con el periodista Gerardo Tato Young, asegur\u00f3 escuchar &#8220;toda la programaci\u00f3n&#8221; de Radio Mitre.<\/p>\n\n\n\n<p>&#8220;Ni me he dado cuenta que he llegado a esa edad. Es impresionante&#8221;, dijo Mirtha Legrand al ser felicitada por su nuevo cumplea\u00f1os.<\/p>\n\n\n\n<p>En ese sentido, la conductora televisiva consider\u00f3 que &#8220;no hay que dejarse estar sentada en un sill\u00f3n mirando la televisi\u00f3n, hay que estar activo, hay que trabajar en lo que sea&#8221;.<\/p>\n\n\n\n<p>&#8220;Aqu\u00ed estoy muy emocionada con lo que est\u00e1 pasando. Primero que nunca imagin\u00e9 llegar a los noventa y nueve. Vos sab\u00e9s que fui cumpliendo sin darme cuenta&#8221;, a\u00f1adi\u00f3.<\/p>\n\n\n\n<p>Fuente: <a href=\"http:\/\/www.radiomitre.com.ar\" data-type=\"link\" data-id=\"www.radiomitre.com.ar\" target=\"_blank\" rel=\"noreferrer noopener\">www.radiomitre.com.ar<\/a> | Ciudad Aut\u00f3noma de Buenos Aires | 23.02.26<\/p>\n\n\n\n<p><\/p>\n","protected":false},"excerpt":{"rendered":"<p>Entrevistada por LR6 Radio Mitre en el marco de su 99\u00ba cumplea\u00f1os, la conductora de televisi\u00f3n Mirtha Legrand se defini\u00f3 este lunes 23 de febrero &#8220;fan\u00e1tica&#8221; de esa emisora. En di\u00e1logo con el periodista Gerardo Tato Young, asegur\u00f3 escuchar &#8220;toda la programaci\u00f3n&#8221; de Radio Mitre. &#8220;Ni me he dado cuenta que he llegado a esa &hellip; <a href=\"https:\/\/amplitudmodulada.com.ar\/index.php\/noticia14196\/\" class=\"more-link\">Continu\u00e1 leyendo <span class=\"screen-reader-text\">Mirtha Legrand se defini\u00f3 &#8220;fan\u00e1tica&#8221; de Radio Mitre<\/span><\/a><\/p>\n","protected":false},"author":1,"featured_media":0,"parent":0,"menu_order":0,"comment_status":"closed","ping_status":"closed","template":"","meta":{"footnotes":""},"class_list":["post-11144","page","type-page","status-publish","hentry"],"_links":{"self":[{"href":"https:\/\/amplitudmodulada.com.ar\/index.php\/wp-json\/wp\/v2\/pages\/11144","targetHints":{"allow":["GET"]}}],"collection":[{"href":"https:\/\/amplitudmodulada.com.ar\/index.php\/wp-json\/wp\/v2\/pages"}],"about":[{"href":"https:\/\/amplitudmodulada.com.ar\/index.php\/wp-json\/wp\/v2\/types\/page"}],"author":[{"embeddable":true,"href":"https:\/\/amplitudmodulada.com.ar\/index.php\/wp-json\/wp\/v2\/users\/1"}],"replies":[{"embeddable":true,"href":"https:\/\/amplitudmodulada.com.ar\/index.php\/wp-json\/wp\/v2\/comments?post=11144"}],"version-history":[{"count":3,"href":"https:\/\/amplitudmodulada.com.ar\/index.php\/wp-json\/wp\/v2\/pages\/11144\/revisions"}],"predecessor-version":[{"id":11149,"href":"https:\/\/amplitudmodulada.com.ar\/index.php\/wp-json\/wp\/v2\/pages\/11144\/revisions\/11149"}],"wp:attachment":[{"href":"https:\/\/amplitudmodulada.com.ar\/index.php\/wp-json\/wp\/v2\/media?parent=11144"}],"curies":[{"name":"wp","href":"https:\/\/api.w.org\/{rel}","templated":true}]}}