{"id":11153,"date":"2026-03-08T13:00:07","date_gmt":"2026-03-08T16:00:07","guid":{"rendered":"https:\/\/amplitudmodulada.com.ar\/?page_id=11153"},"modified":"2026-03-08T13:12:55","modified_gmt":"2026-03-08T16:12:55","slug":"noticia14197","status":"publish","type":"page","link":"https:\/\/amplitudmodulada.com.ar\/index.php\/noticia14197\/","title":{"rendered":"Ponen en marcha el plan de retiros voluntarios en los medios p\u00fablicos"},"content":{"rendered":"\n<figure class=\"wp-block-image size-full\"><img loading=\"lazy\" decoding=\"async\" width=\"180\" height=\"72\" src=\"http:\/\/amplitudmodulada.com.ar\/wp-content\/uploads\/2024\/08\/rta-e1724708132626.png\" alt=\"\" class=\"wp-image-3275\"\/><\/figure>\n\n\n\n<p>Con el fin de reducir la planta de empleados estatales, el gobierno nacional puso en marcha un nuevo plan de retiros voluntarios en los medios p\u00fablicos.<\/p>\n\n\n\n<p>La medida alcanza a Radio y Televisi\u00f3n Argentina (RTA) y Contenidos P\u00fablicos, que en total tienen una dotaci\u00f3n de m\u00e1s de dos mil doscientos empleados.<\/p>\n\n\n\n<p>El proceso se extender\u00e1 hasta fines de marzo pr\u00f3ximo.<\/p>\n\n\n\n<p>Los medios p\u00fablicos se encuentran intervenidos desde comienzos de la administraci\u00f3n de Javier Milei y desde mediados del a\u00f1o pasado cuentan con nuevas autoridades, con el ex vocero de la Sociedad Rural Carlos Curci al frente de los mismos.<\/p>\n\n\n\n<p>Tanto desde el inicio de la gesti\u00f3n de La Libertad Avanza, como desde que se produjo ese cambio en el \u00e1rea, se insisti\u00f3 en la idea en que el plan es reducir &#8220;a casi la mitad&#8221; la planta de empleados en los medios p\u00fablicos.<\/p>\n\n\n\n<p>Con este plan de retiros voluntarios, el objetivo es que entre quinientas y seiscientas personas abandonen sus puestos de trabajo en marzo.<\/p>\n\n\n\n<p>El retiro voluntario que se abri\u00f3 alcanza a Radio y Televisi\u00f3n Argentina, que incluye a la Televisi\u00f3n P\u00fablica, Radio Nacional y Canal 12 de Trenque Lauquen, y la unidad de Contenidos P\u00fablicos, que abarca las se\u00f1ales Paka Paka, DeporTV y Cont.ar.<\/p>\n\n\n\n<p>Quienes acepten el retiro voluntario &#8220;no podr\u00e1n trabajar en el Estado por cinco a\u00f1os&#8221; y aquellos que tengan mayor antig\u00fcedad podr\u00e1n cobrar en hasta tres cuotas el monto ofrecido.<\/p>\n\n\n\n<p>Fuente: <a href=\"http:\/\/www.lanacion.com.ar\" data-type=\"link\" data-id=\"www.lanacion.com.ar\" target=\"_blank\" rel=\"noreferrer noopener\">www.lanacion.com.ar<\/a> | Ciudad Aut\u00f3noma de Buenos Aires | 23.02.26<\/p>\n\n\n\n<p><\/p>\n","protected":false},"excerpt":{"rendered":"<p>Con el fin de reducir la planta de empleados estatales, el gobierno nacional puso en marcha un nuevo plan de retiros voluntarios en los medios p\u00fablicos. La medida alcanza a Radio y Televisi\u00f3n Argentina (RTA) y Contenidos P\u00fablicos, que en total tienen una dotaci\u00f3n de m\u00e1s de dos mil doscientos empleados. El proceso se extender\u00e1 &hellip; <a href=\"https:\/\/amplitudmodulada.com.ar\/index.php\/noticia14197\/\" class=\"more-link\">Continu\u00e1 leyendo <span class=\"screen-reader-text\">Ponen en marcha el plan de retiros voluntarios en los medios p\u00fablicos<\/span><\/a><\/p>\n","protected":false},"author":1,"featured_media":0,"parent":0,"menu_order":0,"comment_status":"closed","ping_status":"closed","template":"","meta":{"footnotes":""},"class_list":["post-11153","page","type-page","status-publish","hentry"],"_links":{"self":[{"href":"https:\/\/amplitudmodulada.com.ar\/index.php\/wp-json\/wp\/v2\/pages\/11153","targetHints":{"allow":["GET"]}}],"collection":[{"href":"https:\/\/amplitudmodulada.com.ar\/index.php\/wp-json\/wp\/v2\/pages"}],"about":[{"href":"https:\/\/amplitudmodulada.com.ar\/index.php\/wp-json\/wp\/v2\/types\/page"}],"author":[{"embeddable":true,"href":"https:\/\/amplitudmodulada.com.ar\/index.php\/wp-json\/wp\/v2\/users\/1"}],"replies":[{"embeddable":true,"href":"https:\/\/amplitudmodulada.com.ar\/index.php\/wp-json\/wp\/v2\/comments?post=11153"}],"version-history":[{"count":3,"href":"https:\/\/amplitudmodulada.com.ar\/index.php\/wp-json\/wp\/v2\/pages\/11153\/revisions"}],"predecessor-version":[{"id":11158,"href":"https:\/\/amplitudmodulada.com.ar\/index.php\/wp-json\/wp\/v2\/pages\/11153\/revisions\/11158"}],"wp:attachment":[{"href":"https:\/\/amplitudmodulada.com.ar\/index.php\/wp-json\/wp\/v2\/media?parent=11153"}],"curies":[{"name":"wp","href":"https:\/\/api.w.org\/{rel}","templated":true}]}}