{"id":1116,"date":"2024-03-03T14:26:22","date_gmt":"2024-03-03T17:26:22","guid":{"rendered":"https:\/\/amplitudmodulada.com.ar\/?page_id=1116"},"modified":"2024-03-03T14:27:26","modified_gmt":"2024-03-03T17:27:26","slug":"noticia12909","status":"publish","type":"page","link":"https:\/\/amplitudmodulada.com.ar\/index.php\/noticia12909\/","title":{"rendered":"Cadena 3 fue la \u00fanica radio argentina que transmiti\u00f3 el partido que jugaron Inter de Miami y Newell&#8217;s"},"content":{"rendered":"\n<figure class=\"wp-block-image size-full is-resized\"><img loading=\"lazy\" decoding=\"async\" width=\"169\" height=\"55\" src=\"http:\/\/amplitudmodulada.com.ar\/wp-content\/uploads\/2024\/02\/cadena3-e1709142729643.png\" alt=\"\" class=\"wp-image-1072\" style=\"width:169px;height:auto\"\/><\/figure>\n\n\n\n<p>Cadena 3 fue la \u00fanica radio argentina que transmiti\u00f3 este jueves a la noche el partido amistoso que disputaron el Inter de Miami de Lionel Messi y Newell&#8217;s.<\/p>\n\n\n\n<p>El partido se jug\u00f3 en el DVR PNK Stadium, en la ciudad de Fort Feudale, en Florida.<\/p>\n\n\n\n<p>Hasta ese lugar se trasladaron los periodistas de Cadena 3 Emmanuel Greco, Claudio Giglioni y Jos\u00e9 Marengo para la transmisi\u00f3n del hist\u00f3rico partido.<\/p>\n\n\n\n<p>Cadena 3 fue la \u00fanica emisora argentina autorizada por la Major League Soccer para transmitir este partido.<\/p>\n\n\n\n<p>Fuente: <a href=\"http:\/\/www.cadena3.com\" data-type=\"link\" data-id=\"www.cadena3.com\" target=\"_blank\" rel=\"noreferrer noopener\">www.cadena3.com<\/a> | C\u00f3rdoba &#8211; C\u00f3rdoba | 16.02.24<\/p>\n","protected":false},"excerpt":{"rendered":"<p>Cadena 3 fue la \u00fanica radio argentina que transmiti\u00f3 este jueves a la noche el partido amistoso que disputaron el Inter de Miami de Lionel Messi y Newell&#8217;s. El partido se jug\u00f3 en el DVR PNK Stadium, en la ciudad de Fort Feudale, en Florida. Hasta ese lugar se trasladaron los periodistas de Cadena 3 &hellip; <a href=\"https:\/\/amplitudmodulada.com.ar\/index.php\/noticia12909\/\" class=\"more-link\">Continu\u00e1 leyendo <span class=\"screen-reader-text\">Cadena 3 fue la \u00fanica radio argentina que transmiti\u00f3 el partido que jugaron Inter de Miami y Newell&#8217;s<\/span><\/a><\/p>\n","protected":false},"author":1,"featured_media":0,"parent":0,"menu_order":0,"comment_status":"closed","ping_status":"closed","template":"","meta":{"footnotes":""},"class_list":["post-1116","page","type-page","status-publish","hentry"],"_links":{"self":[{"href":"https:\/\/amplitudmodulada.com.ar\/index.php\/wp-json\/wp\/v2\/pages\/1116","targetHints":{"allow":["GET"]}}],"collection":[{"href":"https:\/\/amplitudmodulada.com.ar\/index.php\/wp-json\/wp\/v2\/pages"}],"about":[{"href":"https:\/\/amplitudmodulada.com.ar\/index.php\/wp-json\/wp\/v2\/types\/page"}],"author":[{"embeddable":true,"href":"https:\/\/amplitudmodulada.com.ar\/index.php\/wp-json\/wp\/v2\/users\/1"}],"replies":[{"embeddable":true,"href":"https:\/\/amplitudmodulada.com.ar\/index.php\/wp-json\/wp\/v2\/comments?post=1116"}],"version-history":[{"count":3,"href":"https:\/\/amplitudmodulada.com.ar\/index.php\/wp-json\/wp\/v2\/pages\/1116\/revisions"}],"predecessor-version":[{"id":1119,"href":"https:\/\/amplitudmodulada.com.ar\/index.php\/wp-json\/wp\/v2\/pages\/1116\/revisions\/1119"}],"wp:attachment":[{"href":"https:\/\/amplitudmodulada.com.ar\/index.php\/wp-json\/wp\/v2\/media?parent=1116"}],"curies":[{"name":"wp","href":"https:\/\/api.w.org\/{rel}","templated":true}]}}