{"id":11161,"date":"2026-03-08T13:46:52","date_gmt":"2026-03-08T16:46:52","guid":{"rendered":"https:\/\/amplitudmodulada.com.ar\/?page_id=11161"},"modified":"2026-03-08T13:57:27","modified_gmt":"2026-03-08T16:57:27","slug":"noticia14198","status":"publish","type":"page","link":"https:\/\/amplitudmodulada.com.ar\/index.php\/noticia14198\/","title":{"rendered":"El programa &#8220;La Garc\u00eda&#8221; se emitir\u00e1 por AM 530 Somos Radio"},"content":{"rendered":"\n<figure class=\"wp-block-image size-full\"><img loading=\"lazy\" decoding=\"async\" width=\"122\" height=\"100\" src=\"http:\/\/amplitudmodulada.com.ar\/wp-content\/uploads\/2026\/03\/531-e1772988524123.png\" alt=\"\" class=\"wp-image-11163\"\/><\/figure>\n\n\n\n<p>A trav\u00e9s de las redes sociales, AM 530 Somos Radio anunci\u00f3 este martes 24 de febrero la llegada de la periodista Cynthia Garc\u00eda a esa emisora para conducir el programa &#8220;La Garc\u00eda&#8221;.<\/p>\n\n\n\n<p>La llegada de Cynthia Garc\u00eda a la emisora que opera la Asociaci\u00f3n Madres de Plaza de Mayo est\u00e1 prevista para el lunes 2 de marzo.<\/p>\n\n\n\n<p>&#8220;La Garc\u00eda&#8221; se emitir\u00e1 de lunes a viernes de 12.00 a 14.00 horas y su llegada se enmarcar en una reorganizaci\u00f3n de la grilla de programaci\u00f3n de Somos Radio.<\/p>\n\n\n\n<p>Cynthia Garc\u00eda condujo &#8220;La Garc\u00eda&#8221; hasta el a\u00f1o pasado en LRL203 AM 750.<\/p>\n\n\n\n<p>En tanto, Somos Radio comenz\u00f3 a emitir el 24 de noviembre de 2005 como AM 530 La Voz de las Madres.<\/p>\n\n\n\n<p>24.02.26 <\/p>\n","protected":false},"excerpt":{"rendered":"<p>A trav\u00e9s de las redes sociales, AM 530 Somos Radio anunci\u00f3 este martes 24 de febrero la llegada de la periodista Cynthia Garc\u00eda a esa emisora para conducir el programa &#8220;La Garc\u00eda&#8221;. La llegada de Cynthia Garc\u00eda a la emisora que opera la Asociaci\u00f3n Madres de Plaza de Mayo est\u00e1 prevista para el lunes 2 &hellip; <a href=\"https:\/\/amplitudmodulada.com.ar\/index.php\/noticia14198\/\" class=\"more-link\">Continu\u00e1 leyendo <span class=\"screen-reader-text\">El programa &#8220;La Garc\u00eda&#8221; se emitir\u00e1 por AM 530 Somos Radio<\/span><\/a><\/p>\n","protected":false},"author":1,"featured_media":0,"parent":0,"menu_order":0,"comment_status":"closed","ping_status":"closed","template":"","meta":{"footnotes":""},"class_list":["post-11161","page","type-page","status-publish","hentry"],"_links":{"self":[{"href":"https:\/\/amplitudmodulada.com.ar\/index.php\/wp-json\/wp\/v2\/pages\/11161","targetHints":{"allow":["GET"]}}],"collection":[{"href":"https:\/\/amplitudmodulada.com.ar\/index.php\/wp-json\/wp\/v2\/pages"}],"about":[{"href":"https:\/\/amplitudmodulada.com.ar\/index.php\/wp-json\/wp\/v2\/types\/page"}],"author":[{"embeddable":true,"href":"https:\/\/amplitudmodulada.com.ar\/index.php\/wp-json\/wp\/v2\/users\/1"}],"replies":[{"embeddable":true,"href":"https:\/\/amplitudmodulada.com.ar\/index.php\/wp-json\/wp\/v2\/comments?post=11161"}],"version-history":[{"count":3,"href":"https:\/\/amplitudmodulada.com.ar\/index.php\/wp-json\/wp\/v2\/pages\/11161\/revisions"}],"predecessor-version":[{"id":11166,"href":"https:\/\/amplitudmodulada.com.ar\/index.php\/wp-json\/wp\/v2\/pages\/11161\/revisions\/11166"}],"wp:attachment":[{"href":"https:\/\/amplitudmodulada.com.ar\/index.php\/wp-json\/wp\/v2\/media?parent=11161"}],"curies":[{"name":"wp","href":"https:\/\/api.w.org\/{rel}","templated":true}]}}